{"id":114920,"date":"2025-05-18T21:12:33","date_gmt":"2025-05-18T21:12:33","guid":{"rendered":"https:\/\/staging2.stylingagenten.com\/fi\/produkt\/color-wow-color-security-conditioner-fine-to-normal-hair-250ml\/"},"modified":"2026-04-15T06:49:26","modified_gmt":"2026-04-15T06:49:26","slug":"color-wow-color-security-conditioner-fine-to-normal-hair-250ml","status":"publish","type":"product","link":"https:\/\/stylingagenten.com\/fi\/tuote\/color-wow-color-security-conditioner-fine-to-normal-hair-250ml\/","title":{"rendered":"Color Wow Color Security Conditioner Fine To Normal Hair 250ml"},"content":{"rendered":"<p>Toisin kuin tavalliset hoitoaineet, kuten; Color Security Conditioners on ainutlaatuisesti muotoiltu ilman tyypillisi\u00e4 hoitavia ainesosia, jotka voivat hapettaa p&aring; hiukset, vaihda v\u00e4ri\u00e4 tai v\u00e4rj\u00e4\u00e4 ne violetiksi. &nbsp;Ei sis\u00e4ll\u00e4 parabeeneja.<\/p>\n<p> Hoitoaine pehment\u00e4\u00e4, kosteuttaa ja purkaa v\u00e4rj\u00e4tyt hiukset v\u00e4litt\u00f6m\u00e4sti vain l\u00e4pin\u00e4kyvill\u00e4, v\u00e4ri\u00e4 vahingoittamattomilla aineilla. Tuotettu tv&aring; vaihtoehdot ohuille ja normaaleille hiuksille sek\u00e4 normaaleista paksuihin hiuksiin. T\u00e4ydellinen kumppani Color Wowin Color Security Shampoon!&nbsp;<\/p>\n<p>Hoomoaine sis\u00e4lt\u00e4\u00e4 8 himmentym\u00e4t\u00f6nt\u00e4 elvytt\u00e4v\u00e4\u00e4 ja pehment\u00e4v\u00e4\u00e4 ainesosaa kirkkaamman v\u00e4rin ja joustavan ja silkinpehme\u00e4n koostumuksen saavuttamiseksi. Sis\u00e4lt\u00e4\u00e4 maalia suojaavaa Sealicon &trade; -kompleksi, joka &nbsp;antaa suojaavan, kiilt\u00e4v\u00e4n lopputuloksen, joka antaa hiuksille silkinpehme\u00e4n rakenteen.<\/p>\n<p>K\u00e4ytt\u00f6: Levit\u00e4 valkoisiin hiuksiin ja hiero, anna vaikuttaa muutaman minuutin ajan. Huuhtele huolellisesti ja muotoile tavalliseen tapaan.<\/p>\n","protected":false},"excerpt":{"rendered":"<p>Toisin kuin tavalliset hoitoaineet, kuten; Color Security Conditioners on ainutlaatuisesti muotoiltu ilman tyypillisi\u00e4 hoitavia ainesosia, jotka voivat hapettaa p&aring; hiukset, vaihda v\u00e4ri\u00e4 tai v\u00e4rj\u00e4\u00e4 ne violetiksi. &nbsp;Ei sis\u00e4ll\u00e4 parabeeneja. Hoitoaine pehment\u00e4\u00e4, kosteuttaa ja purkaa v\u00e4rj\u00e4tyt hiukset v\u00e4litt\u00f6m\u00e4sti vain l\u00e4pin\u00e4kyvill\u00e4, v\u00e4ri\u00e4 vahingoittamattomilla aineilla. Tuotettu tv&aring; vaihtoehdot ohuille ja normaaleille hiuksille sek\u00e4 normaaleista paksuihin hiuksiin. T\u00e4ydellinen kumppani [&hellip;]<\/p>\n","protected":false},"featured_media":114918,"comment_status":"open","ping_status":"closed","template":"","meta":{"_trash_the_other_posts":false},"product_brand":[],"product_cat":[587],"product_tag":[],"berocket_brand":[1129],"class_list":{"0":"post-114920","1":"product","2":"type-product","3":"status-publish","4":"has-post-thumbnail","6":"product_cat-hoitoaine","7":"pa_brand-color-wow","8":"berocket_brand-color-wow","10":"first","11":"instock","12":"sale","13":"taxable","14":"shipping-taxable","15":"purchasable","16":"product-type-simple"},"_links":{"self":[{"href":"https:\/\/stylingagenten.com\/fi\/wp-json\/wp\/v2\/product\/114920","targetHints":{"allow":["GET"]}}],"collection":[{"href":"https:\/\/stylingagenten.com\/fi\/wp-json\/wp\/v2\/product"}],"about":[{"href":"https:\/\/stylingagenten.com\/fi\/wp-json\/wp\/v2\/types\/product"}],"replies":[{"embeddable":true,"href":"https:\/\/stylingagenten.com\/fi\/wp-json\/wp\/v2\/comments?post=114920"}],"version-history":[{"count":0,"href":"https:\/\/stylingagenten.com\/fi\/wp-json\/wp\/v2\/product\/114920\/revisions"}],"wp:featuredmedia":[{"embeddable":true,"href":"https:\/\/stylingagenten.com\/fi\/wp-json\/wp\/v2\/media\/114918"}],"wp:attachment":[{"href":"https:\/\/stylingagenten.com\/fi\/wp-json\/wp\/v2\/media?parent=114920"}],"wp:term":[{"taxonomy":"product_brand","embeddable":true,"href":"https:\/\/stylingagenten.com\/fi\/wp-json\/wp\/v2\/product_brand?post=114920"},{"taxonomy":"product_cat","embeddable":true,"href":"https:\/\/stylingagenten.com\/fi\/wp-json\/wp\/v2\/product_cat?post=114920"},{"taxonomy":"product_tag","embeddable":true,"href":"https:\/\/stylingagenten.com\/fi\/wp-json\/wp\/v2\/product_tag?post=114920"},{"taxonomy":"berocket_brand","embeddable":true,"href":"https:\/\/stylingagenten.com\/fi\/wp-json\/wp\/v2\/berocket_brand?post=114920"}],"curies":[{"name":"wp","href":"https:\/\/api.w.org\/{rel}","templated":true}]}}