{"id":114912,"date":"2025-05-18T21:12:31","date_gmt":"2025-05-18T21:12:31","guid":{"rendered":"https:\/\/staging2.stylingagenten.com\/fi\/produkt\/beard-monkey-hair-conditioner-lemongrass-rain-250ml\/"},"modified":"2026-04-10T07:32:25","modified_gmt":"2026-04-10T07:32:25","slug":"beard-monkey-hair-conditioner-lemongrass-rain-250ml","status":"publish","type":"product","link":"https:\/\/stylingagenten.com\/fi\/tuote\/beard-monkey-hair-conditioner-lemongrass-rain-250ml\/","title":{"rendered":"Beard Monkey Hair Conditioner Lemongrass Rain 250ml"},"content":{"rendered":"<p>Beard Monkey Hair Conditioner Lemongrass Rain on hoitoaine, joka ei sis\u00e4ll\u00e4 sulfaatteja ja parabeeneja. Balsami on tutkiva, antistaattinen ja rikastettu ihoa pehment\u00e4v\u00e4ll\u00e4 argan\u00f6ljyll\u00e4. syvyytt\u00e4 ja lis\u00e4\u00e4 kiiltoa. T\u00e4m\u00e4n hoitoaineen k\u00e4yt\u00f6n tuloksena on luonnollisesti terveet hiukset, joissa on hienovarainen sitruunaruohosade tuoksu. Hoitoaine sis\u00e4lt\u00e4\u00e4 UV-suojaa ja oliivi\u00f6ljy\u00e4, joka korjaa vaurioituneet hiukset.<\/p>\n<table border=\"0\" cellpadding=\"0\" style=\"width: 100%\" width=\"474\">\n<tbody>\n<tr>\n<td class=\"xl71\" height=\"20\" style=\"padding: 0px;color: windowtext;font-size: 15px;font-weight: 400;font-style : normaali\" width=\"100%\"><\/td>\n<\/tr>\n<\/tbody>\n<\/table>\n","protected":false},"excerpt":{"rendered":"<p>Beard Monkey Hair Conditioner Lemongrass Rain on hoitoaine, joka ei sis\u00e4ll\u00e4 sulfaatteja ja parabeeneja. Balsami on tutkiva, antistaattinen ja rikastettu ihoa pehment\u00e4v\u00e4ll\u00e4 argan\u00f6ljyll\u00e4. syvyytt\u00e4 ja lis\u00e4\u00e4 kiiltoa. T\u00e4m\u00e4n hoitoaineen k\u00e4yt\u00f6n tuloksena on luonnollisesti terveet hiukset, joissa on hienovarainen sitruunaruohosade tuoksu. Hoitoaine sis\u00e4lt\u00e4\u00e4 UV-suojaa ja oliivi\u00f6ljy\u00e4, joka korjaa vaurioituneet hiukset.<\/p>\n","protected":false},"featured_media":114909,"comment_status":"open","ping_status":"closed","template":"","meta":{"_trash_the_other_posts":false},"product_brand":[],"product_cat":[587],"product_tag":[],"berocket_brand":[1077],"class_list":{"0":"post-114912","1":"product","2":"type-product","3":"status-publish","4":"has-post-thumbnail","6":"product_cat-hoitoaine","7":"pa_brand-beard-monkey","8":"berocket_brand-beard-monkey","10":"first","11":"instock","12":"sale","13":"taxable","14":"shipping-taxable","15":"purchasable","16":"product-type-simple"},"_links":{"self":[{"href":"https:\/\/stylingagenten.com\/fi\/wp-json\/wp\/v2\/product\/114912","targetHints":{"allow":["GET"]}}],"collection":[{"href":"https:\/\/stylingagenten.com\/fi\/wp-json\/wp\/v2\/product"}],"about":[{"href":"https:\/\/stylingagenten.com\/fi\/wp-json\/wp\/v2\/types\/product"}],"replies":[{"embeddable":true,"href":"https:\/\/stylingagenten.com\/fi\/wp-json\/wp\/v2\/comments?post=114912"}],"version-history":[{"count":0,"href":"https:\/\/stylingagenten.com\/fi\/wp-json\/wp\/v2\/product\/114912\/revisions"}],"wp:featuredmedia":[{"embeddable":true,"href":"https:\/\/stylingagenten.com\/fi\/wp-json\/wp\/v2\/media\/114909"}],"wp:attachment":[{"href":"https:\/\/stylingagenten.com\/fi\/wp-json\/wp\/v2\/media?parent=114912"}],"wp:term":[{"taxonomy":"product_brand","embeddable":true,"href":"https:\/\/stylingagenten.com\/fi\/wp-json\/wp\/v2\/product_brand?post=114912"},{"taxonomy":"product_cat","embeddable":true,"href":"https:\/\/stylingagenten.com\/fi\/wp-json\/wp\/v2\/product_cat?post=114912"},{"taxonomy":"product_tag","embeddable":true,"href":"https:\/\/stylingagenten.com\/fi\/wp-json\/wp\/v2\/product_tag?post=114912"},{"taxonomy":"berocket_brand","embeddable":true,"href":"https:\/\/stylingagenten.com\/fi\/wp-json\/wp\/v2\/berocket_brand?post=114912"}],"curies":[{"name":"wp","href":"https:\/\/api.w.org\/{rel}","templated":true}]}}