{"id":114907,"date":"2025-05-18T21:12:30","date_gmt":"2025-05-18T21:12:30","guid":{"rendered":"https:\/\/staging2.stylingagenten.com\/fi\/produkt\/paul-mitchell-instant-moisture-daily-conditioner-200ml\/"},"modified":"2026-04-13T14:47:25","modified_gmt":"2026-04-13T14:47:25","slug":"paul-mitchell-instant-moisture-daily-conditioner-200ml","status":"publish","type":"product","link":"https:\/\/stylingagenten.com\/fi\/tuote\/paul-mitchell-instant-moisture-daily-conditioner-200ml\/","title":{"rendered":"Paul Mitchell Instant Moisture Daily Conditioner 200ml"},"content":{"rendered":"<p>Lis\u00e4\u00e4 kosteutta ja antaa lujuutta ja joustavuutta. Suojaa ja korjaa haaroittuneita latvoja, selkeytt\u00e4\u00e4 ja antaa kiiltoa.<br \/>Panthenoli ravitsee ja antaa volyymia.<\/p>\n","protected":false},"excerpt":{"rendered":"<p>Lis\u00e4\u00e4 kosteutta ja antaa lujuutta ja joustavuutta. Suojaa ja korjaa haaroittuneita latvoja, selkeytt\u00e4\u00e4 ja antaa kiiltoa.Panthenoli ravitsee ja antaa volyymia.<\/p>\n","protected":false},"featured_media":114902,"comment_status":"open","ping_status":"closed","template":"","meta":{"_trash_the_other_posts":false},"product_brand":[],"product_cat":[587],"product_tag":[],"berocket_brand":[1053],"class_list":{"0":"post-114907","1":"product","2":"type-product","3":"status-publish","4":"has-post-thumbnail","6":"product_cat-hoitoaine","7":"pa_brand-paul-mitchell","8":"berocket_brand-paul-mitchell","10":"first","11":"instock","12":"sale","13":"taxable","14":"shipping-taxable","15":"purchasable","16":"product-type-simple"},"_links":{"self":[{"href":"https:\/\/stylingagenten.com\/fi\/wp-json\/wp\/v2\/product\/114907","targetHints":{"allow":["GET"]}}],"collection":[{"href":"https:\/\/stylingagenten.com\/fi\/wp-json\/wp\/v2\/product"}],"about":[{"href":"https:\/\/stylingagenten.com\/fi\/wp-json\/wp\/v2\/types\/product"}],"replies":[{"embeddable":true,"href":"https:\/\/stylingagenten.com\/fi\/wp-json\/wp\/v2\/comments?post=114907"}],"version-history":[{"count":0,"href":"https:\/\/stylingagenten.com\/fi\/wp-json\/wp\/v2\/product\/114907\/revisions"}],"wp:featuredmedia":[{"embeddable":true,"href":"https:\/\/stylingagenten.com\/fi\/wp-json\/wp\/v2\/media\/114902"}],"wp:attachment":[{"href":"https:\/\/stylingagenten.com\/fi\/wp-json\/wp\/v2\/media?parent=114907"}],"wp:term":[{"taxonomy":"product_brand","embeddable":true,"href":"https:\/\/stylingagenten.com\/fi\/wp-json\/wp\/v2\/product_brand?post=114907"},{"taxonomy":"product_cat","embeddable":true,"href":"https:\/\/stylingagenten.com\/fi\/wp-json\/wp\/v2\/product_cat?post=114907"},{"taxonomy":"product_tag","embeddable":true,"href":"https:\/\/stylingagenten.com\/fi\/wp-json\/wp\/v2\/product_tag?post=114907"},{"taxonomy":"berocket_brand","embeddable":true,"href":"https:\/\/stylingagenten.com\/fi\/wp-json\/wp\/v2\/berocket_brand?post=114907"}],"curies":[{"name":"wp","href":"https:\/\/api.w.org\/{rel}","templated":true}]}}