{"id":114886,"date":"2025-05-18T21:12:25","date_gmt":"2025-05-18T21:12:25","guid":{"rendered":"https:\/\/staging2.stylingagenten.com\/fi\/produkt\/paul-mitchell-extra-body-conditioner-300ml\/"},"modified":"2026-04-10T09:10:37","modified_gmt":"2026-04-10T09:10:37","slug":"paul-mitchell-extra-body-conditioner-300ml","status":"publish","type":"product","link":"https:\/\/stylingagenten.com\/fi\/tuote\/paul-mitchell-extra-body-conditioner-300ml\/","title":{"rendered":"Paul Mitchell Extra Body Conditioner 300ml"},"content":{"rendered":"<p>Lajittelee ja arvostaa. Korjaa l\u00e4mm\u00f6n aiheuttamia vaurioita. &nbsp;Panthenoli lis\u00e4\u00e4 hiusten volyymia.<\/p>\n","protected":false},"excerpt":{"rendered":"<p>Lajittelee ja arvostaa. Korjaa l\u00e4mm\u00f6n aiheuttamia vaurioita. &nbsp;Panthenoli lis\u00e4\u00e4 hiusten volyymia.<\/p>\n","protected":false},"featured_media":443079,"comment_status":"open","ping_status":"closed","template":"","meta":{"_trash_the_other_posts":false},"product_brand":[],"product_cat":[587],"product_tag":[3772],"berocket_brand":[1053],"class_list":{"0":"post-114886","1":"product","2":"type-product","3":"status-publish","4":"has-post-thumbnail","6":"product_cat-hoitoaine","7":"product_tag-paul-mitchell-extra-body-conditioner","8":"pa_brand-paul-mitchell","9":"pa_variantti-300ml","10":"berocket_brand-paul-mitchell","12":"first","13":"instock","14":"sale","15":"taxable","16":"shipping-taxable","17":"purchasable","18":"product-type-simple"},"_links":{"self":[{"href":"https:\/\/stylingagenten.com\/fi\/wp-json\/wp\/v2\/product\/114886","targetHints":{"allow":["GET"]}}],"collection":[{"href":"https:\/\/stylingagenten.com\/fi\/wp-json\/wp\/v2\/product"}],"about":[{"href":"https:\/\/stylingagenten.com\/fi\/wp-json\/wp\/v2\/types\/product"}],"replies":[{"embeddable":true,"href":"https:\/\/stylingagenten.com\/fi\/wp-json\/wp\/v2\/comments?post=114886"}],"version-history":[{"count":0,"href":"https:\/\/stylingagenten.com\/fi\/wp-json\/wp\/v2\/product\/114886\/revisions"}],"wp:featuredmedia":[{"embeddable":true,"href":"https:\/\/stylingagenten.com\/fi\/wp-json\/wp\/v2\/media\/443079"}],"wp:attachment":[{"href":"https:\/\/stylingagenten.com\/fi\/wp-json\/wp\/v2\/media?parent=114886"}],"wp:term":[{"taxonomy":"product_brand","embeddable":true,"href":"https:\/\/stylingagenten.com\/fi\/wp-json\/wp\/v2\/product_brand?post=114886"},{"taxonomy":"product_cat","embeddable":true,"href":"https:\/\/stylingagenten.com\/fi\/wp-json\/wp\/v2\/product_cat?post=114886"},{"taxonomy":"product_tag","embeddable":true,"href":"https:\/\/stylingagenten.com\/fi\/wp-json\/wp\/v2\/product_tag?post=114886"},{"taxonomy":"berocket_brand","embeddable":true,"href":"https:\/\/stylingagenten.com\/fi\/wp-json\/wp\/v2\/berocket_brand?post=114886"}],"curies":[{"name":"wp","href":"https:\/\/api.w.org\/{rel}","templated":true}]}}