{"id":114825,"date":"2025-05-18T21:12:13","date_gmt":"2025-05-18T21:12:13","guid":{"rendered":"https:\/\/staging2.stylingagenten.com\/fi\/produkt\/paul-mitchell-color-protect-daily-conditioner-500ml\/"},"modified":"2026-03-11T21:57:01","modified_gmt":"2026-03-11T21:57:01","slug":"paul-mitchell-color-protect-daily-conditioner-500ml","status":"publish","type":"product","link":"https:\/\/stylingagenten.com\/fi\/tuote\/paul-mitchell-color-protect-daily-conditioner-500ml\/","title":{"rendered":"Paul Mitchell Color Protect Daily Conditioner 500ml"},"content":{"rendered":"<p>Paul Mitchell Color Care Color Protect Daily Conditioner -hoitoaine auttaa pehment\u00e4m\u00e4\u00e4n v\u00e4rj\u00e4ttyj\u00e4 hiuksia tehden niist\u00e4 paremmin hallittavia. <br \/>Minimoi haalistuvat hiukset ja pid\u00e4 hiukset kosteutettuina. T\u00e4m\u00e4 hoitoaine sis\u00e4lt\u00e4\u00e4 suojan UVA- ja UVB-s\u00e4teit\u00e4 vastaan, jotta v\u00e4rj\u00e4tyt hiukset pysyv\u00e4t tervein\u00e4. niin s\u00e4teilev\u00e4 kuin mahdollista Mahdollisimman pitk\u00e4\u00e4n samalla kun se ravitsee ja kosteuttaa saadakseen kiilt\u00e4v\u00e4n ja kauniin ilmeen!<\/p>\n","protected":false},"excerpt":{"rendered":"<p>Paul Mitchell Color Care Color Protect Daily Conditioner -hoitoaine auttaa pehment\u00e4m\u00e4\u00e4n v\u00e4rj\u00e4ttyj\u00e4 hiuksia tehden niist\u00e4 paremmin hallittavia. Minimoi haalistuvat hiukset ja pid\u00e4 hiukset kosteutettuina. T\u00e4m\u00e4 hoitoaine sis\u00e4lt\u00e4\u00e4 suojan UVA- ja UVB-s\u00e4teit\u00e4 vastaan, jotta v\u00e4rj\u00e4tyt hiukset pysyv\u00e4t tervein\u00e4. niin s\u00e4teilev\u00e4 kuin mahdollista Mahdollisimman pitk\u00e4\u00e4n samalla kun se ravitsee ja kosteuttaa saadakseen kiilt\u00e4v\u00e4n ja kauniin ilmeen!<\/p>\n","protected":false},"featured_media":114820,"comment_status":"open","ping_status":"closed","template":"","meta":{"_trash_the_other_posts":false},"product_brand":[],"product_cat":[587],"product_tag":[3769],"berocket_brand":[1053],"class_list":{"0":"post-114825","1":"product","2":"type-product","3":"status-publish","4":"has-post-thumbnail","6":"product_cat-hoitoaine","7":"product_tag-paul-mitchell-color-protect-daily-conditioner","8":"pa_brand-paul-mitchell","9":"pa_variantti-500ml","10":"berocket_brand-paul-mitchell","12":"first","13":"instock","14":"sale","15":"taxable","16":"shipping-taxable","17":"purchasable","18":"product-type-simple"},"_links":{"self":[{"href":"https:\/\/stylingagenten.com\/fi\/wp-json\/wp\/v2\/product\/114825","targetHints":{"allow":["GET"]}}],"collection":[{"href":"https:\/\/stylingagenten.com\/fi\/wp-json\/wp\/v2\/product"}],"about":[{"href":"https:\/\/stylingagenten.com\/fi\/wp-json\/wp\/v2\/types\/product"}],"replies":[{"embeddable":true,"href":"https:\/\/stylingagenten.com\/fi\/wp-json\/wp\/v2\/comments?post=114825"}],"version-history":[{"count":0,"href":"https:\/\/stylingagenten.com\/fi\/wp-json\/wp\/v2\/product\/114825\/revisions"}],"wp:featuredmedia":[{"embeddable":true,"href":"https:\/\/stylingagenten.com\/fi\/wp-json\/wp\/v2\/media\/114820"}],"wp:attachment":[{"href":"https:\/\/stylingagenten.com\/fi\/wp-json\/wp\/v2\/media?parent=114825"}],"wp:term":[{"taxonomy":"product_brand","embeddable":true,"href":"https:\/\/stylingagenten.com\/fi\/wp-json\/wp\/v2\/product_brand?post=114825"},{"taxonomy":"product_cat","embeddable":true,"href":"https:\/\/stylingagenten.com\/fi\/wp-json\/wp\/v2\/product_cat?post=114825"},{"taxonomy":"product_tag","embeddable":true,"href":"https:\/\/stylingagenten.com\/fi\/wp-json\/wp\/v2\/product_tag?post=114825"},{"taxonomy":"berocket_brand","embeddable":true,"href":"https:\/\/stylingagenten.com\/fi\/wp-json\/wp\/v2\/berocket_brand?post=114825"}],"curies":[{"name":"wp","href":"https:\/\/api.w.org\/{rel}","templated":true}]}}