{"id":114818,"date":"2025-05-18T21:12:12","date_gmt":"2025-05-18T21:12:12","guid":{"rendered":"https:\/\/staging2.stylingagenten.com\/fi\/produkt\/paul-mitchell-awapuhi-keratin-cream-rinse-1000ml\/"},"modified":"2025-11-19T11:19:20","modified_gmt":"2025-11-19T11:19:20","slug":"paul-mitchell-awapuhi-keratin-cream-rinse-1000ml","status":"publish","type":"product","link":"https:\/\/stylingagenten.com\/fi\/tuote\/paul-mitchell-awapuhi-keratin-cream-rinse-1000ml\/","title":{"rendered":"Paul Mitchell Awapuhi Keratin Cream Rinse 1000ml"},"content":{"rendered":"<p>Keratin Cream Rinse Paul Mitchell Wild Ginger on eritt\u00e4in arvokas yrttisarja, joka on t\u00e4ynn\u00e4 keratiinia ja inkiv\u00e4\u00e4ri\u00e4 ja antaa hyv\u00e4n kiillon. Keratiinikoostumuksensa ansiosta se auttaa rakentamaan ja korjaamaan hiuksia sis\u00e4lt\u00e4p\u00e4in. Awapuhi-uute hoitaa jokaista hiusnauhaa; intensiivisell\u00e4 kosteudella ja kiilteell\u00e4. Awapuhi on luonnonvaraisesti kasvava inkiv\u00e4\u00e4rijuuri, joka kasvaa vain Havaijilla ja on eritt\u00e4in rikas kosteus.&nbsp;<\/p>\n","protected":false},"excerpt":{"rendered":"<p>Keratin Cream Rinse Paul Mitchell Wild Ginger on eritt\u00e4in arvokas yrttisarja, joka on t\u00e4ynn\u00e4 keratiinia ja inkiv\u00e4\u00e4ri\u00e4 ja antaa hyv\u00e4n kiillon. Keratiinikoostumuksensa ansiosta se auttaa rakentamaan ja korjaamaan hiuksia sis\u00e4lt\u00e4p\u00e4in. Awapuhi-uute hoitaa jokaista hiusnauhaa; intensiivisell\u00e4 kosteudella ja kiilteell\u00e4. Awapuhi on luonnonvaraisesti kasvava inkiv\u00e4\u00e4rijuuri, joka kasvaa vain Havaijilla ja on eritt\u00e4in rikas kosteus.&nbsp;<\/p>\n","protected":false},"featured_media":114814,"comment_status":"open","ping_status":"closed","template":"","meta":{"_trash_the_other_posts":false},"product_brand":[],"product_cat":[587],"product_tag":[3745],"berocket_brand":[1053],"class_list":{"0":"post-114818","1":"product","2":"type-product","3":"status-publish","4":"has-post-thumbnail","6":"product_cat-hoitoaine","7":"product_tag-paul-mitchell-awapuhi-keratin-cream-rinse","8":"pa_brand-paul-mitchell","9":"pa_variantti-1000ml","10":"berocket_brand-paul-mitchell","12":"first","13":"outofstock","14":"sale","15":"taxable","16":"shipping-taxable","17":"purchasable","18":"product-type-simple"},"_links":{"self":[{"href":"https:\/\/stylingagenten.com\/fi\/wp-json\/wp\/v2\/product\/114818","targetHints":{"allow":["GET"]}}],"collection":[{"href":"https:\/\/stylingagenten.com\/fi\/wp-json\/wp\/v2\/product"}],"about":[{"href":"https:\/\/stylingagenten.com\/fi\/wp-json\/wp\/v2\/types\/product"}],"replies":[{"embeddable":true,"href":"https:\/\/stylingagenten.com\/fi\/wp-json\/wp\/v2\/comments?post=114818"}],"version-history":[{"count":0,"href":"https:\/\/stylingagenten.com\/fi\/wp-json\/wp\/v2\/product\/114818\/revisions"}],"wp:featuredmedia":[{"embeddable":true,"href":"https:\/\/stylingagenten.com\/fi\/wp-json\/wp\/v2\/media\/114814"}],"wp:attachment":[{"href":"https:\/\/stylingagenten.com\/fi\/wp-json\/wp\/v2\/media?parent=114818"}],"wp:term":[{"taxonomy":"product_brand","embeddable":true,"href":"https:\/\/stylingagenten.com\/fi\/wp-json\/wp\/v2\/product_brand?post=114818"},{"taxonomy":"product_cat","embeddable":true,"href":"https:\/\/stylingagenten.com\/fi\/wp-json\/wp\/v2\/product_cat?post=114818"},{"taxonomy":"product_tag","embeddable":true,"href":"https:\/\/stylingagenten.com\/fi\/wp-json\/wp\/v2\/product_tag?post=114818"},{"taxonomy":"berocket_brand","embeddable":true,"href":"https:\/\/stylingagenten.com\/fi\/wp-json\/wp\/v2\/berocket_brand?post=114818"}],"curies":[{"name":"wp","href":"https:\/\/api.w.org\/{rel}","templated":true}]}}