{"id":114803,"date":"2025-05-18T21:12:09","date_gmt":"2025-05-18T21:12:09","guid":{"rendered":"https:\/\/staging2.stylingagenten.com\/fi\/produkt\/macadamia-natural-oil-moisturizing-rinse-conditioner-300ml\/"},"modified":"2026-03-11T21:51:15","modified_gmt":"2026-03-11T21:51:15","slug":"macadamia-natural-oil-moisturizing-rinse-conditioner-300ml","status":"publish","type":"product","link":"https:\/\/stylingagenten.com\/fi\/tuote\/macadamia-natural-oil-moisturizing-rinse-conditioner-300ml\/","title":{"rendered":"Macadamia Natural Oil Moisturizing Rinse Conditioner 300ml"},"content":{"rendered":"<p>Moisturizing Rinse on hoitoaine, joka on riitt\u00e4v\u00e4n hell\u00e4varainen k\u00e4ytett\u00e4v\u00e4ksi joka p\u00e4iv\u00e4 ja joka ravitsee, purkaa, kosteuttaa ja suojaa hiuksiasi. Hiuksistasi tulee pehme\u00e4t, helppo ty\u00f6st\u00e4\u00e4 ja muotoilla. T\u00e4m\u00e4 hoitoaine sopii t\u00e4ydellisesti kaikille hiustyypeille.<\/p>\n<p>N\u00e4m\u00e4 Macadamia Natural Oilin upeat tuotteet sis\u00e4lt\u00e4v\u00e4t kaksi; maailman ravitsevimmista, arvokkaimmista luonnon\u00f6ljyist\u00e4, Macadamia Nut Oil ja Argan Seed Oil. N\u00e4m\u00e4 antavat hiuksille \u00e4\u00e4rimm\u00e4isen kauneushoidon joka tilanteessa ja antavat hiusten s\u00e4ilytt\u00e4\u00e4 terveen kiiltonsa. Hiukset saavat uuden el\u00e4m\u00e4n ja intensiivisen &#8221;ravitsemuslis\u00e4yksen&#8221;. Hiuksesi kiilt\u00e4v\u00e4t l\u00e4mm\u00f6st\u00e4!<\/p>\n<p><strong>K\u00e4ytt\u00f6:<\/strong> Hiusten shampoolla puhdistuksen j\u00e4lkeen hiero hoitoaine valkoisiin hiuksiin ;r, juurista latvoihin. Anna hiusten vaikuttaa 30-60 sekuntia ennen huuhtelua.<\/p>\n","protected":false},"excerpt":{"rendered":"<p>Moisturizing Rinse on hoitoaine, joka on riitt\u00e4v\u00e4n hell\u00e4varainen k\u00e4ytett\u00e4v\u00e4ksi joka p\u00e4iv\u00e4 ja joka ravitsee, purkaa, kosteuttaa ja suojaa hiuksiasi. Hiuksistasi tulee pehme\u00e4t, helppo ty\u00f6st\u00e4\u00e4 ja muotoilla. T\u00e4m\u00e4 hoitoaine sopii t\u00e4ydellisesti kaikille hiustyypeille. N\u00e4m\u00e4 Macadamia Natural Oilin upeat tuotteet sis\u00e4lt\u00e4v\u00e4t kaksi; maailman ravitsevimmista, arvokkaimmista luonnon\u00f6ljyist\u00e4, Macadamia Nut Oil ja Argan Seed Oil. N\u00e4m\u00e4 antavat hiuksille \u00e4\u00e4rimm\u00e4isen [&hellip;]<\/p>\n","protected":false},"featured_media":114801,"comment_status":"open","ping_status":"closed","template":"","meta":{"_trash_the_other_posts":false},"product_brand":[],"product_cat":[587],"product_tag":[3276],"berocket_brand":[1100],"class_list":{"0":"post-114803","1":"product","2":"type-product","3":"status-publish","4":"has-post-thumbnail","6":"product_cat-hoitoaine","7":"product_tag-macadamia-natural-oil-moisturizing-rinse-conditioner","8":"pa_brand-macadamia-natural-oil","9":"pa_variantti-300ml","10":"berocket_brand-macadamia-natural-oil","12":"first","13":"instock","14":"sale","15":"taxable","16":"shipping-taxable","17":"purchasable","18":"product-type-simple"},"_links":{"self":[{"href":"https:\/\/stylingagenten.com\/fi\/wp-json\/wp\/v2\/product\/114803","targetHints":{"allow":["GET"]}}],"collection":[{"href":"https:\/\/stylingagenten.com\/fi\/wp-json\/wp\/v2\/product"}],"about":[{"href":"https:\/\/stylingagenten.com\/fi\/wp-json\/wp\/v2\/types\/product"}],"replies":[{"embeddable":true,"href":"https:\/\/stylingagenten.com\/fi\/wp-json\/wp\/v2\/comments?post=114803"}],"version-history":[{"count":0,"href":"https:\/\/stylingagenten.com\/fi\/wp-json\/wp\/v2\/product\/114803\/revisions"}],"wp:featuredmedia":[{"embeddable":true,"href":"https:\/\/stylingagenten.com\/fi\/wp-json\/wp\/v2\/media\/114801"}],"wp:attachment":[{"href":"https:\/\/stylingagenten.com\/fi\/wp-json\/wp\/v2\/media?parent=114803"}],"wp:term":[{"taxonomy":"product_brand","embeddable":true,"href":"https:\/\/stylingagenten.com\/fi\/wp-json\/wp\/v2\/product_brand?post=114803"},{"taxonomy":"product_cat","embeddable":true,"href":"https:\/\/stylingagenten.com\/fi\/wp-json\/wp\/v2\/product_cat?post=114803"},{"taxonomy":"product_tag","embeddable":true,"href":"https:\/\/stylingagenten.com\/fi\/wp-json\/wp\/v2\/product_tag?post=114803"},{"taxonomy":"berocket_brand","embeddable":true,"href":"https:\/\/stylingagenten.com\/fi\/wp-json\/wp\/v2\/berocket_brand?post=114803"}],"curies":[{"name":"wp","href":"https:\/\/api.w.org\/{rel}","templated":true}]}}