{"id":114795,"date":"2025-05-18T21:12:06","date_gmt":"2025-05-18T21:12:06","guid":{"rendered":"https:\/\/staging2.stylingagenten.com\/fi\/produkt\/paul-mitchell-tea-tree-special-conditioner-300ml\/"},"modified":"2026-02-18T11:23:16","modified_gmt":"2026-02-18T11:23:16","slug":"paul-mitchell-tea-tree-special-conditioner-300ml","status":"publish","type":"product","link":"https:\/\/stylingagenten.com\/fi\/tuote\/paul-mitchell-tea-tree-special-conditioner-300ml\/","title":{"rendered":"Paul Mitchell Tea Tree Special Conditioner 300ml"},"content":{"rendered":"<p>Raikastava hoitoaine hiuksille ja p\u00e4\u00e4nahalle. Irrottaa v\u00e4litt\u00f6m\u00e4sti ja antaa kiiltoa ja kiiltoa piparmintun tuoksulla. <br \/>Vahvistaa vaurioituneita hiuksia ja ehk\u00e4isee latvojen halkeilua.<\/p>\n","protected":false},"excerpt":{"rendered":"<p>Raikastava hoitoaine hiuksille ja p\u00e4\u00e4nahalle. Irrottaa v\u00e4litt\u00f6m\u00e4sti ja antaa kiiltoa ja kiiltoa piparmintun tuoksulla. Vahvistaa vaurioituneita hiuksia ja ehk\u00e4isee latvojen halkeilua.<\/p>\n","protected":false},"featured_media":441527,"comment_status":"open","ping_status":"closed","template":"","meta":{"_trash_the_other_posts":false},"product_brand":[],"product_cat":[587],"product_tag":[3797],"berocket_brand":[1053],"class_list":{"0":"post-114795","1":"product","2":"type-product","3":"status-publish","4":"has-post-thumbnail","6":"product_cat-hoitoaine","7":"product_tag-paul-mitchell-tea-tree-special-conditioner","8":"pa_brand-paul-mitchell","9":"pa_variantti-300ml","10":"berocket_brand-paul-mitchell","12":"first","13":"instock","14":"sale","15":"taxable","16":"shipping-taxable","17":"purchasable","18":"product-type-simple"},"_links":{"self":[{"href":"https:\/\/stylingagenten.com\/fi\/wp-json\/wp\/v2\/product\/114795","targetHints":{"allow":["GET"]}}],"collection":[{"href":"https:\/\/stylingagenten.com\/fi\/wp-json\/wp\/v2\/product"}],"about":[{"href":"https:\/\/stylingagenten.com\/fi\/wp-json\/wp\/v2\/types\/product"}],"replies":[{"embeddable":true,"href":"https:\/\/stylingagenten.com\/fi\/wp-json\/wp\/v2\/comments?post=114795"}],"version-history":[{"count":0,"href":"https:\/\/stylingagenten.com\/fi\/wp-json\/wp\/v2\/product\/114795\/revisions"}],"wp:featuredmedia":[{"embeddable":true,"href":"https:\/\/stylingagenten.com\/fi\/wp-json\/wp\/v2\/media\/441527"}],"wp:attachment":[{"href":"https:\/\/stylingagenten.com\/fi\/wp-json\/wp\/v2\/media?parent=114795"}],"wp:term":[{"taxonomy":"product_brand","embeddable":true,"href":"https:\/\/stylingagenten.com\/fi\/wp-json\/wp\/v2\/product_brand?post=114795"},{"taxonomy":"product_cat","embeddable":true,"href":"https:\/\/stylingagenten.com\/fi\/wp-json\/wp\/v2\/product_cat?post=114795"},{"taxonomy":"product_tag","embeddable":true,"href":"https:\/\/stylingagenten.com\/fi\/wp-json\/wp\/v2\/product_tag?post=114795"},{"taxonomy":"berocket_brand","embeddable":true,"href":"https:\/\/stylingagenten.com\/fi\/wp-json\/wp\/v2\/berocket_brand?post=114795"}],"curies":[{"name":"wp","href":"https:\/\/api.w.org\/{rel}","templated":true}]}}