{"id":114708,"date":"2025-05-18T21:11:46","date_gmt":"2025-05-18T21:11:46","guid":{"rendered":"https:\/\/staging2.stylingagenten.com\/fi\/produkt\/ellwo-volumizing-conditioner-350ml\/"},"modified":"2026-03-11T21:47:03","modified_gmt":"2026-03-11T21:47:03","slug":"ellwo-volumizing-conditioner-350ml","status":"publish","type":"product","link":"https:\/\/stylingagenten.com\/fi\/tuote\/ellwo-volumizing-conditioner-350ml\/","title":{"rendered":"Ellwo Volumizing Conditioner 350ml"},"content":{"rendered":"<p>Ellwo Volumizing Conditioner on volyymia lis\u00e4\u00e4v\u00e4 ja v\u00e4ri\u00e4 s\u00e4ilytt\u00e4v\u00e4 hoitoaine, jossa on mangon ja kes\u00e4isen vihreyden tuoksu, joka antaa hiuksille kiiltoa ja kiiltoa. Hoitoaine sopii kaikille hiustyypeille, my\u00f6s kemiallisesti k\u00e4sitellyille hiuksille. Balsami on rikastettu pantenolilla, B5-provitamiinilla.<\/p>\n<p>Sulfaatti- ja parabeeniton<br \/>vegaaninen<br \/>V\u00e4ri\u00e4 s\u00e4ilytt\u00e4v\u00e4<br \/>UV-suojaava<\/p>\n<p><\/p>\n<p> <\/p>\n","protected":false},"excerpt":{"rendered":"<p>Ellwo Volumizing Conditioner on volyymia lis\u00e4\u00e4v\u00e4 ja v\u00e4ri\u00e4 s\u00e4ilytt\u00e4v\u00e4 hoitoaine, jossa on mangon ja kes\u00e4isen vihreyden tuoksu, joka antaa hiuksille kiiltoa ja kiiltoa. Hoitoaine sopii kaikille hiustyypeille, my\u00f6s kemiallisesti k\u00e4sitellyille hiuksille. Balsami on rikastettu pantenolilla, B5-provitamiinilla. Sulfaatti- ja parabeenitonvegaaninenV\u00e4ri\u00e4 s\u00e4ilytt\u00e4v\u00e4UV-suojaava<\/p>\n","protected":false},"featured_media":114706,"comment_status":"open","ping_status":"closed","template":"","meta":{"_trash_the_other_posts":false},"product_brand":[],"product_cat":[587],"product_tag":[],"berocket_brand":[1305],"class_list":{"0":"post-114708","1":"product","2":"type-product","3":"status-publish","4":"has-post-thumbnail","6":"product_cat-hoitoaine","7":"pa_brand-ellwo-professional","8":"berocket_brand-ellwo-professional","10":"first","11":"instock","12":"sale","13":"taxable","14":"shipping-taxable","15":"purchasable","16":"product-type-simple"},"_links":{"self":[{"href":"https:\/\/stylingagenten.com\/fi\/wp-json\/wp\/v2\/product\/114708","targetHints":{"allow":["GET"]}}],"collection":[{"href":"https:\/\/stylingagenten.com\/fi\/wp-json\/wp\/v2\/product"}],"about":[{"href":"https:\/\/stylingagenten.com\/fi\/wp-json\/wp\/v2\/types\/product"}],"replies":[{"embeddable":true,"href":"https:\/\/stylingagenten.com\/fi\/wp-json\/wp\/v2\/comments?post=114708"}],"version-history":[{"count":0,"href":"https:\/\/stylingagenten.com\/fi\/wp-json\/wp\/v2\/product\/114708\/revisions"}],"wp:featuredmedia":[{"embeddable":true,"href":"https:\/\/stylingagenten.com\/fi\/wp-json\/wp\/v2\/media\/114706"}],"wp:attachment":[{"href":"https:\/\/stylingagenten.com\/fi\/wp-json\/wp\/v2\/media?parent=114708"}],"wp:term":[{"taxonomy":"product_brand","embeddable":true,"href":"https:\/\/stylingagenten.com\/fi\/wp-json\/wp\/v2\/product_brand?post=114708"},{"taxonomy":"product_cat","embeddable":true,"href":"https:\/\/stylingagenten.com\/fi\/wp-json\/wp\/v2\/product_cat?post=114708"},{"taxonomy":"product_tag","embeddable":true,"href":"https:\/\/stylingagenten.com\/fi\/wp-json\/wp\/v2\/product_tag?post=114708"},{"taxonomy":"berocket_brand","embeddable":true,"href":"https:\/\/stylingagenten.com\/fi\/wp-json\/wp\/v2\/berocket_brand?post=114708"}],"curies":[{"name":"wp","href":"https:\/\/api.w.org\/{rel}","templated":true}]}}