{"id":114670,"date":"2025-05-18T21:11:36","date_gmt":"2025-05-18T21:11:36","guid":{"rendered":"https:\/\/staging2.stylingagenten.com\/fi\/produkt\/ida-warg-repair-conditioner-250ml\/"},"modified":"2026-03-11T21:49:13","modified_gmt":"2026-03-11T21:49:13","slug":"ida-warg-repair-conditioner-250ml","status":"publish","type":"product","link":"https:\/\/stylingagenten.com\/fi\/tuote\/ida-warg-repair-conditioner-250ml\/","title":{"rendered":"Ida Warg Repair Conditioner 250ml"},"content":{"rendered":"<p>Ida Warg Repair Conditioner on rikas ja vahvistava lev\u00e4uutetta sis\u00e4lt\u00e4v\u00e4 hoitoaine kuiville ja vaurioituneille hiuksille. T\u00e4m\u00e4 hoitoaine korjaa ja uudistaa hiuksia syv\u00e4 ja antaa pitk\u00e4kestoisen suojan s\u00e4ilytt\u00e4en samalla hiusten luonnollisen vahvuuden ja elinvoimaisuuden.&nbsp;<\/p>\n<p>Cruelty-free, 100 % vegaaninen.<\/p>\n","protected":false},"excerpt":{"rendered":"<p>Ida Warg Repair Conditioner on rikas ja vahvistava lev\u00e4uutetta sis\u00e4lt\u00e4v\u00e4 hoitoaine kuiville ja vaurioituneille hiuksille. T\u00e4m\u00e4 hoitoaine korjaa ja uudistaa hiuksia syv\u00e4 ja antaa pitk\u00e4kestoisen suojan s\u00e4ilytt\u00e4en samalla hiusten luonnollisen vahvuuden ja elinvoimaisuuden.&nbsp; Cruelty-free, 100 % vegaaninen.<\/p>\n","protected":false},"featured_media":114666,"comment_status":"open","ping_status":"closed","template":"","meta":{"_trash_the_other_posts":false},"product_brand":[],"product_cat":[587],"product_tag":[3011],"berocket_brand":[1346],"class_list":{"0":"post-114670","1":"product","2":"type-product","3":"status-publish","4":"has-post-thumbnail","6":"product_cat-hoitoaine","7":"product_tag-ida-warg-repair-conditioner","8":"pa_brand-ida-warg","9":"pa_variantti-250ml","10":"berocket_brand-ida-warg","12":"first","13":"instock","14":"sale","15":"taxable","16":"shipping-taxable","17":"purchasable","18":"product-type-simple"},"_links":{"self":[{"href":"https:\/\/stylingagenten.com\/fi\/wp-json\/wp\/v2\/product\/114670","targetHints":{"allow":["GET"]}}],"collection":[{"href":"https:\/\/stylingagenten.com\/fi\/wp-json\/wp\/v2\/product"}],"about":[{"href":"https:\/\/stylingagenten.com\/fi\/wp-json\/wp\/v2\/types\/product"}],"replies":[{"embeddable":true,"href":"https:\/\/stylingagenten.com\/fi\/wp-json\/wp\/v2\/comments?post=114670"}],"version-history":[{"count":0,"href":"https:\/\/stylingagenten.com\/fi\/wp-json\/wp\/v2\/product\/114670\/revisions"}],"wp:featuredmedia":[{"embeddable":true,"href":"https:\/\/stylingagenten.com\/fi\/wp-json\/wp\/v2\/media\/114666"}],"wp:attachment":[{"href":"https:\/\/stylingagenten.com\/fi\/wp-json\/wp\/v2\/media?parent=114670"}],"wp:term":[{"taxonomy":"product_brand","embeddable":true,"href":"https:\/\/stylingagenten.com\/fi\/wp-json\/wp\/v2\/product_brand?post=114670"},{"taxonomy":"product_cat","embeddable":true,"href":"https:\/\/stylingagenten.com\/fi\/wp-json\/wp\/v2\/product_cat?post=114670"},{"taxonomy":"product_tag","embeddable":true,"href":"https:\/\/stylingagenten.com\/fi\/wp-json\/wp\/v2\/product_tag?post=114670"},{"taxonomy":"berocket_brand","embeddable":true,"href":"https:\/\/stylingagenten.com\/fi\/wp-json\/wp\/v2\/berocket_brand?post=114670"}],"curies":[{"name":"wp","href":"https:\/\/api.w.org\/{rel}","templated":true}]}}