{"id":114667,"date":"2025-05-18T21:11:35","date_gmt":"2025-05-18T21:11:35","guid":{"rendered":"https:\/\/staging2.stylingagenten.com\/fi\/produkt\/ida-warg-moisture-conditioner-250ml\/"},"modified":"2026-03-11T21:48:40","modified_gmt":"2026-03-11T21:48:40","slug":"ida-warg-moisture-conditioner-250ml","status":"publish","type":"product","link":"https:\/\/stylingagenten.com\/fi\/tuote\/ida-warg-moisture-conditioner-250ml\/","title":{"rendered":"Ida Warg Moisture Conditioner 250ml"},"content":{"rendered":"<p>Ida Warg Moisture Conditioner on erityisen kosteuttava ja pehment\u00e4v\u00e4 hoitoaine, joka sis\u00e4lt\u00e4\u00e4 ravitsevaa kookos\u00f6ljy\u00e4 karkeille, kuiville ja haalistuneille hiuksille. Syv\u00e4kosteuttava koostumus, jolla on pehment\u00e4v\u00e4 ja kirkastava vaikutus.<\/p>\n<p>Cruelty-free, 100% vegaaninen.<\/p>\n","protected":false},"excerpt":{"rendered":"<p>Ida Warg Moisture Conditioner on erityisen kosteuttava ja pehment\u00e4v\u00e4 hoitoaine, joka sis\u00e4lt\u00e4\u00e4 ravitsevaa kookos\u00f6ljy\u00e4 karkeille, kuiville ja haalistuneille hiuksille. Syv\u00e4kosteuttava koostumus, jolla on pehment\u00e4v\u00e4 ja kirkastava vaikutus. Cruelty-free, 100% vegaaninen.<\/p>\n","protected":false},"featured_media":114658,"comment_status":"open","ping_status":"closed","template":"","meta":{"_trash_the_other_posts":false},"product_brand":[],"product_cat":[587],"product_tag":[3007],"berocket_brand":[1346],"class_list":{"0":"post-114667","1":"product","2":"type-product","3":"status-publish","4":"has-post-thumbnail","6":"product_cat-hoitoaine","7":"product_tag-ida-warg-moisture-conditioner","8":"pa_brand-ida-warg","9":"pa_variantti-250ml","10":"berocket_brand-ida-warg","12":"first","13":"instock","14":"sale","15":"taxable","16":"shipping-taxable","17":"purchasable","18":"product-type-simple"},"_links":{"self":[{"href":"https:\/\/stylingagenten.com\/fi\/wp-json\/wp\/v2\/product\/114667","targetHints":{"allow":["GET"]}}],"collection":[{"href":"https:\/\/stylingagenten.com\/fi\/wp-json\/wp\/v2\/product"}],"about":[{"href":"https:\/\/stylingagenten.com\/fi\/wp-json\/wp\/v2\/types\/product"}],"replies":[{"embeddable":true,"href":"https:\/\/stylingagenten.com\/fi\/wp-json\/wp\/v2\/comments?post=114667"}],"version-history":[{"count":0,"href":"https:\/\/stylingagenten.com\/fi\/wp-json\/wp\/v2\/product\/114667\/revisions"}],"wp:featuredmedia":[{"embeddable":true,"href":"https:\/\/stylingagenten.com\/fi\/wp-json\/wp\/v2\/media\/114658"}],"wp:attachment":[{"href":"https:\/\/stylingagenten.com\/fi\/wp-json\/wp\/v2\/media?parent=114667"}],"wp:term":[{"taxonomy":"product_brand","embeddable":true,"href":"https:\/\/stylingagenten.com\/fi\/wp-json\/wp\/v2\/product_brand?post=114667"},{"taxonomy":"product_cat","embeddable":true,"href":"https:\/\/stylingagenten.com\/fi\/wp-json\/wp\/v2\/product_cat?post=114667"},{"taxonomy":"product_tag","embeddable":true,"href":"https:\/\/stylingagenten.com\/fi\/wp-json\/wp\/v2\/product_tag?post=114667"},{"taxonomy":"berocket_brand","embeddable":true,"href":"https:\/\/stylingagenten.com\/fi\/wp-json\/wp\/v2\/berocket_brand?post=114667"}],"curies":[{"name":"wp","href":"https:\/\/api.w.org\/{rel}","templated":true}]}}