{"id":114664,"date":"2025-05-18T21:11:35","date_gmt":"2025-05-18T21:11:35","guid":{"rendered":"https:\/\/staging2.stylingagenten.com\/fi\/produkt\/ref-cool-silver-conditioner-245ml\/"},"modified":"2026-03-11T21:50:19","modified_gmt":"2026-03-11T21:50:19","slug":"ref-cool-silver-conditioner-245ml","status":"publish","type":"product","link":"https:\/\/stylingagenten.com\/fi\/tuote\/ref-cool-silver-conditioner-245ml\/","title":{"rendered":"REF Cool Silver Conditioner 245ml"},"content":{"rendered":"<p>REF Cool Silver Conditioner on hoitoaine, jossa on kasviuutteita ja violetteja pigmenttej\u00e4, jotka on erityisesti valittu suojaamaan, vahvistamaan ja neutraloimaan mineraalien tai hapettumisen aiheuttamia ei-toivottuja keltaisia \u200b\u200bs\u00e4vyj\u00e4. Hoitaa hell\u00e4varaisesti vaalennettuja, luonnollisia tai auringossa vaalennettuja hiuksia ja suojaa hiuksia. Lis\u00e4\u00e4 hopeaa harmaisiin hiuksiin.<\/p>\n<p>Crueltyfree<br \/>100 % vegaaninen<\/p>\n","protected":false},"excerpt":{"rendered":"<p>REF Cool Silver Conditioner on hoitoaine, jossa on kasviuutteita ja violetteja pigmenttej\u00e4, jotka on erityisesti valittu suojaamaan, vahvistamaan ja neutraloimaan mineraalien tai hapettumisen aiheuttamia ei-toivottuja keltaisia \u200b\u200bs\u00e4vyj\u00e4. Hoitaa hell\u00e4varaisesti vaalennettuja, luonnollisia tai auringossa vaalennettuja hiuksia ja suojaa hiuksia. Lis\u00e4\u00e4 hopeaa harmaisiin hiuksiin. Crueltyfree100 % vegaaninen<\/p>\n","protected":false},"featured_media":114660,"comment_status":"open","ping_status":"closed","template":"","meta":{"_trash_the_other_posts":false},"product_brand":[],"product_cat":[587],"product_tag":[3869],"berocket_brand":[1209],"class_list":{"0":"post-114664","1":"product","2":"type-product","3":"status-publish","4":"has-post-thumbnail","6":"product_cat-hoitoaine","7":"product_tag-ref-cool-silver-conditioner","8":"pa_brand-ref","9":"pa_variantti-245ml","10":"berocket_brand-ref","12":"first","13":"instock","14":"sale","15":"taxable","16":"shipping-taxable","17":"purchasable","18":"product-type-simple"},"_links":{"self":[{"href":"https:\/\/stylingagenten.com\/fi\/wp-json\/wp\/v2\/product\/114664","targetHints":{"allow":["GET"]}}],"collection":[{"href":"https:\/\/stylingagenten.com\/fi\/wp-json\/wp\/v2\/product"}],"about":[{"href":"https:\/\/stylingagenten.com\/fi\/wp-json\/wp\/v2\/types\/product"}],"replies":[{"embeddable":true,"href":"https:\/\/stylingagenten.com\/fi\/wp-json\/wp\/v2\/comments?post=114664"}],"version-history":[{"count":0,"href":"https:\/\/stylingagenten.com\/fi\/wp-json\/wp\/v2\/product\/114664\/revisions"}],"wp:featuredmedia":[{"embeddable":true,"href":"https:\/\/stylingagenten.com\/fi\/wp-json\/wp\/v2\/media\/114660"}],"wp:attachment":[{"href":"https:\/\/stylingagenten.com\/fi\/wp-json\/wp\/v2\/media?parent=114664"}],"wp:term":[{"taxonomy":"product_brand","embeddable":true,"href":"https:\/\/stylingagenten.com\/fi\/wp-json\/wp\/v2\/product_brand?post=114664"},{"taxonomy":"product_cat","embeddable":true,"href":"https:\/\/stylingagenten.com\/fi\/wp-json\/wp\/v2\/product_cat?post=114664"},{"taxonomy":"product_tag","embeddable":true,"href":"https:\/\/stylingagenten.com\/fi\/wp-json\/wp\/v2\/product_tag?post=114664"},{"taxonomy":"berocket_brand","embeddable":true,"href":"https:\/\/stylingagenten.com\/fi\/wp-json\/wp\/v2\/berocket_brand?post=114664"}],"curies":[{"name":"wp","href":"https:\/\/api.w.org\/{rel}","templated":true}]}}