{"id":114624,"date":"2025-05-18T21:11:23","date_gmt":"2025-05-18T21:11:23","guid":{"rendered":"https:\/\/staging2.stylingagenten.com\/fi\/produkt\/wella-sp-luxeoil-keratin-conditioning-cream-200ml\/"},"modified":"2026-04-06T08:08:59","modified_gmt":"2026-04-06T08:08:59","slug":"wella-sp-luxeoil-keratin-conditioning-cream-200ml","status":"publish","type":"product","link":"https:\/\/stylingagenten.com\/fi\/tuote\/wella-sp-luxeoil-keratin-conditioning-cream-200ml\/","title":{"rendered":"Wella SP LuxeOil Keratin Conditioning Cream 200ml"},"content":{"rendered":"<p>Wella SP LuxeOil Keratin Conditioning Cream, p\u00e4ivitt\u00e4inen pehment\u00e4v\u00e4 voide kaikille hiustyypeille. T\u00e4m\u00e4 hoitoaine sis\u00e4lt\u00e4\u00e4 ylellisen ja ravitsevan sekoituksen \u00f6ljyj\u00e4 ja keratiinia, joka suojaa hiuksia ulkoiselta rasitukselta ja tekee hiuksista silkinpehme\u00e4t. &nbsp;Kevyeen ja ylelliseen siivoukseen.<\/p>\n","protected":false},"excerpt":{"rendered":"<p>Wella SP LuxeOil Keratin Conditioning Cream, p\u00e4ivitt\u00e4inen pehment\u00e4v\u00e4 voide kaikille hiustyypeille. T\u00e4m\u00e4 hoitoaine sis\u00e4lt\u00e4\u00e4 ylellisen ja ravitsevan sekoituksen \u00f6ljyj\u00e4 ja keratiinia, joka suojaa hiuksia ulkoiselta rasitukselta ja tekee hiuksista silkinpehme\u00e4t. &nbsp;Kevyeen ja ylelliseen siivoukseen.<\/p>\n","protected":false},"featured_media":114622,"comment_status":"open","ping_status":"closed","template":"","meta":{"_trash_the_other_posts":false},"product_brand":[],"product_cat":[587],"product_tag":[4071],"berocket_brand":[1030],"class_list":{"0":"post-114624","1":"product","2":"type-product","3":"status-publish","4":"has-post-thumbnail","6":"product_cat-hoitoaine","7":"product_tag-wella-sp-luxeoil-keratin-conditioning-cream","8":"pa_brand-wella","9":"pa_variantti-200ml","10":"berocket_brand-wella","12":"first","13":"instock","14":"sale","15":"taxable","16":"shipping-taxable","17":"purchasable","18":"product-type-simple"},"_links":{"self":[{"href":"https:\/\/stylingagenten.com\/fi\/wp-json\/wp\/v2\/product\/114624","targetHints":{"allow":["GET"]}}],"collection":[{"href":"https:\/\/stylingagenten.com\/fi\/wp-json\/wp\/v2\/product"}],"about":[{"href":"https:\/\/stylingagenten.com\/fi\/wp-json\/wp\/v2\/types\/product"}],"replies":[{"embeddable":true,"href":"https:\/\/stylingagenten.com\/fi\/wp-json\/wp\/v2\/comments?post=114624"}],"version-history":[{"count":0,"href":"https:\/\/stylingagenten.com\/fi\/wp-json\/wp\/v2\/product\/114624\/revisions"}],"wp:featuredmedia":[{"embeddable":true,"href":"https:\/\/stylingagenten.com\/fi\/wp-json\/wp\/v2\/media\/114622"}],"wp:attachment":[{"href":"https:\/\/stylingagenten.com\/fi\/wp-json\/wp\/v2\/media?parent=114624"}],"wp:term":[{"taxonomy":"product_brand","embeddable":true,"href":"https:\/\/stylingagenten.com\/fi\/wp-json\/wp\/v2\/product_brand?post=114624"},{"taxonomy":"product_cat","embeddable":true,"href":"https:\/\/stylingagenten.com\/fi\/wp-json\/wp\/v2\/product_cat?post=114624"},{"taxonomy":"product_tag","embeddable":true,"href":"https:\/\/stylingagenten.com\/fi\/wp-json\/wp\/v2\/product_tag?post=114624"},{"taxonomy":"berocket_brand","embeddable":true,"href":"https:\/\/stylingagenten.com\/fi\/wp-json\/wp\/v2\/berocket_brand?post=114624"}],"curies":[{"name":"wp","href":"https:\/\/api.w.org\/{rel}","templated":true}]}}