{"id":114593,"date":"2025-05-18T21:11:15","date_gmt":"2025-05-18T21:11:15","guid":{"rendered":"https:\/\/staging2.stylingagenten.com\/fi\/produkt\/paul-mitchell-lavender-mint-moisturizing-conditioner-300ml\/"},"modified":"2026-04-12T15:58:34","modified_gmt":"2026-04-12T15:58:34","slug":"paul-mitchell-lavender-mint-moisturizing-conditioner-300ml","status":"publish","type":"product","link":"https:\/\/stylingagenten.com\/fi\/tuote\/paul-mitchell-lavender-mint-moisturizing-conditioner-300ml\/","title":{"rendered":"Paul Mitchell Lavender Mint Moisturizing Conditioner 300ml"},"content":{"rendered":"<p>Paul Mitchell Tea Tree Lavender Mint Conditioner on kosteuttava hoitoaine, jonka koostumus s\u00e4ilytt\u00e4\u00e4 v\u00e4ri\u00e4. Kuivista hiuksistasi tulee pehme\u00e4t ja kosteutetut sek\u00e4 raikas ja virkist\u00e4v\u00e4 tunne. Suojaa ja lis\u00e4\u00e4 kosteutta. Irrottaa ja korjaa halkeilevia latvoja. J\u00e4tt\u00e4\u00e4 rauhoittavan tunteen ja tuoksun. &nbsp;<\/p>\n","protected":false},"excerpt":{"rendered":"<p>Paul Mitchell Tea Tree Lavender Mint Conditioner on kosteuttava hoitoaine, jonka koostumus s\u00e4ilytt\u00e4\u00e4 v\u00e4ri\u00e4. Kuivista hiuksistasi tulee pehme\u00e4t ja kosteutetut sek\u00e4 raikas ja virkist\u00e4v\u00e4 tunne. Suojaa ja lis\u00e4\u00e4 kosteutta. Irrottaa ja korjaa halkeilevia latvoja. J\u00e4tt\u00e4\u00e4 rauhoittavan tunteen ja tuoksun. &nbsp;<\/p>\n","protected":false},"featured_media":437901,"comment_status":"open","ping_status":"closed","template":"","meta":{"_trash_the_other_posts":false},"product_brand":[],"product_cat":[587],"product_tag":[3780],"berocket_brand":[1053],"class_list":{"0":"post-114593","1":"product","2":"type-product","3":"status-publish","4":"has-post-thumbnail","6":"product_cat-hoitoaine","7":"product_tag-paul-mitchell-lavender-mint-moisturizing-conditioner","8":"pa_brand-paul-mitchell","9":"pa_variantti-300ml","10":"berocket_brand-paul-mitchell","12":"first","13":"outofstock","14":"sale","15":"taxable","16":"shipping-taxable","17":"purchasable","18":"product-type-simple"},"_links":{"self":[{"href":"https:\/\/stylingagenten.com\/fi\/wp-json\/wp\/v2\/product\/114593","targetHints":{"allow":["GET"]}}],"collection":[{"href":"https:\/\/stylingagenten.com\/fi\/wp-json\/wp\/v2\/product"}],"about":[{"href":"https:\/\/stylingagenten.com\/fi\/wp-json\/wp\/v2\/types\/product"}],"replies":[{"embeddable":true,"href":"https:\/\/stylingagenten.com\/fi\/wp-json\/wp\/v2\/comments?post=114593"}],"version-history":[{"count":0,"href":"https:\/\/stylingagenten.com\/fi\/wp-json\/wp\/v2\/product\/114593\/revisions"}],"wp:featuredmedia":[{"embeddable":true,"href":"https:\/\/stylingagenten.com\/fi\/wp-json\/wp\/v2\/media\/437901"}],"wp:attachment":[{"href":"https:\/\/stylingagenten.com\/fi\/wp-json\/wp\/v2\/media?parent=114593"}],"wp:term":[{"taxonomy":"product_brand","embeddable":true,"href":"https:\/\/stylingagenten.com\/fi\/wp-json\/wp\/v2\/product_brand?post=114593"},{"taxonomy":"product_cat","embeddable":true,"href":"https:\/\/stylingagenten.com\/fi\/wp-json\/wp\/v2\/product_cat?post=114593"},{"taxonomy":"product_tag","embeddable":true,"href":"https:\/\/stylingagenten.com\/fi\/wp-json\/wp\/v2\/product_tag?post=114593"},{"taxonomy":"berocket_brand","embeddable":true,"href":"https:\/\/stylingagenten.com\/fi\/wp-json\/wp\/v2\/berocket_brand?post=114593"}],"curies":[{"name":"wp","href":"https:\/\/api.w.org\/{rel}","templated":true}]}}