{"id":114577,"date":"2025-05-18T21:11:11","date_gmt":"2025-05-18T21:11:11","guid":{"rendered":"https:\/\/staging2.stylingagenten.com\/fi\/produkt\/ida-warg-pro-growth-conditioner-250ml\/"},"modified":"2025-11-19T11:46:37","modified_gmt":"2025-11-19T11:46:37","slug":"ida-warg-pro-growth-conditioner-250ml","status":"publish","type":"product","link":"https:\/\/stylingagenten.com\/fi\/tuote\/ida-warg-pro-growth-conditioner-250ml\/","title":{"rendered":"Ida Warg Pro Growth Conditioner 250ml"},"content":{"rendered":"<p>Pro Growth Conditioner on ravitseva ja hell\u00e4varaisesti puhdistava hoitoaine, joka koostuu peptideist\u00e4 yhdistettyn\u00e4 punaiseen p\u00e4\u00e4llystettyyn uutteeseen, jotka yhdess\u00e4 rakentavat uudelleen ja pys\u00e4ytt\u00e4v\u00e4t hiustenl\u00e4ht\u00f6\u00e4 ja stimuloivat hiuksia; ravitsevat ja v\u00e4hent\u00e4v\u00e4t p\u00e4\u00e4nahan tulehdusta.<\/p>\n<p> Sarja auttaa lis\u00e4\u00e4m\u00e4\u00e4n p\u00e4\u00e4nahan paksuutta. hiukset ja auttaa parantamaan p\u00e4\u00e4nahan ulkon\u00e4k\u00f6\u00e4 ja toimintaa v\u00e4hent\u00e4m\u00e4ll\u00e4 tulehdusta, joka vaikuttaa p\u00e4\u00e4nahan vaurioitumiseen. hiukset, joiden tuloksena hiukset n\u00e4ytt\u00e4v\u00e4t t\u00e4ytel\u00e4isemmilt\u00e4, \u200b\u200bpaksummilta ja terveemmilt\u00e4. Sarja kunnioittaa ja vahvistaa hiuksia tyvest\u00e4 latvoihin. Hiero kosteisiin hiuksiin, vaahdota ja huuhtele huolellisesti. K\u00e4yt\u00e4 yhdess\u00e4 Pro Growth Shampoon kanssa saadaksesi parhaat tulokset.<\/p>\n<p>Tuoksu: Ota SPA-el\u00e4myksen ylellisyys kotiin mukaasi, tuoksu sis\u00e4lt\u00e4\u00e4 aromaattisia vivahteita, kuten eukalyptusta, rosmariinia ja sitrushedelmi\u00e4.<\/p>\n<p> 100 % vegaani<\/p>\n<p>Cruelty-free<\/p>\n","protected":false},"excerpt":{"rendered":"<p>Pro Growth Conditioner on ravitseva ja hell\u00e4varaisesti puhdistava hoitoaine, joka koostuu peptideist\u00e4 yhdistettyn\u00e4 punaiseen p\u00e4\u00e4llystettyyn uutteeseen, jotka yhdess\u00e4 rakentavat uudelleen ja pys\u00e4ytt\u00e4v\u00e4t hiustenl\u00e4ht\u00f6\u00e4 ja stimuloivat hiuksia; ravitsevat ja v\u00e4hent\u00e4v\u00e4t p\u00e4\u00e4nahan tulehdusta. Sarja auttaa lis\u00e4\u00e4m\u00e4\u00e4n p\u00e4\u00e4nahan paksuutta. hiukset ja auttaa parantamaan p\u00e4\u00e4nahan ulkon\u00e4k\u00f6\u00e4 ja toimintaa v\u00e4hent\u00e4m\u00e4ll\u00e4 tulehdusta, joka vaikuttaa p\u00e4\u00e4nahan vaurioitumiseen. hiukset, joiden tuloksena hiukset n\u00e4ytt\u00e4v\u00e4t [&hellip;]<\/p>\n","protected":false},"featured_media":114571,"comment_status":"open","ping_status":"closed","template":"","meta":{"_trash_the_other_posts":false},"product_brand":[],"product_cat":[587],"product_tag":[],"berocket_brand":[1346],"class_list":{"0":"post-114577","1":"product","2":"type-product","3":"status-publish","4":"has-post-thumbnail","6":"product_cat-hoitoaine","7":"pa_brand-ida-warg","8":"berocket_brand-ida-warg","10":"first","11":"instock","12":"sale","13":"taxable","14":"shipping-taxable","15":"purchasable","16":"product-type-simple"},"_links":{"self":[{"href":"https:\/\/stylingagenten.com\/fi\/wp-json\/wp\/v2\/product\/114577","targetHints":{"allow":["GET"]}}],"collection":[{"href":"https:\/\/stylingagenten.com\/fi\/wp-json\/wp\/v2\/product"}],"about":[{"href":"https:\/\/stylingagenten.com\/fi\/wp-json\/wp\/v2\/types\/product"}],"replies":[{"embeddable":true,"href":"https:\/\/stylingagenten.com\/fi\/wp-json\/wp\/v2\/comments?post=114577"}],"version-history":[{"count":0,"href":"https:\/\/stylingagenten.com\/fi\/wp-json\/wp\/v2\/product\/114577\/revisions"}],"wp:featuredmedia":[{"embeddable":true,"href":"https:\/\/stylingagenten.com\/fi\/wp-json\/wp\/v2\/media\/114571"}],"wp:attachment":[{"href":"https:\/\/stylingagenten.com\/fi\/wp-json\/wp\/v2\/media?parent=114577"}],"wp:term":[{"taxonomy":"product_brand","embeddable":true,"href":"https:\/\/stylingagenten.com\/fi\/wp-json\/wp\/v2\/product_brand?post=114577"},{"taxonomy":"product_cat","embeddable":true,"href":"https:\/\/stylingagenten.com\/fi\/wp-json\/wp\/v2\/product_cat?post=114577"},{"taxonomy":"product_tag","embeddable":true,"href":"https:\/\/stylingagenten.com\/fi\/wp-json\/wp\/v2\/product_tag?post=114577"},{"taxonomy":"berocket_brand","embeddable":true,"href":"https:\/\/stylingagenten.com\/fi\/wp-json\/wp\/v2\/berocket_brand?post=114577"}],"curies":[{"name":"wp","href":"https:\/\/api.w.org\/{rel}","templated":true}]}}