{"id":114522,"date":"2025-05-18T21:10:55","date_gmt":"2025-05-18T21:10:55","guid":{"rendered":"https:\/\/staging2.stylingagenten.com\/fi\/produkt\/loreal-professionnel-vitamino-color-conditioner-200-ml\/"},"modified":"2026-03-11T21:53:49","modified_gmt":"2026-03-11T21:53:49","slug":"loreal-professionnel-vitamino-color-conditioner-200-ml","status":"publish","type":"product","link":"https:\/\/stylingagenten.com\/fi\/tuote\/loreal-professionnel-vitamino-color-conditioner-200-ml\/","title":{"rendered":"LOreal Professionnel Vitamino Color Conditioner 200 ml"},"content":{"rendered":"<p>Serie Expert Vitamino Color Conditioner hoitaa tehokkaasti v\u00e4rj\u00e4ttyj\u00e4 hiuksia shampoopesun j\u00e4lkeen ja edist\u00e4\u00e4 siten v\u00e4rin parempaa s\u00e4ilymist\u00e4. Hoitoaineen ammattimainen koostumus on rikastettu Resveratrolia ja se suojaa v\u00e4ri\u00e4 haalistumista ja hiuskuituja vaurioilta jopa 8 viikon ajan*. Hiukset ovat joustavammat, kosteutetut, helpommin purettavat ja tuntuvat pehme\u00e4mmilt\u00e4 ja sile\u00e4mmilt\u00e4. *Instrumentaalinen testishampoo + hoitoaine.<\/p>\n","protected":false},"excerpt":{"rendered":"<p>Serie Expert Vitamino Color Conditioner hoitaa tehokkaasti v\u00e4rj\u00e4ttyj\u00e4 hiuksia shampoopesun j\u00e4lkeen ja edist\u00e4\u00e4 siten v\u00e4rin parempaa s\u00e4ilymist\u00e4. Hoitoaineen ammattimainen koostumus on rikastettu Resveratrolia ja se suojaa v\u00e4ri\u00e4 haalistumista ja hiuskuituja vaurioilta jopa 8 viikon ajan*. Hiukset ovat joustavammat, kosteutetut, helpommin purettavat ja tuntuvat pehme\u00e4mmilt\u00e4 ja sile\u00e4mmilt\u00e4. *Instrumentaalinen testishampoo + hoitoaine.<\/p>\n","protected":false},"featured_media":114521,"comment_status":"open","ping_status":"closed","template":"","meta":{"_trash_the_other_posts":false},"product_brand":[],"product_cat":[587],"product_tag":[],"berocket_brand":[2000],"class_list":{"0":"post-114522","1":"product","2":"type-product","3":"status-publish","4":"has-post-thumbnail","6":"product_cat-hoitoaine","7":"pa_brand-loreal-paris-2","8":"berocket_brand-loreal-paris","10":"first","11":"instock","12":"sale","13":"taxable","14":"shipping-taxable","15":"purchasable","16":"product-type-simple"},"_links":{"self":[{"href":"https:\/\/stylingagenten.com\/fi\/wp-json\/wp\/v2\/product\/114522","targetHints":{"allow":["GET"]}}],"collection":[{"href":"https:\/\/stylingagenten.com\/fi\/wp-json\/wp\/v2\/product"}],"about":[{"href":"https:\/\/stylingagenten.com\/fi\/wp-json\/wp\/v2\/types\/product"}],"replies":[{"embeddable":true,"href":"https:\/\/stylingagenten.com\/fi\/wp-json\/wp\/v2\/comments?post=114522"}],"version-history":[{"count":0,"href":"https:\/\/stylingagenten.com\/fi\/wp-json\/wp\/v2\/product\/114522\/revisions"}],"wp:featuredmedia":[{"embeddable":true,"href":"https:\/\/stylingagenten.com\/fi\/wp-json\/wp\/v2\/media\/114521"}],"wp:attachment":[{"href":"https:\/\/stylingagenten.com\/fi\/wp-json\/wp\/v2\/media?parent=114522"}],"wp:term":[{"taxonomy":"product_brand","embeddable":true,"href":"https:\/\/stylingagenten.com\/fi\/wp-json\/wp\/v2\/product_brand?post=114522"},{"taxonomy":"product_cat","embeddable":true,"href":"https:\/\/stylingagenten.com\/fi\/wp-json\/wp\/v2\/product_cat?post=114522"},{"taxonomy":"product_tag","embeddable":true,"href":"https:\/\/stylingagenten.com\/fi\/wp-json\/wp\/v2\/product_tag?post=114522"},{"taxonomy":"berocket_brand","embeddable":true,"href":"https:\/\/stylingagenten.com\/fi\/wp-json\/wp\/v2\/berocket_brand?post=114522"}],"curies":[{"name":"wp","href":"https:\/\/api.w.org\/{rel}","templated":true}]}}