{"id":114492,"date":"2025-05-18T21:10:46","date_gmt":"2025-05-18T21:10:46","guid":{"rendered":"https:\/\/staging2.stylingagenten.com\/fi\/produkt\/schwarzkopf-bc-repair-rescue-leave-in-spray-conditioner-200ml\/"},"modified":"2026-03-30T18:07:26","modified_gmt":"2026-03-30T18:07:26","slug":"schwarzkopf-bc-repair-rescue-leave-in-spray-conditioner-200ml","status":"publish","type":"product","link":"https:\/\/stylingagenten.com\/fi\/tuote\/schwarzkopf-bc-repair-rescue-leave-in-spray-conditioner-200ml\/","title":{"rendered":"Schwarzkopf BC Repair Rescue Leave-In Spray Conditioner 200ml"},"content":{"rendered":"<p>BC Bonacure Repair Rescue Spray Conditioner on hiuksiin j\u00e4tett\u00e4v\u00e4 hoitoaine, jolla on v\u00e4lit\u00f6n korjaava vaikutus vaurioituneisiin hiuksiin. T\u00e4m\u00e4 kaksivaiheinen j\u00e4tett\u00e4v\u00e4 tuote yhdist\u00e4\u00e4 tehokkaan pitoisuuden ainesosia, jotka tekev\u00e4t hiuksista v\u00e4litt\u00f6m\u00e4sti pehme\u00e4t ja kimmoisat. Hiukset vahvistetaan v\u00e4ltt\u00e4m\u00e4tt\u00f6m\u00e4ll\u00e4 kosteudella, kun taas joustavuus paranee dramaattisesti maksimaalisen hallittavuuden saavuttamiseksi. <\/p>\n<p>K\u00e4ytt\u00f6: Ravista suihketta hyvin. Suihkuta tasainen kerros puhtaille ja pyyhekuiviin hiuksiin. Tuotetta ei saa huuhdella pois. <\/p>\n<p>200ml<\/p>\n","protected":false},"excerpt":{"rendered":"<p>BC Bonacure Repair Rescue Spray Conditioner on hiuksiin j\u00e4tett\u00e4v\u00e4 hoitoaine, jolla on v\u00e4lit\u00f6n korjaava vaikutus vaurioituneisiin hiuksiin. T\u00e4m\u00e4 kaksivaiheinen j\u00e4tett\u00e4v\u00e4 tuote yhdist\u00e4\u00e4 tehokkaan pitoisuuden ainesosia, jotka tekev\u00e4t hiuksista v\u00e4litt\u00f6m\u00e4sti pehme\u00e4t ja kimmoisat. Hiukset vahvistetaan v\u00e4ltt\u00e4m\u00e4tt\u00f6m\u00e4ll\u00e4 kosteudella, kun taas joustavuus paranee dramaattisesti maksimaalisen hallittavuuden saavuttamiseksi. K\u00e4ytt\u00f6: Ravista suihketta hyvin. Suihkuta tasainen kerros puhtaille ja pyyhekuiviin hiuksiin. [&hellip;]<\/p>\n","protected":false},"featured_media":114488,"comment_status":"open","ping_status":"closed","template":"","meta":{"_trash_the_other_posts":false},"product_brand":[],"product_cat":[587],"product_tag":[],"berocket_brand":[1060],"class_list":{"0":"post-114492","1":"product","2":"type-product","3":"status-publish","4":"has-post-thumbnail","6":"product_cat-hoitoaine","7":"pa_brand-schwarzkopf","8":"berocket_brand-schwarzkopf","10":"first","11":"outofstock","12":"sale","13":"taxable","14":"shipping-taxable","15":"purchasable","16":"product-type-simple"},"_links":{"self":[{"href":"https:\/\/stylingagenten.com\/fi\/wp-json\/wp\/v2\/product\/114492","targetHints":{"allow":["GET"]}}],"collection":[{"href":"https:\/\/stylingagenten.com\/fi\/wp-json\/wp\/v2\/product"}],"about":[{"href":"https:\/\/stylingagenten.com\/fi\/wp-json\/wp\/v2\/types\/product"}],"replies":[{"embeddable":true,"href":"https:\/\/stylingagenten.com\/fi\/wp-json\/wp\/v2\/comments?post=114492"}],"version-history":[{"count":0,"href":"https:\/\/stylingagenten.com\/fi\/wp-json\/wp\/v2\/product\/114492\/revisions"}],"wp:featuredmedia":[{"embeddable":true,"href":"https:\/\/stylingagenten.com\/fi\/wp-json\/wp\/v2\/media\/114488"}],"wp:attachment":[{"href":"https:\/\/stylingagenten.com\/fi\/wp-json\/wp\/v2\/media?parent=114492"}],"wp:term":[{"taxonomy":"product_brand","embeddable":true,"href":"https:\/\/stylingagenten.com\/fi\/wp-json\/wp\/v2\/product_brand?post=114492"},{"taxonomy":"product_cat","embeddable":true,"href":"https:\/\/stylingagenten.com\/fi\/wp-json\/wp\/v2\/product_cat?post=114492"},{"taxonomy":"product_tag","embeddable":true,"href":"https:\/\/stylingagenten.com\/fi\/wp-json\/wp\/v2\/product_tag?post=114492"},{"taxonomy":"berocket_brand","embeddable":true,"href":"https:\/\/stylingagenten.com\/fi\/wp-json\/wp\/v2\/berocket_brand?post=114492"}],"curies":[{"name":"wp","href":"https:\/\/api.w.org\/{rel}","templated":true}]}}