{"id":114477,"date":"2025-05-18T21:10:43","date_gmt":"2025-05-18T21:10:43","guid":{"rendered":"https:\/\/staging2.stylingagenten.com\/fi\/produkt\/schwarzkopf-bc-color-freeze-conditioner-200ml\/"},"modified":"2026-03-11T21:45:46","modified_gmt":"2026-03-11T21:45:46","slug":"schwarzkopf-bc-color-freeze-conditioner-200ml","status":"publish","type":"product","link":"https:\/\/stylingagenten.com\/fi\/tuote\/schwarzkopf-bc-color-freeze-conditioner-200ml\/","title":{"rendered":"Schwarzkopf BC Color Freeze Conditioner 200ml"},"content":{"rendered":"<p>BC Bonacure Color Freeze Conditioner on hell\u00e4varainen hoitoaine, joka on kehitetty erityisesti v\u00e4rj\u00e4tyille hiuksille. Joustava koostumus hoitaa hiuksia rasittamatta niit\u00e4. Samalla hiukset saavat optimaalisen pH-arvon takaisin optimaalisen pH-arvon saavuttamiseksi pitk\u00e4kestoisten intensiivisten v\u00e4ritulosten saavuttamiseksi pH 4,5 Balancer Technologyn ansiosta. <\/p>\n<p>200ml<\/p>\n","protected":false},"excerpt":{"rendered":"<p>BC Bonacure Color Freeze Conditioner on hell\u00e4varainen hoitoaine, joka on kehitetty erityisesti v\u00e4rj\u00e4tyille hiuksille. Joustava koostumus hoitaa hiuksia rasittamatta niit\u00e4. Samalla hiukset saavat optimaalisen pH-arvon takaisin optimaalisen pH-arvon saavuttamiseksi pitk\u00e4kestoisten intensiivisten v\u00e4ritulosten saavuttamiseksi pH 4,5 Balancer Technologyn ansiosta. 200ml<\/p>\n","protected":false},"featured_media":114475,"comment_status":"open","ping_status":"closed","template":"","meta":{"_trash_the_other_posts":false},"product_brand":[],"product_cat":[587],"product_tag":[],"berocket_brand":[1060],"class_list":{"0":"post-114477","1":"product","2":"type-product","3":"status-publish","4":"has-post-thumbnail","6":"product_cat-hoitoaine","7":"pa_brand-schwarzkopf","8":"berocket_brand-schwarzkopf","10":"first","11":"instock","12":"sale","13":"taxable","14":"shipping-taxable","15":"purchasable","16":"product-type-simple"},"_links":{"self":[{"href":"https:\/\/stylingagenten.com\/fi\/wp-json\/wp\/v2\/product\/114477","targetHints":{"allow":["GET"]}}],"collection":[{"href":"https:\/\/stylingagenten.com\/fi\/wp-json\/wp\/v2\/product"}],"about":[{"href":"https:\/\/stylingagenten.com\/fi\/wp-json\/wp\/v2\/types\/product"}],"replies":[{"embeddable":true,"href":"https:\/\/stylingagenten.com\/fi\/wp-json\/wp\/v2\/comments?post=114477"}],"version-history":[{"count":0,"href":"https:\/\/stylingagenten.com\/fi\/wp-json\/wp\/v2\/product\/114477\/revisions"}],"wp:featuredmedia":[{"embeddable":true,"href":"https:\/\/stylingagenten.com\/fi\/wp-json\/wp\/v2\/media\/114475"}],"wp:attachment":[{"href":"https:\/\/stylingagenten.com\/fi\/wp-json\/wp\/v2\/media?parent=114477"}],"wp:term":[{"taxonomy":"product_brand","embeddable":true,"href":"https:\/\/stylingagenten.com\/fi\/wp-json\/wp\/v2\/product_brand?post=114477"},{"taxonomy":"product_cat","embeddable":true,"href":"https:\/\/stylingagenten.com\/fi\/wp-json\/wp\/v2\/product_cat?post=114477"},{"taxonomy":"product_tag","embeddable":true,"href":"https:\/\/stylingagenten.com\/fi\/wp-json\/wp\/v2\/product_tag?post=114477"},{"taxonomy":"berocket_brand","embeddable":true,"href":"https:\/\/stylingagenten.com\/fi\/wp-json\/wp\/v2\/berocket_brand?post=114477"}],"curies":[{"name":"wp","href":"https:\/\/api.w.org\/{rel}","templated":true}]}}