{"id":114471,"date":"2025-05-18T21:10:41","date_gmt":"2025-05-18T21:10:41","guid":{"rendered":"https:\/\/staging2.stylingagenten.com\/fi\/produkt\/milk_shake-curl-passion-conditioner-300ml\/"},"modified":"2026-04-12T08:18:43","modified_gmt":"2026-04-12T08:18:43","slug":"milk_shake-curl-passion-conditioner-300ml","status":"publish","type":"product","link":"https:\/\/stylingagenten.com\/fi\/tuote\/milk_shake-curl-passion-conditioner-300ml\/","title":{"rendered":"Milk_Shake Curl Passion Conditioner 300ml"},"content":{"rendered":"<p>Loistava hoitoaine kiharille hiuksille!<\/p>\n<p>Milk Shake Curl Passion Conditioner auttaa sinua saamaan tainnutus, joustavuus ja pitk\u00e4kestoinen viehe. Yleens\u00e4 kiharan hiuksen p\u00f6rr\u00f6isyyden aiheuttaa puutteen vuoksi kosteutta ja levit\u00e4 sit\u00e4 sitten pituuksiin saadaksesi hiukset oikean kosteustasapainon.<br \/>T\u00e4m\u00e4 erityisesti kiharaille hiuksille suunniteltu kosteuttava hoitoaine on parabeeniton.<br \/>Ihanteellinen kaikille hiustyypeille antamaan pehmeytt\u00e4 ja kimmoisuutta rasittamatta hiuksia. hiukset.<\/p>\n","protected":false},"excerpt":{"rendered":"<p>Loistava hoitoaine kiharille hiuksille! Milk Shake Curl Passion Conditioner auttaa sinua saamaan tainnutus, joustavuus ja pitk\u00e4kestoinen viehe. Yleens\u00e4 kiharan hiuksen p\u00f6rr\u00f6isyyden aiheuttaa puutteen vuoksi kosteutta ja levit\u00e4 sit\u00e4 sitten pituuksiin saadaksesi hiukset oikean kosteustasapainon.T\u00e4m\u00e4 erityisesti kiharaille hiuksille suunniteltu kosteuttava hoitoaine on parabeeniton.Ihanteellinen kaikille hiustyypeille antamaan pehmeytt\u00e4 ja kimmoisuutta rasittamatta hiuksia. hiukset.<\/p>\n","protected":false},"featured_media":114468,"comment_status":"open","ping_status":"closed","template":"","meta":{"_trash_the_other_posts":false},"product_brand":[],"product_cat":[587,1003],"product_tag":[3572],"berocket_brand":[1085],"class_list":{"0":"post-114471","1":"product","2":"type-product","3":"status-publish","4":"has-post-thumbnail","6":"product_cat-hoitoaine","7":"product_cat-myydyimmat","8":"product_tag-milk_shake-curl-passion-conditioner","9":"pa_brand-milk_shake","10":"pa_variantti-300ml","11":"berocket_brand-milk_shake","13":"first","14":"instock","15":"sale","16":"taxable","17":"shipping-taxable","18":"purchasable","19":"product-type-simple"},"_links":{"self":[{"href":"https:\/\/stylingagenten.com\/fi\/wp-json\/wp\/v2\/product\/114471","targetHints":{"allow":["GET"]}}],"collection":[{"href":"https:\/\/stylingagenten.com\/fi\/wp-json\/wp\/v2\/product"}],"about":[{"href":"https:\/\/stylingagenten.com\/fi\/wp-json\/wp\/v2\/types\/product"}],"replies":[{"embeddable":true,"href":"https:\/\/stylingagenten.com\/fi\/wp-json\/wp\/v2\/comments?post=114471"}],"version-history":[{"count":0,"href":"https:\/\/stylingagenten.com\/fi\/wp-json\/wp\/v2\/product\/114471\/revisions"}],"wp:featuredmedia":[{"embeddable":true,"href":"https:\/\/stylingagenten.com\/fi\/wp-json\/wp\/v2\/media\/114468"}],"wp:attachment":[{"href":"https:\/\/stylingagenten.com\/fi\/wp-json\/wp\/v2\/media?parent=114471"}],"wp:term":[{"taxonomy":"product_brand","embeddable":true,"href":"https:\/\/stylingagenten.com\/fi\/wp-json\/wp\/v2\/product_brand?post=114471"},{"taxonomy":"product_cat","embeddable":true,"href":"https:\/\/stylingagenten.com\/fi\/wp-json\/wp\/v2\/product_cat?post=114471"},{"taxonomy":"product_tag","embeddable":true,"href":"https:\/\/stylingagenten.com\/fi\/wp-json\/wp\/v2\/product_tag?post=114471"},{"taxonomy":"berocket_brand","embeddable":true,"href":"https:\/\/stylingagenten.com\/fi\/wp-json\/wp\/v2\/berocket_brand?post=114471"}],"curies":[{"name":"wp","href":"https:\/\/api.w.org\/{rel}","templated":true}]}}