{"id":114435,"date":"2025-05-18T21:10:31","date_gmt":"2025-05-18T21:10:31","guid":{"rendered":"https:\/\/staging2.stylingagenten.com\/fi\/produkt\/rco-gemstone-color-conditioner-251ml\/"},"modified":"2026-03-11T21:50:01","modified_gmt":"2026-03-11T21:50:01","slug":"rco-gemstone-color-conditioner-251ml","status":"publish","type":"product","link":"https:\/\/stylingagenten.com\/fi\/tuote\/rco-gemstone-color-conditioner-251ml\/","title":{"rendered":"R+Co Gemstone Color Conditioner 251ml"},"content":{"rendered":"<p>Anna itsesi loistaa GEMSTONElla, joka on ravitseva shampoo ja hoitoaine v\u00e4rj\u00e4tyille hiuksille. Sis\u00e4lt\u00e4\u00e4 v\u00e4rinsuojakompleksia, joka auttaa s\u00e4ilytt\u00e4m\u00e4\u00e4n ja laajentamaan hiustesi v\u00e4rin kiiltoa. Tasapainottaa my\u00f6s p\u00e4\u00e4nahkaa, kesytt\u00e4\u00e4 p\u00f6rr\u00f6isyytt\u00e4 ja sulkee katkenneita latvoja.<\/p>\n<p>Hyv\u00e4: S\u00e4ilytt\u00e4\u00e4 hiusv\u00e4rin jopa kymmenen pesun ajan.<br \/>Tee n\u00e4in: Levit\u00e4 shampoo hiusten l\u00e4pi. Huuhtele. Jatka R+Co GEMSTONE Color Conditioner -hoitoaineella.<br \/>HAJU: Suhteellinen paratiisi.<\/p>\n<p>T\u00e4rkeimm\u00e4t ainesosat:<br \/>ChromoHance Complex: s\u00e4ilytt\u00e4\u00e4 v\u00e4rin kest\u00e4vyyden ja kiillon, lis\u00e4\u00e4 pehmeytt\u00e4, kosteutta, kiiltoa ja korjaa hiuksia.<br \/> Litsiuute: parantaa hiusten vahvuutta ja joustavuutta ja antaa tuntuvaa kiiltoa. Suojaa ulkoisilta ymp\u00e4rist\u00f6vaikutuksilta.<br \/>Orcan siemenuute: kosteuttaa hiuksia ja p\u00e4\u00e4nahkaa. Edist\u00e4\u00e4 optimaalista p\u00e4\u00e4nahan ymp\u00e4rist\u00f6\u00e4. Pehment\u00e4\u00e4 hiuss\u00e4ikeit\u00e4 ja j\u00e4tt\u00e4\u00e4 hiukset kiilt\u00e4viksi, pehmeiksi ja p\u00f6rr\u00f6isiksi.<br \/>E-vitamiini: pehment\u00e4\u00e4 syv\u00e4sti, lis\u00e4\u00e4 kiiltoa ja kiiltoa. Luonnollisesti runsaasti antioksidantteja, jotka suojaavat hiuksia ulkoisilta ymp\u00e4rist\u00f6vaikutuksilta sek\u00e4 hiusten ja p\u00e4\u00e4nahan kuivumiselta.<br \/>Uute auringonkukan versoista: luonnollinen kasvijohdannainen, jolla on kosteuttavia ominaisuuksia. Poistaa p\u00f6rr\u00f6isyytt\u00e4 ja antaa v\u00e4litt\u00f6m\u00e4n kiillon ja pehmeyden hiuksille.<\/p>\n","protected":false},"excerpt":{"rendered":"<p>Anna itsesi loistaa GEMSTONElla, joka on ravitseva shampoo ja hoitoaine v\u00e4rj\u00e4tyille hiuksille. Sis\u00e4lt\u00e4\u00e4 v\u00e4rinsuojakompleksia, joka auttaa s\u00e4ilytt\u00e4m\u00e4\u00e4n ja laajentamaan hiustesi v\u00e4rin kiiltoa. Tasapainottaa my\u00f6s p\u00e4\u00e4nahkaa, kesytt\u00e4\u00e4 p\u00f6rr\u00f6isyytt\u00e4 ja sulkee katkenneita latvoja. Hyv\u00e4: S\u00e4ilytt\u00e4\u00e4 hiusv\u00e4rin jopa kymmenen pesun ajan.Tee n\u00e4in: Levit\u00e4 shampoo hiusten l\u00e4pi. Huuhtele. Jatka R+Co GEMSTONE Color Conditioner -hoitoaineella.HAJU: Suhteellinen paratiisi. T\u00e4rkeimm\u00e4t ainesosat:ChromoHance Complex: [&hellip;]<\/p>\n","protected":false},"featured_media":114434,"comment_status":"open","ping_status":"closed","template":"","meta":{"_trash_the_other_posts":false},"product_brand":[],"product_cat":[587],"product_tag":[],"berocket_brand":[1373],"class_list":{"0":"post-114435","1":"product","2":"type-product","3":"status-publish","4":"has-post-thumbnail","6":"product_cat-hoitoaine","7":"pa_brand-rco","8":"berocket_brand-rco","10":"first","11":"instock","12":"sale","13":"taxable","14":"shipping-taxable","15":"purchasable","16":"product-type-simple"},"_links":{"self":[{"href":"https:\/\/stylingagenten.com\/fi\/wp-json\/wp\/v2\/product\/114435","targetHints":{"allow":["GET"]}}],"collection":[{"href":"https:\/\/stylingagenten.com\/fi\/wp-json\/wp\/v2\/product"}],"about":[{"href":"https:\/\/stylingagenten.com\/fi\/wp-json\/wp\/v2\/types\/product"}],"replies":[{"embeddable":true,"href":"https:\/\/stylingagenten.com\/fi\/wp-json\/wp\/v2\/comments?post=114435"}],"version-history":[{"count":0,"href":"https:\/\/stylingagenten.com\/fi\/wp-json\/wp\/v2\/product\/114435\/revisions"}],"wp:featuredmedia":[{"embeddable":true,"href":"https:\/\/stylingagenten.com\/fi\/wp-json\/wp\/v2\/media\/114434"}],"wp:attachment":[{"href":"https:\/\/stylingagenten.com\/fi\/wp-json\/wp\/v2\/media?parent=114435"}],"wp:term":[{"taxonomy":"product_brand","embeddable":true,"href":"https:\/\/stylingagenten.com\/fi\/wp-json\/wp\/v2\/product_brand?post=114435"},{"taxonomy":"product_cat","embeddable":true,"href":"https:\/\/stylingagenten.com\/fi\/wp-json\/wp\/v2\/product_cat?post=114435"},{"taxonomy":"product_tag","embeddable":true,"href":"https:\/\/stylingagenten.com\/fi\/wp-json\/wp\/v2\/product_tag?post=114435"},{"taxonomy":"berocket_brand","embeddable":true,"href":"https:\/\/stylingagenten.com\/fi\/wp-json\/wp\/v2\/berocket_brand?post=114435"}],"curies":[{"name":"wp","href":"https:\/\/api.w.org\/{rel}","templated":true}]}}