{"id":114429,"date":"2025-05-18T21:10:29","date_gmt":"2025-05-18T21:10:29","guid":{"rendered":"https:\/\/staging2.stylingagenten.com\/fi\/produkt\/ida-warg-plumping-conditioner-pro-size-500ml\/"},"modified":"2026-03-31T19:48:34","modified_gmt":"2026-03-31T19:48:34","slug":"ida-warg-plumping-conditioner-pro-size-500ml","status":"publish","type":"product","link":"https:\/\/stylingagenten.com\/fi\/tuote\/ida-warg-plumping-conditioner-pro-size-500ml\/","title":{"rendered":"Ida Warg Plumping Conditioner Pro Size 500ml"},"content":{"rendered":"<p>Pro-kokoinen Plumping Conditioner -hoitoaine antaa hiuksille lis\u00e4\u00e4 volyymia, t\u00e4ytel\u00e4isyytt\u00e4 ja tiheytt\u00e4. Lis\u00e4\u00e4 ja s\u00e4ilytt\u00e4\u00e4 kosteuden syv\u00e4ll\u00e4 hiusvarren sis\u00e4ll\u00e4 hydrolysoitujen vehn\u00e4proteiinien avulla. Peptidit korjaavat hiusten sis\u00e4isen rakenteen vaurioita ja antavat t\u00e4ytel\u00e4isemm\u00e4n tunteen. K\u00e4yt\u00e4 yhdess\u00e4 Plumping Shampoon kanssa saadaksesi parhaat tulokset.<\/p>\n<p>Ihanan kihelm\u00f6iv\u00e4 ja raikas tuoksu, jossa on vivahteita sitrusta, katajaa ja p\u00e4\u00e4ryn\u00e4\u00e4<br \/>100 % vegaaninen ja julmuusvapaa<br \/>Ei sis\u00e4ll\u00e4 parabeeneja ja sulfaatteja<\/p>\n","protected":false},"excerpt":{"rendered":"<p>Pro-kokoinen Plumping Conditioner -hoitoaine antaa hiuksille lis\u00e4\u00e4 volyymia, t\u00e4ytel\u00e4isyytt\u00e4 ja tiheytt\u00e4. Lis\u00e4\u00e4 ja s\u00e4ilytt\u00e4\u00e4 kosteuden syv\u00e4ll\u00e4 hiusvarren sis\u00e4ll\u00e4 hydrolysoitujen vehn\u00e4proteiinien avulla. Peptidit korjaavat hiusten sis\u00e4isen rakenteen vaurioita ja antavat t\u00e4ytel\u00e4isemm\u00e4n tunteen. K\u00e4yt\u00e4 yhdess\u00e4 Plumping Shampoon kanssa saadaksesi parhaat tulokset. Ihanan kihelm\u00f6iv\u00e4 ja raikas tuoksu, jossa on vivahteita sitrusta, katajaa ja p\u00e4\u00e4ryn\u00e4\u00e4100 % vegaaninen ja julmuusvapaaEi [&hellip;]<\/p>\n","protected":false},"featured_media":114425,"comment_status":"open","ping_status":"closed","template":"","meta":{"_trash_the_other_posts":false},"product_brand":[],"product_cat":[587],"product_tag":[3009],"berocket_brand":[1346],"class_list":{"0":"post-114429","1":"product","2":"type-product","3":"status-publish","4":"has-post-thumbnail","6":"product_cat-hoitoaine","7":"product_tag-ida-warg-plumping-conditioner","8":"pa_brand-ida-warg","9":"pa_variantti-500ml","10":"berocket_brand-ida-warg","12":"first","13":"instock","14":"sale","15":"taxable","16":"shipping-taxable","17":"purchasable","18":"product-type-simple"},"_links":{"self":[{"href":"https:\/\/stylingagenten.com\/fi\/wp-json\/wp\/v2\/product\/114429","targetHints":{"allow":["GET"]}}],"collection":[{"href":"https:\/\/stylingagenten.com\/fi\/wp-json\/wp\/v2\/product"}],"about":[{"href":"https:\/\/stylingagenten.com\/fi\/wp-json\/wp\/v2\/types\/product"}],"replies":[{"embeddable":true,"href":"https:\/\/stylingagenten.com\/fi\/wp-json\/wp\/v2\/comments?post=114429"}],"version-history":[{"count":0,"href":"https:\/\/stylingagenten.com\/fi\/wp-json\/wp\/v2\/product\/114429\/revisions"}],"wp:featuredmedia":[{"embeddable":true,"href":"https:\/\/stylingagenten.com\/fi\/wp-json\/wp\/v2\/media\/114425"}],"wp:attachment":[{"href":"https:\/\/stylingagenten.com\/fi\/wp-json\/wp\/v2\/media?parent=114429"}],"wp:term":[{"taxonomy":"product_brand","embeddable":true,"href":"https:\/\/stylingagenten.com\/fi\/wp-json\/wp\/v2\/product_brand?post=114429"},{"taxonomy":"product_cat","embeddable":true,"href":"https:\/\/stylingagenten.com\/fi\/wp-json\/wp\/v2\/product_cat?post=114429"},{"taxonomy":"product_tag","embeddable":true,"href":"https:\/\/stylingagenten.com\/fi\/wp-json\/wp\/v2\/product_tag?post=114429"},{"taxonomy":"berocket_brand","embeddable":true,"href":"https:\/\/stylingagenten.com\/fi\/wp-json\/wp\/v2\/berocket_brand?post=114429"}],"curies":[{"name":"wp","href":"https:\/\/api.w.org\/{rel}","templated":true}]}}