{"id":114402,"date":"2025-05-18T21:10:23","date_gmt":"2025-05-18T21:10:23","guid":{"rendered":"https:\/\/staging2.stylingagenten.com\/fi\/produkt\/paul-mitchell-clean-beauty-everyday-leave-in-treatment-150ml\/"},"modified":"2026-03-11T21:55:57","modified_gmt":"2026-03-11T21:55:57","slug":"paul-mitchell-clean-beauty-everyday-leave-in-treatment-150ml","status":"publish","type":"product","link":"https:\/\/stylingagenten.com\/fi\/tuote\/paul-mitchell-clean-beauty-everyday-leave-in-treatment-150ml\/","title":{"rendered":"Paul Mitchell Clean Beauty Everyday Leave-In Treatment 150ml"},"content":{"rendered":"<p>Clean Beauty Everyday j\u00e4tett\u00e4v\u00e4 hoitoaine 150 ml<br \/>94 % luonnollinen. T\u00e4m\u00e4 palkittu hiuksiin j\u00e4tett\u00e4v\u00e4 hoitoaine ravitsee ja lis\u00e4\u00e4 kosteutta hiuksiin painamatta niit\u00e4. Rikastettu argan\u00f6ljyll\u00e4 ja aloe veralla tekee hiuksista pehme\u00e4mpi\u00e4 ja terveellisempi\u00e4.<\/p>\n","protected":false},"excerpt":{"rendered":"<p>Clean Beauty Everyday j\u00e4tett\u00e4v\u00e4 hoitoaine 150 ml94 % luonnollinen. T\u00e4m\u00e4 palkittu hiuksiin j\u00e4tett\u00e4v\u00e4 hoitoaine ravitsee ja lis\u00e4\u00e4 kosteutta hiuksiin painamatta niit\u00e4. Rikastettu argan\u00f6ljyll\u00e4 ja aloe veralla tekee hiuksista pehme\u00e4mpi\u00e4 ja terveellisempi\u00e4.<\/p>\n","protected":false},"featured_media":114399,"comment_status":"open","ping_status":"closed","template":"","meta":{"_trash_the_other_posts":false},"product_brand":[],"product_cat":[620],"product_tag":[],"berocket_brand":[1053],"class_list":{"0":"post-114402","1":"product","2":"type-product","3":"status-publish","4":"has-post-thumbnail","6":"product_cat-hiuskaare","7":"pa_brand-paul-mitchell","8":"berocket_brand-paul-mitchell","10":"first","11":"instock","12":"sale","13":"taxable","14":"shipping-taxable","15":"purchasable","16":"product-type-simple"},"_links":{"self":[{"href":"https:\/\/stylingagenten.com\/fi\/wp-json\/wp\/v2\/product\/114402","targetHints":{"allow":["GET"]}}],"collection":[{"href":"https:\/\/stylingagenten.com\/fi\/wp-json\/wp\/v2\/product"}],"about":[{"href":"https:\/\/stylingagenten.com\/fi\/wp-json\/wp\/v2\/types\/product"}],"replies":[{"embeddable":true,"href":"https:\/\/stylingagenten.com\/fi\/wp-json\/wp\/v2\/comments?post=114402"}],"version-history":[{"count":0,"href":"https:\/\/stylingagenten.com\/fi\/wp-json\/wp\/v2\/product\/114402\/revisions"}],"wp:featuredmedia":[{"embeddable":true,"href":"https:\/\/stylingagenten.com\/fi\/wp-json\/wp\/v2\/media\/114399"}],"wp:attachment":[{"href":"https:\/\/stylingagenten.com\/fi\/wp-json\/wp\/v2\/media?parent=114402"}],"wp:term":[{"taxonomy":"product_brand","embeddable":true,"href":"https:\/\/stylingagenten.com\/fi\/wp-json\/wp\/v2\/product_brand?post=114402"},{"taxonomy":"product_cat","embeddable":true,"href":"https:\/\/stylingagenten.com\/fi\/wp-json\/wp\/v2\/product_cat?post=114402"},{"taxonomy":"product_tag","embeddable":true,"href":"https:\/\/stylingagenten.com\/fi\/wp-json\/wp\/v2\/product_tag?post=114402"},{"taxonomy":"berocket_brand","embeddable":true,"href":"https:\/\/stylingagenten.com\/fi\/wp-json\/wp\/v2\/berocket_brand?post=114402"}],"curies":[{"name":"wp","href":"https:\/\/api.w.org\/{rel}","templated":true}]}}