{"id":114391,"date":"2025-05-18T21:10:21","date_gmt":"2025-05-18T21:10:21","guid":{"rendered":"https:\/\/staging2.stylingagenten.com\/fi\/produkt\/paul-mitchell-clean-beauty-hydrate-conditioner-1000ml\/"},"modified":"2026-03-11T22:01:48","modified_gmt":"2026-03-11T22:01:48","slug":"paul-mitchell-clean-beauty-hydrate-conditioner-1000ml","status":"publish","type":"product","link":"https:\/\/stylingagenten.com\/fi\/tuote\/paul-mitchell-clean-beauty-hydrate-conditioner-1000ml\/","title":{"rendered":"Paul Mitchell Clean Beauty Hydrate Conditioner 1000ml"},"content":{"rendered":"<p>Clean Beauty Hydrate hoitoaine. Oliivi- ja vehn\u00e4peptideill\u00e4 rikastettu kermainen ja hoitava balsami kosteuttaa ja lis\u00e4\u00e4 kiiltoa.<\/p>\n","protected":false},"excerpt":{"rendered":"<p>Clean Beauty Hydrate hoitoaine. Oliivi- ja vehn\u00e4peptideill\u00e4 rikastettu kermainen ja hoitava balsami kosteuttaa ja lis\u00e4\u00e4 kiiltoa.<\/p>\n","protected":false},"featured_media":114388,"comment_status":"open","ping_status":"closed","template":"","meta":{"_trash_the_other_posts":false},"product_brand":[],"product_cat":[587],"product_tag":[3763],"berocket_brand":[1053],"class_list":{"0":"post-114391","1":"product","2":"type-product","3":"status-publish","4":"has-post-thumbnail","6":"product_cat-hoitoaine","7":"product_tag-paul-mitchell-clean-beauty-hydrate-conditioner","8":"pa_brand-paul-mitchell","9":"pa_variantti-1000ml","10":"berocket_brand-paul-mitchell","12":"first","13":"instock","14":"sale","15":"taxable","16":"shipping-taxable","17":"purchasable","18":"product-type-simple"},"_links":{"self":[{"href":"https:\/\/stylingagenten.com\/fi\/wp-json\/wp\/v2\/product\/114391","targetHints":{"allow":["GET"]}}],"collection":[{"href":"https:\/\/stylingagenten.com\/fi\/wp-json\/wp\/v2\/product"}],"about":[{"href":"https:\/\/stylingagenten.com\/fi\/wp-json\/wp\/v2\/types\/product"}],"replies":[{"embeddable":true,"href":"https:\/\/stylingagenten.com\/fi\/wp-json\/wp\/v2\/comments?post=114391"}],"version-history":[{"count":0,"href":"https:\/\/stylingagenten.com\/fi\/wp-json\/wp\/v2\/product\/114391\/revisions"}],"wp:featuredmedia":[{"embeddable":true,"href":"https:\/\/stylingagenten.com\/fi\/wp-json\/wp\/v2\/media\/114388"}],"wp:attachment":[{"href":"https:\/\/stylingagenten.com\/fi\/wp-json\/wp\/v2\/media?parent=114391"}],"wp:term":[{"taxonomy":"product_brand","embeddable":true,"href":"https:\/\/stylingagenten.com\/fi\/wp-json\/wp\/v2\/product_brand?post=114391"},{"taxonomy":"product_cat","embeddable":true,"href":"https:\/\/stylingagenten.com\/fi\/wp-json\/wp\/v2\/product_cat?post=114391"},{"taxonomy":"product_tag","embeddable":true,"href":"https:\/\/stylingagenten.com\/fi\/wp-json\/wp\/v2\/product_tag?post=114391"},{"taxonomy":"berocket_brand","embeddable":true,"href":"https:\/\/stylingagenten.com\/fi\/wp-json\/wp\/v2\/berocket_brand?post=114391"}],"curies":[{"name":"wp","href":"https:\/\/api.w.org\/{rel}","templated":true}]}}