{"id":114384,"date":"2025-05-18T21:10:19","date_gmt":"2025-05-18T21:10:19","guid":{"rendered":"https:\/\/staging2.stylingagenten.com\/fi\/produkt\/sebastian-professional-volupt-conditioner-250ml\/"},"modified":"2026-03-30T09:08:44","modified_gmt":"2026-03-30T09:08:44","slug":"sebastian-professional-volupt-conditioner-250ml","status":"publish","type":"product","link":"https:\/\/stylingagenten.com\/fi\/tuote\/sebastian-professional-volupt-conditioner-250ml\/","title":{"rendered":"Sebastian Professional Volupt Conditioner 250ml"},"content":{"rendered":"<p>Lis\u00e4\u00e4 ohuiden hiusten volyymia Sebastian Professional Volupt -hoitoaineella. T\u00e4m\u00e4 ammattimainen hiustuote, jossa on vallankumouksellinen pehmustava hiukkasteknologia, lis\u00e4\u00e4 hiuksiin volyymia antaen hiuksille aistillisen pehmeyden ja t\u00e4ytel\u00e4isemm\u00e4n ilmeen. Sebastianin volyymia lis\u00e4\u00e4v\u00e4 hoitoaine sis\u00e4lt\u00e4\u00e4 luonnollista bambuuutetta ja sopii v\u00e4rj\u00e4tyille hiuksille ja antaa ohuille hiuksille lis\u00e4keleytt\u00e4 parantaen samalla hiustyyli\u00e4.<\/p>\n","protected":false},"excerpt":{"rendered":"<p>Lis\u00e4\u00e4 ohuiden hiusten volyymia Sebastian Professional Volupt -hoitoaineella. T\u00e4m\u00e4 ammattimainen hiustuote, jossa on vallankumouksellinen pehmustava hiukkasteknologia, lis\u00e4\u00e4 hiuksiin volyymia antaen hiuksille aistillisen pehmeyden ja t\u00e4ytel\u00e4isemm\u00e4n ilmeen. Sebastianin volyymia lis\u00e4\u00e4v\u00e4 hoitoaine sis\u00e4lt\u00e4\u00e4 luonnollista bambuuutetta ja sopii v\u00e4rj\u00e4tyille hiuksille ja antaa ohuille hiuksille lis\u00e4keleytt\u00e4 parantaen samalla hiustyyli\u00e4.<\/p>\n","protected":false},"featured_media":114382,"comment_status":"open","ping_status":"closed","template":"","meta":{"_trash_the_other_posts":false},"product_brand":[],"product_cat":[587],"product_tag":[],"berocket_brand":[1194],"class_list":{"0":"post-114384","1":"product","2":"type-product","3":"status-publish","4":"has-post-thumbnail","6":"product_cat-hoitoaine","7":"pa_brand-sebastian","8":"berocket_brand-sebastian","10":"first","11":"outofstock","12":"sale","13":"taxable","14":"shipping-taxable","15":"purchasable","16":"product-type-simple"},"_links":{"self":[{"href":"https:\/\/stylingagenten.com\/fi\/wp-json\/wp\/v2\/product\/114384","targetHints":{"allow":["GET"]}}],"collection":[{"href":"https:\/\/stylingagenten.com\/fi\/wp-json\/wp\/v2\/product"}],"about":[{"href":"https:\/\/stylingagenten.com\/fi\/wp-json\/wp\/v2\/types\/product"}],"replies":[{"embeddable":true,"href":"https:\/\/stylingagenten.com\/fi\/wp-json\/wp\/v2\/comments?post=114384"}],"version-history":[{"count":0,"href":"https:\/\/stylingagenten.com\/fi\/wp-json\/wp\/v2\/product\/114384\/revisions"}],"wp:featuredmedia":[{"embeddable":true,"href":"https:\/\/stylingagenten.com\/fi\/wp-json\/wp\/v2\/media\/114382"}],"wp:attachment":[{"href":"https:\/\/stylingagenten.com\/fi\/wp-json\/wp\/v2\/media?parent=114384"}],"wp:term":[{"taxonomy":"product_brand","embeddable":true,"href":"https:\/\/stylingagenten.com\/fi\/wp-json\/wp\/v2\/product_brand?post=114384"},{"taxonomy":"product_cat","embeddable":true,"href":"https:\/\/stylingagenten.com\/fi\/wp-json\/wp\/v2\/product_cat?post=114384"},{"taxonomy":"product_tag","embeddable":true,"href":"https:\/\/stylingagenten.com\/fi\/wp-json\/wp\/v2\/product_tag?post=114384"},{"taxonomy":"berocket_brand","embeddable":true,"href":"https:\/\/stylingagenten.com\/fi\/wp-json\/wp\/v2\/berocket_brand?post=114384"}],"curies":[{"name":"wp","href":"https:\/\/api.w.org\/{rel}","templated":true}]}}