{"id":114374,"date":"2025-05-18T21:10:16","date_gmt":"2025-05-18T21:10:16","guid":{"rendered":"https:\/\/staging2.stylingagenten.com\/fi\/produkt\/sebastian-professional-trilliance-conditioner-250ml\/"},"modified":"2026-03-11T21:51:15","modified_gmt":"2026-03-11T21:51:15","slug":"sebastian-professional-trilliance-conditioner-250ml","status":"publish","type":"product","link":"https:\/\/stylingagenten.com\/fi\/tuote\/sebastian-professional-trilliance-conditioner-250ml\/","title":{"rendered":"Sebastian Professional Trilliance Conditioner 250ml"},"content":{"rendered":"<p>Valmistele hiukset lis\u00e4\u00e4m\u00e4\u00e4n kiiltoa Sebastian Professional Trillliance -hoitoaineella. T\u00e4m\u00e4 ammattimainen hiustuote vuorikristalliuutteella puhdistaa hiukset ja poistaa j\u00e4\u00e4m\u00e4t kiillottaen hiusten pintaa saadakseen aikaan paremman valon heijastuksen. Sebastianin kiilt\u00e4v\u00e4 hoitoaine tasoittaa hiusten pintaa ja luo virheett\u00f6m\u00e4n pohjan muotoilulle.<\/p>\n","protected":false},"excerpt":{"rendered":"<p>Valmistele hiukset lis\u00e4\u00e4m\u00e4\u00e4n kiiltoa Sebastian Professional Trillliance -hoitoaineella. T\u00e4m\u00e4 ammattimainen hiustuote vuorikristalliuutteella puhdistaa hiukset ja poistaa j\u00e4\u00e4m\u00e4t kiillottaen hiusten pintaa saadakseen aikaan paremman valon heijastuksen. Sebastianin kiilt\u00e4v\u00e4 hoitoaine tasoittaa hiusten pintaa ja luo virheett\u00f6m\u00e4n pohjan muotoilulle.<\/p>\n","protected":false},"featured_media":114373,"comment_status":"open","ping_status":"closed","template":"","meta":{"_trash_the_other_posts":false},"product_brand":[],"product_cat":[587],"product_tag":[],"berocket_brand":[1194],"class_list":{"0":"post-114374","1":"product","2":"type-product","3":"status-publish","4":"has-post-thumbnail","6":"product_cat-hoitoaine","7":"pa_brand-sebastian","8":"berocket_brand-sebastian","10":"first","11":"instock","12":"sale","13":"taxable","14":"shipping-taxable","15":"purchasable","16":"product-type-simple"},"_links":{"self":[{"href":"https:\/\/stylingagenten.com\/fi\/wp-json\/wp\/v2\/product\/114374","targetHints":{"allow":["GET"]}}],"collection":[{"href":"https:\/\/stylingagenten.com\/fi\/wp-json\/wp\/v2\/product"}],"about":[{"href":"https:\/\/stylingagenten.com\/fi\/wp-json\/wp\/v2\/types\/product"}],"replies":[{"embeddable":true,"href":"https:\/\/stylingagenten.com\/fi\/wp-json\/wp\/v2\/comments?post=114374"}],"version-history":[{"count":0,"href":"https:\/\/stylingagenten.com\/fi\/wp-json\/wp\/v2\/product\/114374\/revisions"}],"wp:featuredmedia":[{"embeddable":true,"href":"https:\/\/stylingagenten.com\/fi\/wp-json\/wp\/v2\/media\/114373"}],"wp:attachment":[{"href":"https:\/\/stylingagenten.com\/fi\/wp-json\/wp\/v2\/media?parent=114374"}],"wp:term":[{"taxonomy":"product_brand","embeddable":true,"href":"https:\/\/stylingagenten.com\/fi\/wp-json\/wp\/v2\/product_brand?post=114374"},{"taxonomy":"product_cat","embeddable":true,"href":"https:\/\/stylingagenten.com\/fi\/wp-json\/wp\/v2\/product_cat?post=114374"},{"taxonomy":"product_tag","embeddable":true,"href":"https:\/\/stylingagenten.com\/fi\/wp-json\/wp\/v2\/product_tag?post=114374"},{"taxonomy":"berocket_brand","embeddable":true,"href":"https:\/\/stylingagenten.com\/fi\/wp-json\/wp\/v2\/berocket_brand?post=114374"}],"curies":[{"name":"wp","href":"https:\/\/api.w.org\/{rel}","templated":true}]}}