{"id":114368,"date":"2025-05-18T21:10:14","date_gmt":"2025-05-18T21:10:14","guid":{"rendered":"https:\/\/staging2.stylingagenten.com\/fi\/produkt\/wella-sp-smoothen-conditioner-200ml\/"},"modified":"2026-03-11T21:49:19","modified_gmt":"2026-03-11T21:49:19","slug":"wella-sp-smoothen-conditioner-200ml","status":"publish","type":"product","link":"https:\/\/stylingagenten.com\/fi\/tuote\/wella-sp-smoothen-conditioner-200ml\/","title":{"rendered":"Wella SP Smoothen Conditioner 200ml"},"content":{"rendered":"<p>SP SMOOTHEN CONDITIONER 200ML<br \/>Antaa hallinnan k\u00e4sitt\u00e4m\u00e4tt\u00f6mille, vaikeasti hoidettaville hiuksille Hoitoaine, joka pehment\u00e4\u00e4 ja antaa hiuksille samettisen tunteen<\/p>\n","protected":false},"excerpt":{"rendered":"<p>SP SMOOTHEN CONDITIONER 200MLAntaa hallinnan k\u00e4sitt\u00e4m\u00e4tt\u00f6mille, vaikeasti hoidettaville hiuksille Hoitoaine, joka pehment\u00e4\u00e4 ja antaa hiuksille samettisen tunteen<\/p>\n","protected":false},"featured_media":114367,"comment_status":"open","ping_status":"closed","template":"","meta":{"_trash_the_other_posts":false},"product_brand":[],"product_cat":[587],"product_tag":[],"berocket_brand":[1030],"class_list":{"0":"post-114368","1":"product","2":"type-product","3":"status-publish","4":"has-post-thumbnail","6":"product_cat-hoitoaine","7":"pa_brand-wella","8":"berocket_brand-wella","10":"first","11":"instock","12":"sale","13":"taxable","14":"shipping-taxable","15":"purchasable","16":"product-type-simple"},"_links":{"self":[{"href":"https:\/\/stylingagenten.com\/fi\/wp-json\/wp\/v2\/product\/114368","targetHints":{"allow":["GET"]}}],"collection":[{"href":"https:\/\/stylingagenten.com\/fi\/wp-json\/wp\/v2\/product"}],"about":[{"href":"https:\/\/stylingagenten.com\/fi\/wp-json\/wp\/v2\/types\/product"}],"replies":[{"embeddable":true,"href":"https:\/\/stylingagenten.com\/fi\/wp-json\/wp\/v2\/comments?post=114368"}],"version-history":[{"count":0,"href":"https:\/\/stylingagenten.com\/fi\/wp-json\/wp\/v2\/product\/114368\/revisions"}],"wp:featuredmedia":[{"embeddable":true,"href":"https:\/\/stylingagenten.com\/fi\/wp-json\/wp\/v2\/media\/114367"}],"wp:attachment":[{"href":"https:\/\/stylingagenten.com\/fi\/wp-json\/wp\/v2\/media?parent=114368"}],"wp:term":[{"taxonomy":"product_brand","embeddable":true,"href":"https:\/\/stylingagenten.com\/fi\/wp-json\/wp\/v2\/product_brand?post=114368"},{"taxonomy":"product_cat","embeddable":true,"href":"https:\/\/stylingagenten.com\/fi\/wp-json\/wp\/v2\/product_cat?post=114368"},{"taxonomy":"product_tag","embeddable":true,"href":"https:\/\/stylingagenten.com\/fi\/wp-json\/wp\/v2\/product_tag?post=114368"},{"taxonomy":"berocket_brand","embeddable":true,"href":"https:\/\/stylingagenten.com\/fi\/wp-json\/wp\/v2\/berocket_brand?post=114368"}],"curies":[{"name":"wp","href":"https:\/\/api.w.org\/{rel}","templated":true}]}}