{"id":114360,"date":"2025-05-18T21:10:11","date_gmt":"2025-05-18T21:10:11","guid":{"rendered":"https:\/\/staging2.stylingagenten.com\/fi\/produkt\/tigi-bed-head-dumb-blonde-reconstructor-750ml\/"},"modified":"2026-04-03T17:48:27","modified_gmt":"2026-04-03T17:48:27","slug":"tigi-bed-head-dumb-blonde-reconstructor-750ml","status":"publish","type":"product","link":"https:\/\/stylingagenten.com\/fi\/tuote\/tigi-bed-head-dumb-blonde-reconstructor-750ml\/","title":{"rendered":"TIGI Bed Head Dumb Blonde Reconstructor 750ml"},"content":{"rendered":"<p>TIGI Bedhead Dumb Blonde Conditioner korjaa ja vahvistaa vaurioituneita hiuksia sek\u00e4 sis\u00e4lt\u00e4\u00e4 runsaasti proteiineja, Pro-vitamiinia B5 ja luonnollista keratiinia. Hoitoaineessa on my\u00f6s raikas, eksoottinen tuoksu. Sopii kaikille hiustyypeille ja v\u00e4rj\u00e4tyille hiuksille.<\/p>\n","protected":false},"excerpt":{"rendered":"<p>TIGI Bedhead Dumb Blonde Conditioner korjaa ja vahvistaa vaurioituneita hiuksia sek\u00e4 sis\u00e4lt\u00e4\u00e4 runsaasti proteiineja, Pro-vitamiinia B5 ja luonnollista keratiinia. Hoitoaineessa on my\u00f6s raikas, eksoottinen tuoksu. Sopii kaikille hiustyypeille ja v\u00e4rj\u00e4tyille hiuksille.<\/p>\n","protected":false},"featured_media":114357,"comment_status":"open","ping_status":"closed","template":"","meta":{"_trash_the_other_posts":false},"product_brand":[],"product_cat":[587],"product_tag":[4014],"berocket_brand":[1102],"class_list":{"0":"post-114360","1":"product","2":"type-product","3":"status-publish","4":"has-post-thumbnail","6":"product_cat-hoitoaine","7":"product_tag-tigi-bed-head-dumb-blonde-reconstructor","8":"pa_brand-tigi","9":"pa_variantti-750ml","10":"berocket_brand-tigi","12":"first","13":"instock","14":"sale","15":"taxable","16":"shipping-taxable","17":"purchasable","18":"product-type-simple"},"_links":{"self":[{"href":"https:\/\/stylingagenten.com\/fi\/wp-json\/wp\/v2\/product\/114360","targetHints":{"allow":["GET"]}}],"collection":[{"href":"https:\/\/stylingagenten.com\/fi\/wp-json\/wp\/v2\/product"}],"about":[{"href":"https:\/\/stylingagenten.com\/fi\/wp-json\/wp\/v2\/types\/product"}],"replies":[{"embeddable":true,"href":"https:\/\/stylingagenten.com\/fi\/wp-json\/wp\/v2\/comments?post=114360"}],"version-history":[{"count":0,"href":"https:\/\/stylingagenten.com\/fi\/wp-json\/wp\/v2\/product\/114360\/revisions"}],"wp:featuredmedia":[{"embeddable":true,"href":"https:\/\/stylingagenten.com\/fi\/wp-json\/wp\/v2\/media\/114357"}],"wp:attachment":[{"href":"https:\/\/stylingagenten.com\/fi\/wp-json\/wp\/v2\/media?parent=114360"}],"wp:term":[{"taxonomy":"product_brand","embeddable":true,"href":"https:\/\/stylingagenten.com\/fi\/wp-json\/wp\/v2\/product_brand?post=114360"},{"taxonomy":"product_cat","embeddable":true,"href":"https:\/\/stylingagenten.com\/fi\/wp-json\/wp\/v2\/product_cat?post=114360"},{"taxonomy":"product_tag","embeddable":true,"href":"https:\/\/stylingagenten.com\/fi\/wp-json\/wp\/v2\/product_tag?post=114360"},{"taxonomy":"berocket_brand","embeddable":true,"href":"https:\/\/stylingagenten.com\/fi\/wp-json\/wp\/v2\/berocket_brand?post=114360"}],"curies":[{"name":"wp","href":"https:\/\/api.w.org\/{rel}","templated":true}]}}