{"id":114356,"date":"2025-05-18T21:10:11","date_gmt":"2025-05-18T21:10:11","guid":{"rendered":"https:\/\/staging2.stylingagenten.com\/fi\/produkt\/wella-sp-hydrate-conditioner-200ml\/"},"modified":"2026-03-13T14:38:59","modified_gmt":"2026-03-13T14:38:59","slug":"wella-sp-hydrate-conditioner-200ml","status":"publish","type":"product","link":"https:\/\/stylingagenten.com\/fi\/tuote\/wella-sp-hydrate-conditioner-200ml\/","title":{"rendered":"Wella SP Hydrate Conditioner 200ml"},"content":{"rendered":"<p>SP HYDRATE CONDITIONER<br \/>Hiuksista tulee uskomattoman terveit\u00e4, pehmeit\u00e4, sileit\u00e4 ja kiilt\u00e4vi\u00e4. Glyseriini\u00e4, D-pantenolia ja glukoosia sis\u00e4lt\u00e4v\u00e4 Special Active Moisture Complex -koostumus tarjoaa pitk\u00e4kestoisen kosteuttavan vaikutuksen rasittamatta hiuksia ja optimaalisen suojan kuivumista vastaan.<\/p>\n","protected":false},"excerpt":{"rendered":"<p>SP HYDRATE CONDITIONERHiuksista tulee uskomattoman terveit\u00e4, pehmeit\u00e4, sileit\u00e4 ja kiilt\u00e4vi\u00e4. Glyseriini\u00e4, D-pantenolia ja glukoosia sis\u00e4lt\u00e4v\u00e4 Special Active Moisture Complex -koostumus tarjoaa pitk\u00e4kestoisen kosteuttavan vaikutuksen rasittamatta hiuksia ja optimaalisen suojan kuivumista vastaan.<\/p>\n","protected":false},"featured_media":114355,"comment_status":"open","ping_status":"closed","template":"","meta":{"_trash_the_other_posts":false},"product_brand":[],"product_cat":[587],"product_tag":[],"berocket_brand":[1030],"class_list":{"0":"post-114356","1":"product","2":"type-product","3":"status-publish","4":"has-post-thumbnail","6":"product_cat-hoitoaine","7":"pa_brand-wella","8":"berocket_brand-wella","10":"first","11":"instock","12":"sale","13":"taxable","14":"shipping-taxable","15":"purchasable","16":"product-type-simple"},"_links":{"self":[{"href":"https:\/\/stylingagenten.com\/fi\/wp-json\/wp\/v2\/product\/114356","targetHints":{"allow":["GET"]}}],"collection":[{"href":"https:\/\/stylingagenten.com\/fi\/wp-json\/wp\/v2\/product"}],"about":[{"href":"https:\/\/stylingagenten.com\/fi\/wp-json\/wp\/v2\/types\/product"}],"replies":[{"embeddable":true,"href":"https:\/\/stylingagenten.com\/fi\/wp-json\/wp\/v2\/comments?post=114356"}],"version-history":[{"count":0,"href":"https:\/\/stylingagenten.com\/fi\/wp-json\/wp\/v2\/product\/114356\/revisions"}],"wp:featuredmedia":[{"embeddable":true,"href":"https:\/\/stylingagenten.com\/fi\/wp-json\/wp\/v2\/media\/114355"}],"wp:attachment":[{"href":"https:\/\/stylingagenten.com\/fi\/wp-json\/wp\/v2\/media?parent=114356"}],"wp:term":[{"taxonomy":"product_brand","embeddable":true,"href":"https:\/\/stylingagenten.com\/fi\/wp-json\/wp\/v2\/product_brand?post=114356"},{"taxonomy":"product_cat","embeddable":true,"href":"https:\/\/stylingagenten.com\/fi\/wp-json\/wp\/v2\/product_cat?post=114356"},{"taxonomy":"product_tag","embeddable":true,"href":"https:\/\/stylingagenten.com\/fi\/wp-json\/wp\/v2\/product_tag?post=114356"},{"taxonomy":"berocket_brand","embeddable":true,"href":"https:\/\/stylingagenten.com\/fi\/wp-json\/wp\/v2\/berocket_brand?post=114356"}],"curies":[{"name":"wp","href":"https:\/\/api.w.org\/{rel}","templated":true}]}}