{"id":114336,"date":"2025-05-18T21:10:04","date_gmt":"2025-05-18T21:10:04","guid":{"rendered":"https:\/\/staging2.stylingagenten.com\/fi\/produkt\/balmain-moisturizing-conditioner-300ml\/"},"modified":"2026-03-11T21:59:31","modified_gmt":"2026-03-11T21:59:31","slug":"balmain-moisturizing-conditioner-300ml","status":"publish","type":"product","link":"https:\/\/stylingagenten.com\/fi\/tuote\/balmain-moisturizing-conditioner-300ml\/","title":{"rendered":"Balmain Moisturizing Conditioner 300ml"},"content":{"rendered":"<p>Balmain Moisturizing Conditioner <\/p>\n<p>Ravitseva ja kosteuttava hoitoaine, joka on rikastettu puhtaalla luomu-argan\u00f6ljyll\u00e4. Korjaa, vahvistaa ja suojaa hiuksia, suojaa hiusten v\u00e4ri\u00e4 kuumuudelta, siin\u00e4 on UV-suojasuodatin.<\/p>\n","protected":false},"excerpt":{"rendered":"<p>Balmain Moisturizing Conditioner Ravitseva ja kosteuttava hoitoaine, joka on rikastettu puhtaalla luomu-argan\u00f6ljyll\u00e4. Korjaa, vahvistaa ja suojaa hiuksia, suojaa hiusten v\u00e4ri\u00e4 kuumuudelta, siin\u00e4 on UV-suojasuodatin.<\/p>\n","protected":false},"featured_media":114335,"comment_status":"open","ping_status":"closed","template":"","meta":{"_trash_the_other_posts":false},"product_brand":[],"product_cat":[587],"product_tag":[2459],"berocket_brand":[1144],"class_list":{"0":"post-114336","1":"product","2":"type-product","3":"status-publish","4":"has-post-thumbnail","6":"product_cat-hoitoaine","7":"product_tag-balmain-moisturizing-conditioner","8":"pa_brand-balmain","9":"pa_variantti-300ml","10":"berocket_brand-balmain","12":"first","13":"instock","14":"sale","15":"taxable","16":"shipping-taxable","17":"purchasable","18":"product-type-simple"},"_links":{"self":[{"href":"https:\/\/stylingagenten.com\/fi\/wp-json\/wp\/v2\/product\/114336","targetHints":{"allow":["GET"]}}],"collection":[{"href":"https:\/\/stylingagenten.com\/fi\/wp-json\/wp\/v2\/product"}],"about":[{"href":"https:\/\/stylingagenten.com\/fi\/wp-json\/wp\/v2\/types\/product"}],"replies":[{"embeddable":true,"href":"https:\/\/stylingagenten.com\/fi\/wp-json\/wp\/v2\/comments?post=114336"}],"version-history":[{"count":0,"href":"https:\/\/stylingagenten.com\/fi\/wp-json\/wp\/v2\/product\/114336\/revisions"}],"wp:featuredmedia":[{"embeddable":true,"href":"https:\/\/stylingagenten.com\/fi\/wp-json\/wp\/v2\/media\/114335"}],"wp:attachment":[{"href":"https:\/\/stylingagenten.com\/fi\/wp-json\/wp\/v2\/media?parent=114336"}],"wp:term":[{"taxonomy":"product_brand","embeddable":true,"href":"https:\/\/stylingagenten.com\/fi\/wp-json\/wp\/v2\/product_brand?post=114336"},{"taxonomy":"product_cat","embeddable":true,"href":"https:\/\/stylingagenten.com\/fi\/wp-json\/wp\/v2\/product_cat?post=114336"},{"taxonomy":"product_tag","embeddable":true,"href":"https:\/\/stylingagenten.com\/fi\/wp-json\/wp\/v2\/product_tag?post=114336"},{"taxonomy":"berocket_brand","embeddable":true,"href":"https:\/\/stylingagenten.com\/fi\/wp-json\/wp\/v2\/berocket_brand?post=114336"}],"curies":[{"name":"wp","href":"https:\/\/api.w.org\/{rel}","templated":true}]}}