{"id":114298,"date":"2025-05-18T21:09:52","date_gmt":"2025-05-18T21:09:52","guid":{"rendered":"https:\/\/staging2.stylingagenten.com\/fi\/produkt\/maria-nila-sheer-silver-conditioner-100ml\/"},"modified":"2026-03-11T21:46:09","modified_gmt":"2026-03-11T21:46:09","slug":"maria-nila-sheer-silver-conditioner-100ml","status":"publish","type":"product","link":"https:\/\/stylingagenten.com\/fi\/tuote\/maria-nila-sheer-silver-conditioner-100ml\/","title":{"rendered":"Maria Nila Sheer Silver Conditioner 100ml"},"content":{"rendered":"<p>Tutkiva hoitoaine luonnollisille ja v\u00e4rj\u00e4tyille vaaleille, valkoisille ja harmaille hiuksille, joka pehment\u00e4\u00e4, kosteuttaa ja vahvistaa hiusten rakennetta. Violetit pigmentit ja karhunvatukkauutteet neutraloivat kultaisia \u200b\u200bs\u00e4vyj\u00e4 ja lis\u00e4\u00e4v\u00e4t kiiltoa, joka korostaa ja el\u00e4v\u00f6itt\u00e4\u00e4 hiusv\u00e4ri\u00e4si. Sheer Silver Conditioner -hoitoaineessa on hedelm\u00e4inen ja kukkainen tuoksu, jossa on vivahteita jasmiinista, appelsiinista ja greippist\u00e4. V\u00e4rinsuojaus Color Guard Complex suojaa hiuksiasi UV-s\u00e4teilylt\u00e4 ja vapailta radikaaleilta.<\/p>\n","protected":false},"excerpt":{"rendered":"<p>Tutkiva hoitoaine luonnollisille ja v\u00e4rj\u00e4tyille vaaleille, valkoisille ja harmaille hiuksille, joka pehment\u00e4\u00e4, kosteuttaa ja vahvistaa hiusten rakennetta. Violetit pigmentit ja karhunvatukkauutteet neutraloivat kultaisia \u200b\u200bs\u00e4vyj\u00e4 ja lis\u00e4\u00e4v\u00e4t kiiltoa, joka korostaa ja el\u00e4v\u00f6itt\u00e4\u00e4 hiusv\u00e4ri\u00e4si. Sheer Silver Conditioner -hoitoaineessa on hedelm\u00e4inen ja kukkainen tuoksu, jossa on vivahteita jasmiinista, appelsiinista ja greippist\u00e4. V\u00e4rinsuojaus Color Guard Complex suojaa hiuksiasi UV-s\u00e4teilylt\u00e4 [&hellip;]<\/p>\n","protected":false},"featured_media":114296,"comment_status":"open","ping_status":"closed","template":"","meta":{"_trash_the_other_posts":false},"product_brand":[],"product_cat":[587],"product_tag":[3422],"berocket_brand":[1388],"class_list":{"0":"post-114298","1":"product","2":"type-product","3":"status-publish","4":"has-post-thumbnail","6":"product_cat-hoitoaine","7":"product_tag-maria-nila-sheer-silver-conditioner","8":"pa_brand-maria-nila","9":"pa_variantti-100ml","10":"berocket_brand-maria-nila","12":"first","13":"instock","14":"sale","15":"taxable","16":"shipping-taxable","17":"purchasable","18":"product-type-simple"},"_links":{"self":[{"href":"https:\/\/stylingagenten.com\/fi\/wp-json\/wp\/v2\/product\/114298","targetHints":{"allow":["GET"]}}],"collection":[{"href":"https:\/\/stylingagenten.com\/fi\/wp-json\/wp\/v2\/product"}],"about":[{"href":"https:\/\/stylingagenten.com\/fi\/wp-json\/wp\/v2\/types\/product"}],"replies":[{"embeddable":true,"href":"https:\/\/stylingagenten.com\/fi\/wp-json\/wp\/v2\/comments?post=114298"}],"version-history":[{"count":0,"href":"https:\/\/stylingagenten.com\/fi\/wp-json\/wp\/v2\/product\/114298\/revisions"}],"wp:featuredmedia":[{"embeddable":true,"href":"https:\/\/stylingagenten.com\/fi\/wp-json\/wp\/v2\/media\/114296"}],"wp:attachment":[{"href":"https:\/\/stylingagenten.com\/fi\/wp-json\/wp\/v2\/media?parent=114298"}],"wp:term":[{"taxonomy":"product_brand","embeddable":true,"href":"https:\/\/stylingagenten.com\/fi\/wp-json\/wp\/v2\/product_brand?post=114298"},{"taxonomy":"product_cat","embeddable":true,"href":"https:\/\/stylingagenten.com\/fi\/wp-json\/wp\/v2\/product_cat?post=114298"},{"taxonomy":"product_tag","embeddable":true,"href":"https:\/\/stylingagenten.com\/fi\/wp-json\/wp\/v2\/product_tag?post=114298"},{"taxonomy":"berocket_brand","embeddable":true,"href":"https:\/\/stylingagenten.com\/fi\/wp-json\/wp\/v2\/berocket_brand?post=114298"}],"curies":[{"name":"wp","href":"https:\/\/api.w.org\/{rel}","templated":true}]}}