{"id":114255,"date":"2025-05-18T21:09:39","date_gmt":"2025-05-18T21:09:39","guid":{"rendered":"https:\/\/staging2.stylingagenten.com\/fi\/produkt\/eleven-australia-i-want-body-volume-conditioner-300ml\/"},"modified":"2026-03-11T21:50:13","modified_gmt":"2026-03-11T21:50:13","slug":"eleven-australia-i-want-body-volume-conditioner-300ml","status":"publish","type":"product","link":"https:\/\/stylingagenten.com\/fi\/tuote\/eleven-australia-i-want-body-volume-conditioner-300ml\/","title":{"rendered":"Eleven Australia I Want Body Volume Conditioner 300ml"},"content":{"rendered":"<p>Eleven Australia I Want Body Volume Conditioner 300 ml<br \/>Kevyt hoitoaine, joka antaa volyymia, rakennetta ja kiiltoa. T\u00e4m\u00e4 hoitoaine on erinomainen volyymin lis\u00e4\u00e4j\u00e4.<br \/>\u2022Proteiinit suojaavat hiuksia tehden hiuksista paksumpia ja antavat niille volyymia.<br \/>\u2022Hienoille hiuksille tai niille, jotka haluavat lis\u00e4t\u00e4 volyymia.<br \/>\u2022Haalistumisenesto &amp; v\u00e4rin s\u00e4ilytt\u00e4minen.<br \/>\u2022300 ml<\/p>\n","protected":false},"excerpt":{"rendered":"<p>Eleven Australia I Want Body Volume Conditioner 300 mlKevyt hoitoaine, joka antaa volyymia, rakennetta ja kiiltoa. T\u00e4m\u00e4 hoitoaine on erinomainen volyymin lis\u00e4\u00e4j\u00e4.\u2022Proteiinit suojaavat hiuksia tehden hiuksista paksumpia ja antavat niille volyymia.\u2022Hienoille hiuksille tai niille, jotka haluavat lis\u00e4t\u00e4 volyymia.\u2022Haalistumisenesto &amp; v\u00e4rin s\u00e4ilytt\u00e4minen.\u2022300 ml<\/p>\n","protected":false},"featured_media":114251,"comment_status":"open","ping_status":"closed","template":"","meta":{"_trash_the_other_posts":false},"product_brand":[],"product_cat":[587],"product_tag":[],"berocket_brand":[1386],"class_list":{"0":"post-114255","1":"product","2":"type-product","3":"status-publish","4":"has-post-thumbnail","6":"product_cat-hoitoaine","7":"pa_brand-eleven-australia","8":"berocket_brand-eleven-australia","10":"first","11":"instock","12":"sale","13":"taxable","14":"shipping-taxable","15":"purchasable","16":"product-type-simple"},"_links":{"self":[{"href":"https:\/\/stylingagenten.com\/fi\/wp-json\/wp\/v2\/product\/114255","targetHints":{"allow":["GET"]}}],"collection":[{"href":"https:\/\/stylingagenten.com\/fi\/wp-json\/wp\/v2\/product"}],"about":[{"href":"https:\/\/stylingagenten.com\/fi\/wp-json\/wp\/v2\/types\/product"}],"replies":[{"embeddable":true,"href":"https:\/\/stylingagenten.com\/fi\/wp-json\/wp\/v2\/comments?post=114255"}],"version-history":[{"count":0,"href":"https:\/\/stylingagenten.com\/fi\/wp-json\/wp\/v2\/product\/114255\/revisions"}],"wp:featuredmedia":[{"embeddable":true,"href":"https:\/\/stylingagenten.com\/fi\/wp-json\/wp\/v2\/media\/114251"}],"wp:attachment":[{"href":"https:\/\/stylingagenten.com\/fi\/wp-json\/wp\/v2\/media?parent=114255"}],"wp:term":[{"taxonomy":"product_brand","embeddable":true,"href":"https:\/\/stylingagenten.com\/fi\/wp-json\/wp\/v2\/product_brand?post=114255"},{"taxonomy":"product_cat","embeddable":true,"href":"https:\/\/stylingagenten.com\/fi\/wp-json\/wp\/v2\/product_cat?post=114255"},{"taxonomy":"product_tag","embeddable":true,"href":"https:\/\/stylingagenten.com\/fi\/wp-json\/wp\/v2\/product_tag?post=114255"},{"taxonomy":"berocket_brand","embeddable":true,"href":"https:\/\/stylingagenten.com\/fi\/wp-json\/wp\/v2\/berocket_brand?post=114255"}],"curies":[{"name":"wp","href":"https:\/\/api.w.org\/{rel}","templated":true}]}}