{"id":114252,"date":"2025-05-18T21:09:39","date_gmt":"2025-05-18T21:09:39","guid":{"rendered":"https:\/\/staging2.stylingagenten.com\/fi\/produkt\/orofluido-asia-zen-control-conditioner-200ml\/"},"modified":"2025-11-19T11:06:10","modified_gmt":"2025-11-19T11:06:10","slug":"orofluido-asia-zen-control-conditioner-200ml","status":"publish","type":"product","link":"https:\/\/stylingagenten.com\/fi\/tuote\/orofluido-asia-zen-control-conditioner-200ml\/","title":{"rendered":"Orofluido Asia Zen Control Conditioner 200ml"},"content":{"rendered":"<p>Orofluido Asia Zen Control Balm on kehitetty jatkuvaan k\u00e4ytt\u00f6\u00f6n. Sen koostumus hallitsee p\u00f6rr\u00f6isyytt\u00e4 ja korostaa hiusten luonnollista kiiltoa. Hoitoaine sis\u00e4lt\u00e4\u00e4 kosteuttavia kiihdyttimi\u00e4, jotka korjaavat vaurioituneita hiuksia ja kiillottavat hiusvartta tehden hiuksista pehme\u00e4t ja joustavat, paremmin hallittavat ja helpommin muotoiltavat. <\/p>\n<p>Orofluido Asia Zen Control Elixir auttaa poistamaan p\u00f6rr\u00f6isyytt\u00e4 ja tekee hiuksistasi joustavia, pehmeit\u00e4 ja kiilt\u00e4vi\u00e4. Eliksiirill\u00e4 on ultrakevyt koostumus, joka luo valoa heijastavan kalvon, joka antaa mattapintaisen kiillon. Se my\u00f6s rakentaa kosteussulun, joka est\u00e4\u00e4 p\u00f6rr\u00f6isyyden muodostumisen ja tekee hiuksista joustavia ja helposti k\u00e4sitelt\u00e4vi\u00e4 painamatta niit\u00e4.<\/p>\n","protected":false},"excerpt":{"rendered":"<p>Orofluido Asia Zen Control Balm on kehitetty jatkuvaan k\u00e4ytt\u00f6\u00f6n. Sen koostumus hallitsee p\u00f6rr\u00f6isyytt\u00e4 ja korostaa hiusten luonnollista kiiltoa. Hoitoaine sis\u00e4lt\u00e4\u00e4 kosteuttavia kiihdyttimi\u00e4, jotka korjaavat vaurioituneita hiuksia ja kiillottavat hiusvartta tehden hiuksista pehme\u00e4t ja joustavat, paremmin hallittavat ja helpommin muotoiltavat. Orofluido Asia Zen Control Elixir auttaa poistamaan p\u00f6rr\u00f6isyytt\u00e4 ja tekee hiuksistasi joustavia, pehmeit\u00e4 ja kiilt\u00e4vi\u00e4. Eliksiirill\u00e4 [&hellip;]<\/p>\n","protected":false},"featured_media":114249,"comment_status":"open","ping_status":"closed","template":"","meta":{"_trash_the_other_posts":false},"product_brand":[],"product_cat":[587],"product_tag":[3727],"berocket_brand":[1045],"class_list":{"0":"post-114252","1":"product","2":"type-product","3":"status-publish","4":"has-post-thumbnail","6":"product_cat-hoitoaine","7":"product_tag-orofluido-asia-zen-control-conditioner","8":"pa_brand-orofluido","9":"pa_variantti-200ml","10":"berocket_brand-orofluido","12":"first","13":"outofstock","14":"sale","15":"taxable","16":"shipping-taxable","17":"purchasable","18":"product-type-simple"},"_links":{"self":[{"href":"https:\/\/stylingagenten.com\/fi\/wp-json\/wp\/v2\/product\/114252","targetHints":{"allow":["GET"]}}],"collection":[{"href":"https:\/\/stylingagenten.com\/fi\/wp-json\/wp\/v2\/product"}],"about":[{"href":"https:\/\/stylingagenten.com\/fi\/wp-json\/wp\/v2\/types\/product"}],"replies":[{"embeddable":true,"href":"https:\/\/stylingagenten.com\/fi\/wp-json\/wp\/v2\/comments?post=114252"}],"version-history":[{"count":0,"href":"https:\/\/stylingagenten.com\/fi\/wp-json\/wp\/v2\/product\/114252\/revisions"}],"wp:featuredmedia":[{"embeddable":true,"href":"https:\/\/stylingagenten.com\/fi\/wp-json\/wp\/v2\/media\/114249"}],"wp:attachment":[{"href":"https:\/\/stylingagenten.com\/fi\/wp-json\/wp\/v2\/media?parent=114252"}],"wp:term":[{"taxonomy":"product_brand","embeddable":true,"href":"https:\/\/stylingagenten.com\/fi\/wp-json\/wp\/v2\/product_brand?post=114252"},{"taxonomy":"product_cat","embeddable":true,"href":"https:\/\/stylingagenten.com\/fi\/wp-json\/wp\/v2\/product_cat?post=114252"},{"taxonomy":"product_tag","embeddable":true,"href":"https:\/\/stylingagenten.com\/fi\/wp-json\/wp\/v2\/product_tag?post=114252"},{"taxonomy":"berocket_brand","embeddable":true,"href":"https:\/\/stylingagenten.com\/fi\/wp-json\/wp\/v2\/berocket_brand?post=114252"}],"curies":[{"name":"wp","href":"https:\/\/api.w.org\/{rel}","templated":true}]}}