{"id":114218,"date":"2025-05-18T21:09:30","date_gmt":"2025-05-18T21:09:30","guid":{"rendered":"https:\/\/staging2.stylingagenten.com\/fi\/produkt\/goldwell-dualsenses-curls-waves-hydrating-conditioner-200ml\/"},"modified":"2026-04-01T14:00:26","modified_gmt":"2026-04-01T14:00:26","slug":"goldwell-dualsenses-curls-waves-hydrating-conditioner-200ml","status":"publish","type":"product","link":"https:\/\/stylingagenten.com\/fi\/tuote\/goldwell-dualsenses-curls-waves-hydrating-conditioner-200ml\/","title":{"rendered":"Goldwell Dualsenses Curls &amp; Waves Hydrating Conditioner 200ml"},"content":{"rendered":"<p>Goldwell Curls &amp; Waves Dualsenses Hydrating Conditioner 200ml<br \/>Hoomoaine luonnollisesti aaltoileville, kiharoille ja permed hiuksille, jossa on sekoitus microPROtec-kompleksia ja maitoproteiinia.<br \/>Lis\u00e4\u00e4 kosteutta ja tarkkuutta v\u00e4litt\u00f6m\u00e4sti.<br \/>Huumoaa ja parantaa joustavuutta.<\/p>\n","protected":false},"excerpt":{"rendered":"<p>Goldwell Curls &amp; Waves Dualsenses Hydrating Conditioner 200mlHoomoaine luonnollisesti aaltoileville, kiharoille ja permed hiuksille, jossa on sekoitus microPROtec-kompleksia ja maitoproteiinia.Lis\u00e4\u00e4 kosteutta ja tarkkuutta v\u00e4litt\u00f6m\u00e4sti.Huumoaa ja parantaa joustavuutta.<\/p>\n","protected":false},"featured_media":114217,"comment_status":"open","ping_status":"closed","template":"","meta":{"_trash_the_other_posts":false},"product_brand":[],"product_cat":[587],"product_tag":[],"berocket_brand":[1328],"class_list":{"0":"post-114218","1":"product","2":"type-product","3":"status-publish","4":"has-post-thumbnail","6":"product_cat-hoitoaine","7":"pa_brand-goldwell","8":"berocket_brand-goldwell","10":"first","11":"instock","12":"sale","13":"taxable","14":"shipping-taxable","15":"purchasable","16":"product-type-simple"},"_links":{"self":[{"href":"https:\/\/stylingagenten.com\/fi\/wp-json\/wp\/v2\/product\/114218","targetHints":{"allow":["GET"]}}],"collection":[{"href":"https:\/\/stylingagenten.com\/fi\/wp-json\/wp\/v2\/product"}],"about":[{"href":"https:\/\/stylingagenten.com\/fi\/wp-json\/wp\/v2\/types\/product"}],"replies":[{"embeddable":true,"href":"https:\/\/stylingagenten.com\/fi\/wp-json\/wp\/v2\/comments?post=114218"}],"version-history":[{"count":0,"href":"https:\/\/stylingagenten.com\/fi\/wp-json\/wp\/v2\/product\/114218\/revisions"}],"wp:featuredmedia":[{"embeddable":true,"href":"https:\/\/stylingagenten.com\/fi\/wp-json\/wp\/v2\/media\/114217"}],"wp:attachment":[{"href":"https:\/\/stylingagenten.com\/fi\/wp-json\/wp\/v2\/media?parent=114218"}],"wp:term":[{"taxonomy":"product_brand","embeddable":true,"href":"https:\/\/stylingagenten.com\/fi\/wp-json\/wp\/v2\/product_brand?post=114218"},{"taxonomy":"product_cat","embeddable":true,"href":"https:\/\/stylingagenten.com\/fi\/wp-json\/wp\/v2\/product_cat?post=114218"},{"taxonomy":"product_tag","embeddable":true,"href":"https:\/\/stylingagenten.com\/fi\/wp-json\/wp\/v2\/product_tag?post=114218"},{"taxonomy":"berocket_brand","embeddable":true,"href":"https:\/\/stylingagenten.com\/fi\/wp-json\/wp\/v2\/berocket_brand?post=114218"}],"curies":[{"name":"wp","href":"https:\/\/api.w.org\/{rel}","templated":true}]}}