{"id":114206,"date":"2025-05-18T21:09:26","date_gmt":"2025-05-18T21:09:26","guid":{"rendered":"https:\/\/staging2.stylingagenten.com\/fi\/produkt\/sachajuan-colour-protect-conditioner-250ml\/"},"modified":"2026-03-11T21:58:57","modified_gmt":"2026-03-11T21:58:57","slug":"sachajuan-colour-protect-conditioner-250ml","status":"publish","type":"product","link":"https:\/\/stylingagenten.com\/fi\/tuote\/sachajuan-colour-protect-conditioner-250ml\/","title":{"rendered":"SACHAJUAN Colour Protect Conditioner 250ml"},"content":{"rendered":"<p>SACHAJUAN Color Protect Conditioner on v\u00e4rj\u00e4ttyj\u00e4 hiuksia suojaava hoitoaine, joka sis\u00e4lt\u00e4\u00e4 Ocean Silk Technologyn ja UV-suojan. Sill\u00e4 on eritt\u00e4in hoitava ja kirkastava vaikutus, joka tekee hiuksista vahvoja, elinvoimaisia \u200b\u200bja kiilt\u00e4vi\u00e4.<\/p>\n<p>250ml<\/p>\n","protected":false},"excerpt":{"rendered":"<p>SACHAJUAN Color Protect Conditioner on v\u00e4rj\u00e4ttyj\u00e4 hiuksia suojaava hoitoaine, joka sis\u00e4lt\u00e4\u00e4 Ocean Silk Technologyn ja UV-suojan. Sill\u00e4 on eritt\u00e4in hoitava ja kirkastava vaikutus, joka tekee hiuksista vahvoja, elinvoimaisia \u200b\u200bja kiilt\u00e4vi\u00e4. 250ml<\/p>\n","protected":false},"featured_media":114205,"comment_status":"open","ping_status":"closed","template":"","meta":{"_trash_the_other_posts":false},"product_brand":[],"product_cat":[587],"product_tag":[],"berocket_brand":[1409],"class_list":{"0":"post-114206","1":"product","2":"type-product","3":"status-publish","4":"has-post-thumbnail","6":"product_cat-hoitoaine","7":"pa_brand-sachajuan","8":"berocket_brand-sachajuan","10":"first","11":"instock","12":"sale","13":"taxable","14":"shipping-taxable","15":"purchasable","16":"product-type-simple"},"_links":{"self":[{"href":"https:\/\/stylingagenten.com\/fi\/wp-json\/wp\/v2\/product\/114206","targetHints":{"allow":["GET"]}}],"collection":[{"href":"https:\/\/stylingagenten.com\/fi\/wp-json\/wp\/v2\/product"}],"about":[{"href":"https:\/\/stylingagenten.com\/fi\/wp-json\/wp\/v2\/types\/product"}],"replies":[{"embeddable":true,"href":"https:\/\/stylingagenten.com\/fi\/wp-json\/wp\/v2\/comments?post=114206"}],"version-history":[{"count":0,"href":"https:\/\/stylingagenten.com\/fi\/wp-json\/wp\/v2\/product\/114206\/revisions"}],"wp:featuredmedia":[{"embeddable":true,"href":"https:\/\/stylingagenten.com\/fi\/wp-json\/wp\/v2\/media\/114205"}],"wp:attachment":[{"href":"https:\/\/stylingagenten.com\/fi\/wp-json\/wp\/v2\/media?parent=114206"}],"wp:term":[{"taxonomy":"product_brand","embeddable":true,"href":"https:\/\/stylingagenten.com\/fi\/wp-json\/wp\/v2\/product_brand?post=114206"},{"taxonomy":"product_cat","embeddable":true,"href":"https:\/\/stylingagenten.com\/fi\/wp-json\/wp\/v2\/product_cat?post=114206"},{"taxonomy":"product_tag","embeddable":true,"href":"https:\/\/stylingagenten.com\/fi\/wp-json\/wp\/v2\/product_tag?post=114206"},{"taxonomy":"berocket_brand","embeddable":true,"href":"https:\/\/stylingagenten.com\/fi\/wp-json\/wp\/v2\/berocket_brand?post=114206"}],"curies":[{"name":"wp","href":"https:\/\/api.w.org\/{rel}","templated":true}]}}