{"id":114197,"date":"2025-05-18T21:09:24","date_gmt":"2025-05-18T21:09:24","guid":{"rendered":"https:\/\/staging2.stylingagenten.com\/fi\/produkt\/sachajuan-normal-hair-conditioner-250ml\/"},"modified":"2026-03-11T21:57:44","modified_gmt":"2026-03-11T21:57:44","slug":"sachajuan-normal-hair-conditioner-250ml","status":"publish","type":"product","link":"https:\/\/stylingagenten.com\/fi\/tuote\/sachajuan-normal-hair-conditioner-250ml\/","title":{"rendered":"SACHAJUAN Normal Hair Conditioner 250ml"},"content":{"rendered":"<p>SACHAJUAN Normal Hair Conditioner Ocean Silk -teknologialla tarjoaa erinomaisen hoitavan ja selvitt\u00e4v\u00e4n vaikutuksen. Koostumus k\u00e4sittelee hiusten vahvuutta, joustavuutta ja antaa niille maksimaalisen kiillon.<\/p>\n<p>250ml<\/p>\n","protected":false},"excerpt":{"rendered":"<p>SACHAJUAN Normal Hair Conditioner Ocean Silk -teknologialla tarjoaa erinomaisen hoitavan ja selvitt\u00e4v\u00e4n vaikutuksen. Koostumus k\u00e4sittelee hiusten vahvuutta, joustavuutta ja antaa niille maksimaalisen kiillon. 250ml<\/p>\n","protected":false},"featured_media":114196,"comment_status":"open","ping_status":"closed","template":"","meta":{"_trash_the_other_posts":false},"product_brand":[],"product_cat":[587],"product_tag":[3953],"berocket_brand":[1409],"class_list":{"0":"post-114197","1":"product","2":"type-product","3":"status-publish","4":"has-post-thumbnail","6":"product_cat-hoitoaine","7":"product_tag-sachajuan-normal-hair-conditioner","8":"pa_brand-sachajuan","9":"pa_variantti-250ml","10":"berocket_brand-sachajuan","12":"first","13":"instock","14":"sale","15":"taxable","16":"shipping-taxable","17":"purchasable","18":"product-type-simple"},"_links":{"self":[{"href":"https:\/\/stylingagenten.com\/fi\/wp-json\/wp\/v2\/product\/114197","targetHints":{"allow":["GET"]}}],"collection":[{"href":"https:\/\/stylingagenten.com\/fi\/wp-json\/wp\/v2\/product"}],"about":[{"href":"https:\/\/stylingagenten.com\/fi\/wp-json\/wp\/v2\/types\/product"}],"replies":[{"embeddable":true,"href":"https:\/\/stylingagenten.com\/fi\/wp-json\/wp\/v2\/comments?post=114197"}],"version-history":[{"count":0,"href":"https:\/\/stylingagenten.com\/fi\/wp-json\/wp\/v2\/product\/114197\/revisions"}],"wp:featuredmedia":[{"embeddable":true,"href":"https:\/\/stylingagenten.com\/fi\/wp-json\/wp\/v2\/media\/114196"}],"wp:attachment":[{"href":"https:\/\/stylingagenten.com\/fi\/wp-json\/wp\/v2\/media?parent=114197"}],"wp:term":[{"taxonomy":"product_brand","embeddable":true,"href":"https:\/\/stylingagenten.com\/fi\/wp-json\/wp\/v2\/product_brand?post=114197"},{"taxonomy":"product_cat","embeddable":true,"href":"https:\/\/stylingagenten.com\/fi\/wp-json\/wp\/v2\/product_cat?post=114197"},{"taxonomy":"product_tag","embeddable":true,"href":"https:\/\/stylingagenten.com\/fi\/wp-json\/wp\/v2\/product_tag?post=114197"},{"taxonomy":"berocket_brand","embeddable":true,"href":"https:\/\/stylingagenten.com\/fi\/wp-json\/wp\/v2\/berocket_brand?post=114197"}],"curies":[{"name":"wp","href":"https:\/\/api.w.org\/{rel}","templated":true}]}}