{"id":114181,"date":"2025-05-18T21:09:20","date_gmt":"2025-05-18T21:09:20","guid":{"rendered":"https:\/\/staging2.stylingagenten.com\/fi\/produkt\/sachajuan-anti-pollution-conditioner-250ml\/"},"modified":"2026-03-11T21:59:08","modified_gmt":"2026-03-11T21:59:08","slug":"sachajuan-anti-pollution-conditioner-250ml","status":"publish","type":"product","link":"https:\/\/stylingagenten.com\/fi\/tuote\/sachajuan-anti-pollution-conditioner-250ml\/","title":{"rendered":"SACHAJUAN Anti Pollution Conditioner 250ml"},"content":{"rendered":"<p>SACHAJUAN Anti Pollution Conditioner auttaa suojaamaan hiuksia saastumisen negatiivisilta vaikutuksilta ja vaurioilta luomalla hiuksiin suojaavan pinnan, joka minimoi saastumisen tarttumisen riskin. Sis\u00e4lt\u00e4\u00e4 vihre\u00e4n teen uutteen ja hedelm\u00e4happojen (AHA) yhdistelm\u00e4n, joka antaa hiuksille fantastisen kiillon ja puhtaiden ja raikkaiden hiusten tunteen, joka kest\u00e4\u00e4 pitk\u00e4\u00e4n ja mahdollistaa hiusten pesun harvemmin. Mieto, ihana laventelin tuoksu.<\/p>\n<p>250ml<\/p>\n","protected":false},"excerpt":{"rendered":"<p>SACHAJUAN Anti Pollution Conditioner auttaa suojaamaan hiuksia saastumisen negatiivisilta vaikutuksilta ja vaurioilta luomalla hiuksiin suojaavan pinnan, joka minimoi saastumisen tarttumisen riskin. Sis\u00e4lt\u00e4\u00e4 vihre\u00e4n teen uutteen ja hedelm\u00e4happojen (AHA) yhdistelm\u00e4n, joka antaa hiuksille fantastisen kiillon ja puhtaiden ja raikkaiden hiusten tunteen, joka kest\u00e4\u00e4 pitk\u00e4\u00e4n ja mahdollistaa hiusten pesun harvemmin. Mieto, ihana laventelin tuoksu. 250ml<\/p>\n","protected":false},"featured_media":114180,"comment_status":"open","ping_status":"closed","template":"","meta":{"_trash_the_other_posts":false},"product_brand":[],"product_cat":[587],"product_tag":[],"berocket_brand":[1409],"class_list":{"0":"post-114181","1":"product","2":"type-product","3":"status-publish","4":"has-post-thumbnail","6":"product_cat-hoitoaine","7":"pa_brand-sachajuan","8":"berocket_brand-sachajuan","10":"first","11":"instock","12":"sale","13":"taxable","14":"shipping-taxable","15":"purchasable","16":"product-type-simple"},"_links":{"self":[{"href":"https:\/\/stylingagenten.com\/fi\/wp-json\/wp\/v2\/product\/114181","targetHints":{"allow":["GET"]}}],"collection":[{"href":"https:\/\/stylingagenten.com\/fi\/wp-json\/wp\/v2\/product"}],"about":[{"href":"https:\/\/stylingagenten.com\/fi\/wp-json\/wp\/v2\/types\/product"}],"replies":[{"embeddable":true,"href":"https:\/\/stylingagenten.com\/fi\/wp-json\/wp\/v2\/comments?post=114181"}],"version-history":[{"count":0,"href":"https:\/\/stylingagenten.com\/fi\/wp-json\/wp\/v2\/product\/114181\/revisions"}],"wp:featuredmedia":[{"embeddable":true,"href":"https:\/\/stylingagenten.com\/fi\/wp-json\/wp\/v2\/media\/114180"}],"wp:attachment":[{"href":"https:\/\/stylingagenten.com\/fi\/wp-json\/wp\/v2\/media?parent=114181"}],"wp:term":[{"taxonomy":"product_brand","embeddable":true,"href":"https:\/\/stylingagenten.com\/fi\/wp-json\/wp\/v2\/product_brand?post=114181"},{"taxonomy":"product_cat","embeddable":true,"href":"https:\/\/stylingagenten.com\/fi\/wp-json\/wp\/v2\/product_cat?post=114181"},{"taxonomy":"product_tag","embeddable":true,"href":"https:\/\/stylingagenten.com\/fi\/wp-json\/wp\/v2\/product_tag?post=114181"},{"taxonomy":"berocket_brand","embeddable":true,"href":"https:\/\/stylingagenten.com\/fi\/wp-json\/wp\/v2\/berocket_brand?post=114181"}],"curies":[{"name":"wp","href":"https:\/\/api.w.org\/{rel}","templated":true}]}}