{"id":114150,"date":"2025-05-18T21:09:06","date_gmt":"2025-05-18T21:09:06","guid":{"rendered":"https:\/\/staging2.stylingagenten.com\/fi\/produkt\/sachajuan-ocean-mist-volume-conditioner-100ml\/"},"modified":"2026-03-11T21:45:49","modified_gmt":"2026-03-11T21:45:49","slug":"sachajuan-ocean-mist-volume-conditioner-100ml","status":"publish","type":"product","link":"https:\/\/stylingagenten.com\/fi\/tuote\/sachajuan-ocean-mist-volume-conditioner-100ml\/","title":{"rendered":"SACHAJUAN Ocean Mist Volume Conditioner 100ml"},"content":{"rendered":"<p>SACHAJUAN Ocean Mist Volume Conditioner on valtamerisilkkiteknologiaa hy\u00f6dynt\u00e4v\u00e4 hoitoaine ja luonnolliset kasviproteiinit pursuavat, luovat volyymia, rakennetta ja vahvuutta. Se kosteuttaa, suojaa ja tekee hiuksista tuntuvat ja n\u00e4ytt\u00e4v\u00e4t t\u00e4ytel\u00e4isemmilt\u00e4 ilman, ett\u00e4 ne painavat niit\u00e4.<\/p>\n<p>100ml<\/p>\n","protected":false},"excerpt":{"rendered":"<p>SACHAJUAN Ocean Mist Volume Conditioner on valtamerisilkkiteknologiaa hy\u00f6dynt\u00e4v\u00e4 hoitoaine ja luonnolliset kasviproteiinit pursuavat, luovat volyymia, rakennetta ja vahvuutta. Se kosteuttaa, suojaa ja tekee hiuksista tuntuvat ja n\u00e4ytt\u00e4v\u00e4t t\u00e4ytel\u00e4isemmilt\u00e4 ilman, ett\u00e4 ne painavat niit\u00e4. 100ml<\/p>\n","protected":false},"featured_media":114149,"comment_status":"open","ping_status":"closed","template":"","meta":{"_trash_the_other_posts":false},"product_brand":[],"product_cat":[587],"product_tag":[3956],"berocket_brand":[1409],"class_list":{"0":"post-114150","1":"product","2":"type-product","3":"status-publish","4":"has-post-thumbnail","6":"product_cat-hoitoaine","7":"product_tag-sachajuan-ocean-mist-volume-conditioner","8":"pa_brand-sachajuan","9":"pa_variantti-100ml","10":"berocket_brand-sachajuan","12":"first","13":"instock","14":"sale","15":"taxable","16":"shipping-taxable","17":"purchasable","18":"product-type-simple"},"_links":{"self":[{"href":"https:\/\/stylingagenten.com\/fi\/wp-json\/wp\/v2\/product\/114150","targetHints":{"allow":["GET"]}}],"collection":[{"href":"https:\/\/stylingagenten.com\/fi\/wp-json\/wp\/v2\/product"}],"about":[{"href":"https:\/\/stylingagenten.com\/fi\/wp-json\/wp\/v2\/types\/product"}],"replies":[{"embeddable":true,"href":"https:\/\/stylingagenten.com\/fi\/wp-json\/wp\/v2\/comments?post=114150"}],"version-history":[{"count":0,"href":"https:\/\/stylingagenten.com\/fi\/wp-json\/wp\/v2\/product\/114150\/revisions"}],"wp:featuredmedia":[{"embeddable":true,"href":"https:\/\/stylingagenten.com\/fi\/wp-json\/wp\/v2\/media\/114149"}],"wp:attachment":[{"href":"https:\/\/stylingagenten.com\/fi\/wp-json\/wp\/v2\/media?parent=114150"}],"wp:term":[{"taxonomy":"product_brand","embeddable":true,"href":"https:\/\/stylingagenten.com\/fi\/wp-json\/wp\/v2\/product_brand?post=114150"},{"taxonomy":"product_cat","embeddable":true,"href":"https:\/\/stylingagenten.com\/fi\/wp-json\/wp\/v2\/product_cat?post=114150"},{"taxonomy":"product_tag","embeddable":true,"href":"https:\/\/stylingagenten.com\/fi\/wp-json\/wp\/v2\/product_tag?post=114150"},{"taxonomy":"berocket_brand","embeddable":true,"href":"https:\/\/stylingagenten.com\/fi\/wp-json\/wp\/v2\/berocket_brand?post=114150"}],"curies":[{"name":"wp","href":"https:\/\/api.w.org\/{rel}","templated":true}]}}