{"id":114142,"date":"2025-05-18T21:09:03","date_gmt":"2025-05-18T21:09:03","guid":{"rendered":"https:\/\/staging2.stylingagenten.com\/fi\/produkt\/sachajuan-moisturizing-conditioner-100ml\/"},"modified":"2026-03-11T21:50:26","modified_gmt":"2026-03-11T21:50:26","slug":"sachajuan-moisturizing-conditioner-100ml","status":"publish","type":"product","link":"https:\/\/stylingagenten.com\/fi\/tuote\/sachajuan-moisturizing-conditioner-100ml\/","title":{"rendered":"SACHAJUAN Moisturizing Conditioner 100ml"},"content":{"rendered":"<p>SACHAJUAN Moisturizing Conditioner on ylim\u00e4\u00e4r\u00e4inen kosteuttava hoitoaine k\u00e4sitellyille (vaurioituneille) hiuksille ja hiuksille, jotka on vaakattu tai permed. Sis\u00e4lt\u00e4\u00e4 Ocean Silk Technologya ja argan\u00f6ljy\u00e4, joka korjaa, poistaa p\u00f6rr\u00f6isyytt\u00e4 ja auttaa hiuksista tulemaan terveiksi ja kimmoisiksi.<\/p>\n<p>100ml<\/p>\n","protected":false},"excerpt":{"rendered":"<p>SACHAJUAN Moisturizing Conditioner on ylim\u00e4\u00e4r\u00e4inen kosteuttava hoitoaine k\u00e4sitellyille (vaurioituneille) hiuksille ja hiuksille, jotka on vaakattu tai permed. Sis\u00e4lt\u00e4\u00e4 Ocean Silk Technologya ja argan\u00f6ljy\u00e4, joka korjaa, poistaa p\u00f6rr\u00f6isyytt\u00e4 ja auttaa hiuksista tulemaan terveiksi ja kimmoisiksi. 100ml<\/p>\n","protected":false},"featured_media":114141,"comment_status":"open","ping_status":"closed","template":"","meta":{"_trash_the_other_posts":false},"product_brand":[],"product_cat":[587],"product_tag":[3951],"berocket_brand":[1409],"class_list":{"0":"post-114142","1":"product","2":"type-product","3":"status-publish","4":"has-post-thumbnail","6":"product_cat-hoitoaine","7":"product_tag-sachajuan-moisturizing-conditioner","8":"pa_brand-sachajuan","9":"pa_variantti-100ml","10":"berocket_brand-sachajuan","12":"first","13":"instock","14":"sale","15":"taxable","16":"shipping-taxable","17":"purchasable","18":"product-type-simple"},"_links":{"self":[{"href":"https:\/\/stylingagenten.com\/fi\/wp-json\/wp\/v2\/product\/114142","targetHints":{"allow":["GET"]}}],"collection":[{"href":"https:\/\/stylingagenten.com\/fi\/wp-json\/wp\/v2\/product"}],"about":[{"href":"https:\/\/stylingagenten.com\/fi\/wp-json\/wp\/v2\/types\/product"}],"replies":[{"embeddable":true,"href":"https:\/\/stylingagenten.com\/fi\/wp-json\/wp\/v2\/comments?post=114142"}],"version-history":[{"count":0,"href":"https:\/\/stylingagenten.com\/fi\/wp-json\/wp\/v2\/product\/114142\/revisions"}],"wp:featuredmedia":[{"embeddable":true,"href":"https:\/\/stylingagenten.com\/fi\/wp-json\/wp\/v2\/media\/114141"}],"wp:attachment":[{"href":"https:\/\/stylingagenten.com\/fi\/wp-json\/wp\/v2\/media?parent=114142"}],"wp:term":[{"taxonomy":"product_brand","embeddable":true,"href":"https:\/\/stylingagenten.com\/fi\/wp-json\/wp\/v2\/product_brand?post=114142"},{"taxonomy":"product_cat","embeddable":true,"href":"https:\/\/stylingagenten.com\/fi\/wp-json\/wp\/v2\/product_cat?post=114142"},{"taxonomy":"product_tag","embeddable":true,"href":"https:\/\/stylingagenten.com\/fi\/wp-json\/wp\/v2\/product_tag?post=114142"},{"taxonomy":"berocket_brand","embeddable":true,"href":"https:\/\/stylingagenten.com\/fi\/wp-json\/wp\/v2\/berocket_brand?post=114142"}],"curies":[{"name":"wp","href":"https:\/\/api.w.org\/{rel}","templated":true}]}}