{"id":114111,"date":"2025-05-18T21:08:56","date_gmt":"2025-05-18T21:08:56","guid":{"rendered":"https:\/\/staging2.stylingagenten.com\/fi\/produkt\/eleven-australia-keep-my-colour-blonde-conditioner-300ml\/"},"modified":"2026-03-24T20:07:35","modified_gmt":"2026-03-24T20:07:35","slug":"eleven-australia-keep-my-colour-blonde-conditioner-300ml","status":"publish","type":"product","link":"https:\/\/stylingagenten.com\/fi\/tuote\/eleven-australia-keep-my-colour-blonde-conditioner-300ml\/","title":{"rendered":"Eleven Australia Keep My Colour Blonde Conditioner 300ml"},"content":{"rendered":"<p>KEEP MY COLOR BLONDE CONDITIONER on s\u00e4vytt\u00e4v\u00e4 hoitoaine v\u00e4rj\u00e4tyille ja luonnollisen vaaleille hiuksille. Korostaa vaaleita kylmi\u00e4 s\u00e4vyj\u00e4 hiuksissa ja torjuu ei-toivottuja l\u00e4mpimi\u00e4 s\u00e4vyj\u00e4. Sis\u00e4lt\u00e4\u00e4 vihre\u00e4\u00e4 teeuutetta, joka sis\u00e4lt\u00e4\u00e4 runsaasti antioksidantteja ja antaa hiuksille kiiltoa. Sitruunaruohouute, joka on rikas vitamiinien l\u00e4hde, joka auttaa vahvistamaan hiusrakkuloita. Hydrolysoitu kvinoa, joka korjaa, suojaa ja ravitsee hiuksia.<\/p>\n","protected":false},"excerpt":{"rendered":"<p>KEEP MY COLOR BLONDE CONDITIONER on s\u00e4vytt\u00e4v\u00e4 hoitoaine v\u00e4rj\u00e4tyille ja luonnollisen vaaleille hiuksille. Korostaa vaaleita kylmi\u00e4 s\u00e4vyj\u00e4 hiuksissa ja torjuu ei-toivottuja l\u00e4mpimi\u00e4 s\u00e4vyj\u00e4. Sis\u00e4lt\u00e4\u00e4 vihre\u00e4\u00e4 teeuutetta, joka sis\u00e4lt\u00e4\u00e4 runsaasti antioksidantteja ja antaa hiuksille kiiltoa. Sitruunaruohouute, joka on rikas vitamiinien l\u00e4hde, joka auttaa vahvistamaan hiusrakkuloita. Hydrolysoitu kvinoa, joka korjaa, suojaa ja ravitsee hiuksia.<\/p>\n","protected":false},"featured_media":114105,"comment_status":"open","ping_status":"closed","template":"","meta":{"_trash_the_other_posts":false},"product_brand":[],"product_cat":[587],"product_tag":[],"berocket_brand":[1386],"class_list":{"0":"post-114111","1":"product","2":"type-product","3":"status-publish","4":"has-post-thumbnail","6":"product_cat-hoitoaine","7":"pa_brand-eleven-australia","8":"berocket_brand-eleven-australia","10":"first","11":"instock","12":"sale","13":"taxable","14":"shipping-taxable","15":"purchasable","16":"product-type-simple"},"_links":{"self":[{"href":"https:\/\/stylingagenten.com\/fi\/wp-json\/wp\/v2\/product\/114111","targetHints":{"allow":["GET"]}}],"collection":[{"href":"https:\/\/stylingagenten.com\/fi\/wp-json\/wp\/v2\/product"}],"about":[{"href":"https:\/\/stylingagenten.com\/fi\/wp-json\/wp\/v2\/types\/product"}],"replies":[{"embeddable":true,"href":"https:\/\/stylingagenten.com\/fi\/wp-json\/wp\/v2\/comments?post=114111"}],"version-history":[{"count":0,"href":"https:\/\/stylingagenten.com\/fi\/wp-json\/wp\/v2\/product\/114111\/revisions"}],"wp:featuredmedia":[{"embeddable":true,"href":"https:\/\/stylingagenten.com\/fi\/wp-json\/wp\/v2\/media\/114105"}],"wp:attachment":[{"href":"https:\/\/stylingagenten.com\/fi\/wp-json\/wp\/v2\/media?parent=114111"}],"wp:term":[{"taxonomy":"product_brand","embeddable":true,"href":"https:\/\/stylingagenten.com\/fi\/wp-json\/wp\/v2\/product_brand?post=114111"},{"taxonomy":"product_cat","embeddable":true,"href":"https:\/\/stylingagenten.com\/fi\/wp-json\/wp\/v2\/product_cat?post=114111"},{"taxonomy":"product_tag","embeddable":true,"href":"https:\/\/stylingagenten.com\/fi\/wp-json\/wp\/v2\/product_tag?post=114111"},{"taxonomy":"berocket_brand","embeddable":true,"href":"https:\/\/stylingagenten.com\/fi\/wp-json\/wp\/v2\/berocket_brand?post=114111"}],"curies":[{"name":"wp","href":"https:\/\/api.w.org\/{rel}","templated":true}]}}