{"id":114066,"date":"2025-05-18T21:08:44","date_gmt":"2025-05-18T21:08:44","guid":{"rendered":"https:\/\/staging2.stylingagenten.com\/fi\/produkt\/olaplex-no-5p-blonde-enhancer-toning-conditioner-1000ml\/"},"modified":"2026-04-08T15:30:19","modified_gmt":"2026-04-08T15:30:19","slug":"olaplex-no-5p-blonde-enhancer-toning-conditioner-1000ml","status":"publish","type":"product","link":"https:\/\/stylingagenten.com\/fi\/tuote\/olaplex-no-5p-blonde-enhancer-toning-conditioner-1000ml\/","title":{"rendered":"Olaplex No.5P Blonde Enhancer Toning Conditioner 1000ml"},"content":{"rendered":"<p>Matta, kuivat ja keltaiset s\u00e4vyt kuuluvat menneisyyteen. Vaaleiden hiusten tulevaisuus on kirkas ja pehme\u00e4, kiilt\u00e4v\u00e4 ja kosteutettu. No.5P Blonde Enhancer\u2122 Toning Conditioner ei ole vain hopeahoitoaine. Se on ravitseva hoitoaine, joka s\u00e4ilytt\u00e4\u00e4 v\u00e4rin ja neutraloi ei-toivotut keltaiset ja oranssit s\u00e4vyt juurista latvoihin sek\u00e4 pehment\u00e4\u00e4, selvitt\u00e4\u00e4 ja vahvistaa hiuksia. Hiukset saavat kirkkaan ja kiilt\u00e4v\u00e4n s\u00e4vyn jokaisella k\u00e4ytt\u00f6kerralla. OLAPLEX Bond Building Technology\u2122 auttaa pit\u00e4m\u00e4\u00e4n vaaleat ja harmaat hiukset vahvoina ja tervein\u00e4, joitakin herkimmist\u00e4 hiusv\u00e4reist\u00e4 ja usein alttiimpia vaurioille.<\/p>\n<p>K\u00e4ytt\u00f6:<br \/>\n<br \/>No.5P on osa muokattavaa hiustenhoitorutiinia. K\u00e4yt\u00e4 No.4P Toning Shampoo -shampoon j\u00e4lkeen saadaksesi intensiivisemm\u00e4n s\u00e4vyn tai yksin\u00e4\u00e4n saadaksesi hienovaraisemman s\u00e4vyn ja useammin k\u00e4ytett\u00e4ess\u00e4. Levit\u00e4 runsas m\u00e4\u00e4r\u00e4 puhtaisiin, kosteisiin hiuksiin. Anna vaikuttaa 3 minuuttia. Huuhtele huolellisesti. K\u00e4yt\u00e4 viikoittain tai tarpeen mukaan.<\/p>\n<p>1000ml<\/p>\n","protected":false},"excerpt":{"rendered":"<p>Matta, kuivat ja keltaiset s\u00e4vyt kuuluvat menneisyyteen. Vaaleiden hiusten tulevaisuus on kirkas ja pehme\u00e4, kiilt\u00e4v\u00e4 ja kosteutettu. No.5P Blonde Enhancer\u2122 Toning Conditioner ei ole vain hopeahoitoaine. Se on ravitseva hoitoaine, joka s\u00e4ilytt\u00e4\u00e4 v\u00e4rin ja neutraloi ei-toivotut keltaiset ja oranssit s\u00e4vyt juurista latvoihin sek\u00e4 pehment\u00e4\u00e4, selvitt\u00e4\u00e4 ja vahvistaa hiuksia. Hiukset saavat kirkkaan ja kiilt\u00e4v\u00e4n s\u00e4vyn jokaisella [&hellip;]<\/p>\n","protected":false},"featured_media":114062,"comment_status":"open","ping_status":"closed","template":"","meta":{"_trash_the_other_posts":false},"product_brand":[],"product_cat":[587],"product_tag":[3724],"berocket_brand":[1023],"class_list":{"0":"post-114066","1":"product","2":"type-product","3":"status-publish","4":"has-post-thumbnail","6":"product_cat-hoitoaine","7":"product_tag-olaplex-no-5p-blonde-enhancer-toning-conditioner","8":"pa_brand-olaplex","9":"pa_variantti-1000ml","10":"berocket_brand-olaplex","12":"first","13":"instock","14":"sale","15":"taxable","16":"shipping-taxable","17":"purchasable","18":"product-type-simple"},"_links":{"self":[{"href":"https:\/\/stylingagenten.com\/fi\/wp-json\/wp\/v2\/product\/114066","targetHints":{"allow":["GET"]}}],"collection":[{"href":"https:\/\/stylingagenten.com\/fi\/wp-json\/wp\/v2\/product"}],"about":[{"href":"https:\/\/stylingagenten.com\/fi\/wp-json\/wp\/v2\/types\/product"}],"replies":[{"embeddable":true,"href":"https:\/\/stylingagenten.com\/fi\/wp-json\/wp\/v2\/comments?post=114066"}],"version-history":[{"count":0,"href":"https:\/\/stylingagenten.com\/fi\/wp-json\/wp\/v2\/product\/114066\/revisions"}],"wp:featuredmedia":[{"embeddable":true,"href":"https:\/\/stylingagenten.com\/fi\/wp-json\/wp\/v2\/media\/114062"}],"wp:attachment":[{"href":"https:\/\/stylingagenten.com\/fi\/wp-json\/wp\/v2\/media?parent=114066"}],"wp:term":[{"taxonomy":"product_brand","embeddable":true,"href":"https:\/\/stylingagenten.com\/fi\/wp-json\/wp\/v2\/product_brand?post=114066"},{"taxonomy":"product_cat","embeddable":true,"href":"https:\/\/stylingagenten.com\/fi\/wp-json\/wp\/v2\/product_cat?post=114066"},{"taxonomy":"product_tag","embeddable":true,"href":"https:\/\/stylingagenten.com\/fi\/wp-json\/wp\/v2\/product_tag?post=114066"},{"taxonomy":"berocket_brand","embeddable":true,"href":"https:\/\/stylingagenten.com\/fi\/wp-json\/wp\/v2\/berocket_brand?post=114066"}],"curies":[{"name":"wp","href":"https:\/\/api.w.org\/{rel}","templated":true}]}}