{"id":114040,"date":"2025-05-18T21:08:35","date_gmt":"2025-05-18T21:08:35","guid":{"rendered":"https:\/\/staging2.stylingagenten.com\/fi\/produkt\/joico-colorful-anti-fade-conditioner-1000ml\/"},"modified":"2026-03-11T22:00:23","modified_gmt":"2026-03-11T22:00:23","slug":"joico-colorful-anti-fade-conditioner-1000ml","status":"publish","type":"product","link":"https:\/\/stylingagenten.com\/fi\/tuote\/joico-colorful-anti-fade-conditioner-1000ml\/","title":{"rendered":"Joico Colorful Anti-Fade Conditioner 1000ml"},"content":{"rendered":"<p>Joico Colorful Anti-Fade Conditioner, t\u00e4m\u00e4 upeasti kosteuttava p\u00e4ivitt\u00e4inen hoitoaine tarjoaa t\u00e4ydellisen tasapainon v\u00e4rik\u00e4sitellyille hiuksille\u2014t\u00e4ytt\u00e4en hiukset pehmeydell\u00e4 ja kiillolla sek\u00e4 tarjoten samalla turvallisen suojan v\u00e4rin haalistumista vastaan.<\/p>\n<p>Ominaisuudet:<\/p>\n<p>V\u00e4rin elinvoimaisuus kest\u00e4\u00e4 jopa 8 viikkoa<br \/>\n<br \/>V\u00e4lit\u00f6n selvitys ja hoito v\u00e4rik\u00e4sitellyille hiuksille<br \/>\n<br \/>Suojaa hiuksia ja v\u00e4hent\u00e4\u00e4 vaurioita yli 70 %<br \/>\n<br \/>1000ml<\/p>\n","protected":false},"excerpt":{"rendered":"<p>Joico Colorful Anti-Fade Conditioner, t\u00e4m\u00e4 upeasti kosteuttava p\u00e4ivitt\u00e4inen hoitoaine tarjoaa t\u00e4ydellisen tasapainon v\u00e4rik\u00e4sitellyille hiuksille\u2014t\u00e4ytt\u00e4en hiukset pehmeydell\u00e4 ja kiillolla sek\u00e4 tarjoten samalla turvallisen suojan v\u00e4rin haalistumista vastaan. Ominaisuudet: V\u00e4rin elinvoimaisuus kest\u00e4\u00e4 jopa 8 viikkoa V\u00e4lit\u00f6n selvitys ja hoito v\u00e4rik\u00e4sitellyille hiuksille Suojaa hiuksia ja v\u00e4hent\u00e4\u00e4 vaurioita yli 70 % 1000ml<\/p>\n","protected":false},"featured_media":114037,"comment_status":"open","ping_status":"closed","template":"","meta":{"_trash_the_other_posts":false},"product_brand":[],"product_cat":[587],"product_tag":[3061],"berocket_brand":[1372],"class_list":{"0":"post-114040","1":"product","2":"type-product","3":"status-publish","4":"has-post-thumbnail","6":"product_cat-hoitoaine","7":"product_tag-joico-colorful-anti-fade-conditioner","8":"pa_brand-joico","9":"pa_variantti-1000ml","10":"berocket_brand-joico","12":"first","13":"instock","14":"sale","15":"taxable","16":"shipping-taxable","17":"purchasable","18":"product-type-simple"},"_links":{"self":[{"href":"https:\/\/stylingagenten.com\/fi\/wp-json\/wp\/v2\/product\/114040","targetHints":{"allow":["GET"]}}],"collection":[{"href":"https:\/\/stylingagenten.com\/fi\/wp-json\/wp\/v2\/product"}],"about":[{"href":"https:\/\/stylingagenten.com\/fi\/wp-json\/wp\/v2\/types\/product"}],"replies":[{"embeddable":true,"href":"https:\/\/stylingagenten.com\/fi\/wp-json\/wp\/v2\/comments?post=114040"}],"version-history":[{"count":0,"href":"https:\/\/stylingagenten.com\/fi\/wp-json\/wp\/v2\/product\/114040\/revisions"}],"wp:featuredmedia":[{"embeddable":true,"href":"https:\/\/stylingagenten.com\/fi\/wp-json\/wp\/v2\/media\/114037"}],"wp:attachment":[{"href":"https:\/\/stylingagenten.com\/fi\/wp-json\/wp\/v2\/media?parent=114040"}],"wp:term":[{"taxonomy":"product_brand","embeddable":true,"href":"https:\/\/stylingagenten.com\/fi\/wp-json\/wp\/v2\/product_brand?post=114040"},{"taxonomy":"product_cat","embeddable":true,"href":"https:\/\/stylingagenten.com\/fi\/wp-json\/wp\/v2\/product_cat?post=114040"},{"taxonomy":"product_tag","embeddable":true,"href":"https:\/\/stylingagenten.com\/fi\/wp-json\/wp\/v2\/product_tag?post=114040"},{"taxonomy":"berocket_brand","embeddable":true,"href":"https:\/\/stylingagenten.com\/fi\/wp-json\/wp\/v2\/berocket_brand?post=114040"}],"curies":[{"name":"wp","href":"https:\/\/api.w.org\/{rel}","templated":true}]}}