{"id":114018,"date":"2025-05-18T21:08:29","date_gmt":"2025-05-18T21:08:29","guid":{"rendered":"https:\/\/staging2.stylingagenten.com\/fi\/produkt\/balmain-moisturizing-conditioner-50ml\/"},"modified":"2026-03-11T21:44:53","modified_gmt":"2026-03-11T21:44:53","slug":"balmain-moisturizing-conditioner-50ml","status":"publish","type":"product","link":"https:\/\/stylingagenten.com\/fi\/tuote\/balmain-moisturizing-conditioner-50ml\/","title":{"rendered":"Balmain Moisturizing Conditioner 50ml"},"content":{"rendered":"<p>Kosteuttava hoitoaine, joka on rikastettu puhtaalla luomuargan\u00f6ljyll\u00e4. Hoitoaine korjaa, vahvistaa ja s\u00e4ilytt\u00e4\u00e4 v\u00e4rj\u00e4tyt hiukset samalla, kun se suojaa hiuksia l\u00e4mm\u00f6lt\u00e4 ja UV-s\u00e4teilt\u00e4.<br \/>\n<br \/>Korjaa, vahvistaa ja suojaa hiuksia, suojaa hiusv\u00e4ri\u00e4 l\u00e4mm\u00f6lt\u00e4 ja sis\u00e4lt\u00e4\u00e4 UV-suojafiltterin.<\/p>\n<p>50 ml<\/p>\n","protected":false},"excerpt":{"rendered":"<p>Kosteuttava hoitoaine, joka on rikastettu puhtaalla luomuargan\u00f6ljyll\u00e4. Hoitoaine korjaa, vahvistaa ja s\u00e4ilytt\u00e4\u00e4 v\u00e4rj\u00e4tyt hiukset samalla, kun se suojaa hiuksia l\u00e4mm\u00f6lt\u00e4 ja UV-s\u00e4teilt\u00e4. Korjaa, vahvistaa ja suojaa hiuksia, suojaa hiusv\u00e4ri\u00e4 l\u00e4mm\u00f6lt\u00e4 ja sis\u00e4lt\u00e4\u00e4 UV-suojafiltterin. 50 ml<\/p>\n","protected":false},"featured_media":114015,"comment_status":"open","ping_status":"closed","template":"","meta":{"_trash_the_other_posts":false},"product_brand":[],"product_cat":[587],"product_tag":[2459],"berocket_brand":[1144],"class_list":{"0":"post-114018","1":"product","2":"type-product","3":"status-publish","4":"has-post-thumbnail","6":"product_cat-hoitoaine","7":"product_tag-balmain-moisturizing-conditioner","8":"pa_brand-balmain","9":"pa_variantti-50ml","10":"berocket_brand-balmain","12":"first","13":"instock","14":"sale","15":"taxable","16":"shipping-taxable","17":"purchasable","18":"product-type-simple"},"_links":{"self":[{"href":"https:\/\/stylingagenten.com\/fi\/wp-json\/wp\/v2\/product\/114018","targetHints":{"allow":["GET"]}}],"collection":[{"href":"https:\/\/stylingagenten.com\/fi\/wp-json\/wp\/v2\/product"}],"about":[{"href":"https:\/\/stylingagenten.com\/fi\/wp-json\/wp\/v2\/types\/product"}],"replies":[{"embeddable":true,"href":"https:\/\/stylingagenten.com\/fi\/wp-json\/wp\/v2\/comments?post=114018"}],"version-history":[{"count":0,"href":"https:\/\/stylingagenten.com\/fi\/wp-json\/wp\/v2\/product\/114018\/revisions"}],"wp:featuredmedia":[{"embeddable":true,"href":"https:\/\/stylingagenten.com\/fi\/wp-json\/wp\/v2\/media\/114015"}],"wp:attachment":[{"href":"https:\/\/stylingagenten.com\/fi\/wp-json\/wp\/v2\/media?parent=114018"}],"wp:term":[{"taxonomy":"product_brand","embeddable":true,"href":"https:\/\/stylingagenten.com\/fi\/wp-json\/wp\/v2\/product_brand?post=114018"},{"taxonomy":"product_cat","embeddable":true,"href":"https:\/\/stylingagenten.com\/fi\/wp-json\/wp\/v2\/product_cat?post=114018"},{"taxonomy":"product_tag","embeddable":true,"href":"https:\/\/stylingagenten.com\/fi\/wp-json\/wp\/v2\/product_tag?post=114018"},{"taxonomy":"berocket_brand","embeddable":true,"href":"https:\/\/stylingagenten.com\/fi\/wp-json\/wp\/v2\/berocket_brand?post=114018"}],"curies":[{"name":"wp","href":"https:\/\/api.w.org\/{rel}","templated":true}]}}