{"id":114010,"date":"2025-05-18T21:08:25","date_gmt":"2025-05-18T21:08:25","guid":{"rendered":"https:\/\/staging2.stylingagenten.com\/fi\/produkt\/system-professional-color-save-conditioner-200ml\/"},"modified":"2026-03-11T21:57:31","modified_gmt":"2026-03-11T21:57:31","slug":"system-professional-color-save-conditioner-200ml","status":"publish","type":"product","link":"https:\/\/stylingagenten.com\/fi\/tuote\/system-professional-color-save-conditioner-200ml\/","title":{"rendered":"System Professional Color Save Conditioner 200ml"},"content":{"rendered":"<p>System Professional Color Save Hoitoaine on v\u00e4rj\u00e4tyille hiuksille suunniteltu v\u00e4rinkirkastava hoitoaine. T\u00e4m\u00e4 silottava hoitoaine suojaa v\u00e4rin kiiltoa, est\u00e4\u00e4 v\u00e4rin haalistumista ja tekee hiuksista helpommin k\u00e4sitelt\u00e4v\u00e4t. Color Save Hoitoaine sopii kaikille v\u00e4rityypeille ja suojaa UV-s\u00e4teilylt\u00e4.<\/p>\n<p>Color Save -sarja on suunniteltu korjaamaan ja korostamaan v\u00e4rj\u00e4ttyj\u00e4 hiuksia, antamaan niille pitk\u00e4kestoista kiiltoa ja samalla s\u00e4ilytt\u00e4m\u00e4\u00e4n terveen ja s\u00e4teilev\u00e4n loiston.<\/p>\n<p>200ml<\/p>\n","protected":false},"excerpt":{"rendered":"<p>System Professional Color Save Hoitoaine on v\u00e4rj\u00e4tyille hiuksille suunniteltu v\u00e4rinkirkastava hoitoaine. T\u00e4m\u00e4 silottava hoitoaine suojaa v\u00e4rin kiiltoa, est\u00e4\u00e4 v\u00e4rin haalistumista ja tekee hiuksista helpommin k\u00e4sitelt\u00e4v\u00e4t. Color Save Hoitoaine sopii kaikille v\u00e4rityypeille ja suojaa UV-s\u00e4teilylt\u00e4. Color Save -sarja on suunniteltu korjaamaan ja korostamaan v\u00e4rj\u00e4ttyj\u00e4 hiuksia, antamaan niille pitk\u00e4kestoista kiiltoa ja samalla s\u00e4ilytt\u00e4m\u00e4\u00e4n terveen ja s\u00e4teilev\u00e4n loiston. [&hellip;]<\/p>\n","protected":false},"featured_media":114001,"comment_status":"open","ping_status":"closed","template":"","meta":{"_trash_the_other_posts":false},"product_brand":[],"product_cat":[587],"product_tag":[],"berocket_brand":[1995],"class_list":{"0":"post-114010","1":"product","2":"type-product","3":"status-publish","4":"has-post-thumbnail","6":"product_cat-hoitoaine","7":"pa_brand-system-professional","8":"berocket_brand-system-professional","10":"first","11":"instock","12":"sale","13":"taxable","14":"shipping-taxable","15":"purchasable","16":"product-type-simple"},"_links":{"self":[{"href":"https:\/\/stylingagenten.com\/fi\/wp-json\/wp\/v2\/product\/114010","targetHints":{"allow":["GET"]}}],"collection":[{"href":"https:\/\/stylingagenten.com\/fi\/wp-json\/wp\/v2\/product"}],"about":[{"href":"https:\/\/stylingagenten.com\/fi\/wp-json\/wp\/v2\/types\/product"}],"replies":[{"embeddable":true,"href":"https:\/\/stylingagenten.com\/fi\/wp-json\/wp\/v2\/comments?post=114010"}],"version-history":[{"count":0,"href":"https:\/\/stylingagenten.com\/fi\/wp-json\/wp\/v2\/product\/114010\/revisions"}],"wp:featuredmedia":[{"embeddable":true,"href":"https:\/\/stylingagenten.com\/fi\/wp-json\/wp\/v2\/media\/114001"}],"wp:attachment":[{"href":"https:\/\/stylingagenten.com\/fi\/wp-json\/wp\/v2\/media?parent=114010"}],"wp:term":[{"taxonomy":"product_brand","embeddable":true,"href":"https:\/\/stylingagenten.com\/fi\/wp-json\/wp\/v2\/product_brand?post=114010"},{"taxonomy":"product_cat","embeddable":true,"href":"https:\/\/stylingagenten.com\/fi\/wp-json\/wp\/v2\/product_cat?post=114010"},{"taxonomy":"product_tag","embeddable":true,"href":"https:\/\/stylingagenten.com\/fi\/wp-json\/wp\/v2\/product_tag?post=114010"},{"taxonomy":"berocket_brand","embeddable":true,"href":"https:\/\/stylingagenten.com\/fi\/wp-json\/wp\/v2\/berocket_brand?post=114010"}],"curies":[{"name":"wp","href":"https:\/\/api.w.org\/{rel}","templated":true}]}}