{"id":114002,"date":"2025-05-18T21:08:24","date_gmt":"2025-05-18T21:08:24","guid":{"rendered":"https:\/\/staging2.stylingagenten.com\/fi\/produkt\/balmain-volume-conditioner-300ml\/"},"modified":"2026-04-14T09:07:26","modified_gmt":"2026-04-14T09:07:26","slug":"balmain-volume-conditioner-300ml","status":"publish","type":"product","link":"https:\/\/stylingagenten.com\/fi\/tuote\/balmain-volume-conditioner-300ml\/","title":{"rendered":"Balmain Volume Conditioner 300ml"},"content":{"rendered":"<p>Balmain Volume Conditioner on volyymikosteusvoide, joka antaa kevyen, t\u00e4ytel\u00e4isen ja kiilt\u00e4v\u00e4n lopputuloksen ilman, ett\u00e4 hiukset raskastuvat. Helppo selvitt\u00e4\u00e4, t\u00e4m\u00e4 hoitava volyymivoide ei sis\u00e4ll\u00e4 turhia ainesosia.<\/p>\n<p>300 ml<\/p>\n","protected":false},"excerpt":{"rendered":"<p>Balmain Volume Conditioner on volyymikosteusvoide, joka antaa kevyen, t\u00e4ytel\u00e4isen ja kiilt\u00e4v\u00e4n lopputuloksen ilman, ett\u00e4 hiukset raskastuvat. Helppo selvitt\u00e4\u00e4, t\u00e4m\u00e4 hoitava volyymivoide ei sis\u00e4ll\u00e4 turhia ainesosia. 300 ml<\/p>\n","protected":false},"featured_media":113998,"comment_status":"open","ping_status":"closed","template":"","meta":{"_trash_the_other_posts":false},"product_brand":[],"product_cat":[587],"product_tag":[],"berocket_brand":[1144],"class_list":{"0":"post-114002","1":"product","2":"type-product","3":"status-publish","4":"has-post-thumbnail","6":"product_cat-hoitoaine","7":"pa_brand-balmain","8":"berocket_brand-balmain","10":"first","11":"instock","12":"sale","13":"taxable","14":"shipping-taxable","15":"purchasable","16":"product-type-simple"},"_links":{"self":[{"href":"https:\/\/stylingagenten.com\/fi\/wp-json\/wp\/v2\/product\/114002","targetHints":{"allow":["GET"]}}],"collection":[{"href":"https:\/\/stylingagenten.com\/fi\/wp-json\/wp\/v2\/product"}],"about":[{"href":"https:\/\/stylingagenten.com\/fi\/wp-json\/wp\/v2\/types\/product"}],"replies":[{"embeddable":true,"href":"https:\/\/stylingagenten.com\/fi\/wp-json\/wp\/v2\/comments?post=114002"}],"version-history":[{"count":0,"href":"https:\/\/stylingagenten.com\/fi\/wp-json\/wp\/v2\/product\/114002\/revisions"}],"wp:featuredmedia":[{"embeddable":true,"href":"https:\/\/stylingagenten.com\/fi\/wp-json\/wp\/v2\/media\/113998"}],"wp:attachment":[{"href":"https:\/\/stylingagenten.com\/fi\/wp-json\/wp\/v2\/media?parent=114002"}],"wp:term":[{"taxonomy":"product_brand","embeddable":true,"href":"https:\/\/stylingagenten.com\/fi\/wp-json\/wp\/v2\/product_brand?post=114002"},{"taxonomy":"product_cat","embeddable":true,"href":"https:\/\/stylingagenten.com\/fi\/wp-json\/wp\/v2\/product_cat?post=114002"},{"taxonomy":"product_tag","embeddable":true,"href":"https:\/\/stylingagenten.com\/fi\/wp-json\/wp\/v2\/product_tag?post=114002"},{"taxonomy":"berocket_brand","embeddable":true,"href":"https:\/\/stylingagenten.com\/fi\/wp-json\/wp\/v2\/berocket_brand?post=114002"}],"curies":[{"name":"wp","href":"https:\/\/api.w.org\/{rel}","templated":true}]}}