{"id":113935,"date":"2025-05-18T21:08:06","date_gmt":"2025-05-18T21:08:06","guid":{"rendered":"https:\/\/staging2.stylingagenten.com\/fi\/produkt\/system-professional-smoothen-conditioner-200ml\/"},"modified":"2026-03-11T21:57:25","modified_gmt":"2026-03-11T21:57:25","slug":"system-professional-smoothen-conditioner-200ml","status":"publish","type":"product","link":"https:\/\/stylingagenten.com\/fi\/tuote\/system-professional-smoothen-conditioner-200ml\/","title":{"rendered":"System Professional Smoothen Conditioner 200ml"},"content":{"rendered":"<p>System Professional Smoothen Conditioner on selvitt\u00e4v\u00e4 ja pehment\u00e4v\u00e4 hoitoaine hallitsemattomille hiuksille. Se taltuttaa p\u00f6rr\u00f6iset ja kosteusk\u00e4rsineet hiukset, rauhoittaa hiuksen rakennetta ja helpottaa kampaamista. Erityisen hyv\u00e4 kapinoiville, karheille, kiharoille tai hallitsemattomille hiuksille.<\/p>\n<p>Smoothen-sarja antaa aktiivista ravintoa hiuksille, tasapainottaa niiden hydrolipidiprofiilia ja suojaa lis\u00e4kuivumiselta.<\/p>\n<p>200ml<\/p>\n","protected":false},"excerpt":{"rendered":"<p>System Professional Smoothen Conditioner on selvitt\u00e4v\u00e4 ja pehment\u00e4v\u00e4 hoitoaine hallitsemattomille hiuksille. Se taltuttaa p\u00f6rr\u00f6iset ja kosteusk\u00e4rsineet hiukset, rauhoittaa hiuksen rakennetta ja helpottaa kampaamista. Erityisen hyv\u00e4 kapinoiville, karheille, kiharoille tai hallitsemattomille hiuksille. Smoothen-sarja antaa aktiivista ravintoa hiuksille, tasapainottaa niiden hydrolipidiprofiilia ja suojaa lis\u00e4kuivumiselta. 200ml<\/p>\n","protected":false},"featured_media":113925,"comment_status":"open","ping_status":"closed","template":"","meta":{"_trash_the_other_posts":false},"product_brand":[],"product_cat":[587],"product_tag":[],"berocket_brand":[1995],"class_list":{"0":"post-113935","1":"product","2":"type-product","3":"status-publish","4":"has-post-thumbnail","6":"product_cat-hoitoaine","7":"pa_brand-system-professional","8":"berocket_brand-system-professional","10":"first","11":"instock","12":"sale","13":"taxable","14":"shipping-taxable","15":"purchasable","16":"product-type-simple"},"_links":{"self":[{"href":"https:\/\/stylingagenten.com\/fi\/wp-json\/wp\/v2\/product\/113935","targetHints":{"allow":["GET"]}}],"collection":[{"href":"https:\/\/stylingagenten.com\/fi\/wp-json\/wp\/v2\/product"}],"about":[{"href":"https:\/\/stylingagenten.com\/fi\/wp-json\/wp\/v2\/types\/product"}],"replies":[{"embeddable":true,"href":"https:\/\/stylingagenten.com\/fi\/wp-json\/wp\/v2\/comments?post=113935"}],"version-history":[{"count":0,"href":"https:\/\/stylingagenten.com\/fi\/wp-json\/wp\/v2\/product\/113935\/revisions"}],"wp:featuredmedia":[{"embeddable":true,"href":"https:\/\/stylingagenten.com\/fi\/wp-json\/wp\/v2\/media\/113925"}],"wp:attachment":[{"href":"https:\/\/stylingagenten.com\/fi\/wp-json\/wp\/v2\/media?parent=113935"}],"wp:term":[{"taxonomy":"product_brand","embeddable":true,"href":"https:\/\/stylingagenten.com\/fi\/wp-json\/wp\/v2\/product_brand?post=113935"},{"taxonomy":"product_cat","embeddable":true,"href":"https:\/\/stylingagenten.com\/fi\/wp-json\/wp\/v2\/product_cat?post=113935"},{"taxonomy":"product_tag","embeddable":true,"href":"https:\/\/stylingagenten.com\/fi\/wp-json\/wp\/v2\/product_tag?post=113935"},{"taxonomy":"berocket_brand","embeddable":true,"href":"https:\/\/stylingagenten.com\/fi\/wp-json\/wp\/v2\/berocket_brand?post=113935"}],"curies":[{"name":"wp","href":"https:\/\/api.w.org\/{rel}","templated":true}]}}