{"id":113886,"date":"2025-05-18T21:07:49","date_gmt":"2025-05-18T21:07:49","guid":{"rendered":"https:\/\/staging2.stylingagenten.com\/fi\/produkt\/wella-professionals-fusion-intense-repair-conditioner-200ml\/"},"modified":"2026-04-04T13:18:43","modified_gmt":"2026-04-04T13:18:43","slug":"wella-professionals-fusion-intense-repair-conditioner-200ml","status":"publish","type":"product","link":"https:\/\/stylingagenten.com\/fi\/tuote\/wella-professionals-fusion-intense-repair-conditioner-200ml\/","title":{"rendered":"Wella Professionals Fusion Intense Repair Conditioner 200ml"},"content":{"rendered":"<p>Wella Professionals Fusion Intense Repair Conditioner on ammattimainen hoitoaine, joka on erityisesti suunniteltu vaurioituneille hiuksille. Wella Fusion Conditioner sis\u00e4lt\u00e4\u00e4 silkeeniaminohappoja, jotka suojaavat hiuksia mekaanisilta vaurioilta ja tekev\u00e4t niist\u00e4 kest\u00e4v\u00e4mpi\u00e4. Hoitoaine on my\u00f6s t\u00e4ydellinen vaalennetuille hiuksille tai kemiallisesti k\u00e4sitellyille hiuksille. Rutiinisi vaurioituneiden hiusten v\u00e4litt\u00f6m\u00e4\u00e4n korjaukseen.<\/p>\n<p>200ml<\/p>\n","protected":false},"excerpt":{"rendered":"<p>Wella Professionals Fusion Intense Repair Conditioner on ammattimainen hoitoaine, joka on erityisesti suunniteltu vaurioituneille hiuksille. Wella Fusion Conditioner sis\u00e4lt\u00e4\u00e4 silkeeniaminohappoja, jotka suojaavat hiuksia mekaanisilta vaurioilta ja tekev\u00e4t niist\u00e4 kest\u00e4v\u00e4mpi\u00e4. Hoitoaine on my\u00f6s t\u00e4ydellinen vaalennetuille hiuksille tai kemiallisesti k\u00e4sitellyille hiuksille. Rutiinisi vaurioituneiden hiusten v\u00e4litt\u00f6m\u00e4\u00e4n korjaukseen. 200ml<\/p>\n","protected":false},"featured_media":113873,"comment_status":"open","ping_status":"closed","template":"","meta":{"_trash_the_other_posts":false},"product_brand":[],"product_cat":[587],"product_tag":[],"berocket_brand":[1030],"class_list":{"0":"post-113886","1":"product","2":"type-product","3":"status-publish","4":"has-post-thumbnail","6":"product_cat-hoitoaine","7":"pa_brand-wella","8":"berocket_brand-wella","10":"first","11":"instock","12":"sale","13":"taxable","14":"shipping-taxable","15":"purchasable","16":"product-type-simple"},"_links":{"self":[{"href":"https:\/\/stylingagenten.com\/fi\/wp-json\/wp\/v2\/product\/113886","targetHints":{"allow":["GET"]}}],"collection":[{"href":"https:\/\/stylingagenten.com\/fi\/wp-json\/wp\/v2\/product"}],"about":[{"href":"https:\/\/stylingagenten.com\/fi\/wp-json\/wp\/v2\/types\/product"}],"replies":[{"embeddable":true,"href":"https:\/\/stylingagenten.com\/fi\/wp-json\/wp\/v2\/comments?post=113886"}],"version-history":[{"count":0,"href":"https:\/\/stylingagenten.com\/fi\/wp-json\/wp\/v2\/product\/113886\/revisions"}],"wp:featuredmedia":[{"embeddable":true,"href":"https:\/\/stylingagenten.com\/fi\/wp-json\/wp\/v2\/media\/113873"}],"wp:attachment":[{"href":"https:\/\/stylingagenten.com\/fi\/wp-json\/wp\/v2\/media?parent=113886"}],"wp:term":[{"taxonomy":"product_brand","embeddable":true,"href":"https:\/\/stylingagenten.com\/fi\/wp-json\/wp\/v2\/product_brand?post=113886"},{"taxonomy":"product_cat","embeddable":true,"href":"https:\/\/stylingagenten.com\/fi\/wp-json\/wp\/v2\/product_cat?post=113886"},{"taxonomy":"product_tag","embeddable":true,"href":"https:\/\/stylingagenten.com\/fi\/wp-json\/wp\/v2\/product_tag?post=113886"},{"taxonomy":"berocket_brand","embeddable":true,"href":"https:\/\/stylingagenten.com\/fi\/wp-json\/wp\/v2\/berocket_brand?post=113886"}],"curies":[{"name":"wp","href":"https:\/\/api.w.org\/{rel}","templated":true}]}}