{"id":113872,"date":"2025-05-18T21:07:44","date_gmt":"2025-05-18T21:07:44","guid":{"rendered":"https:\/\/staging2.stylingagenten.com\/fi\/produkt\/voluspa-french-linen-hand-wash-450ml\/"},"modified":"2026-03-20T20:27:26","modified_gmt":"2026-03-20T20:27:26","slug":"voluspa-french-linen-hand-wash-450ml","status":"publish","type":"product","link":"https:\/\/stylingagenten.com\/fi\/tuote\/voluspa-french-linen-hand-wash-450ml\/","title":{"rendered":"Voluspa French Linen Hand Wash 450ml"},"content":{"rendered":"<p>K\u00e4sisaippua, jossa raikas tuoksuyhdistelm\u00e4 puuvillakukkaa, meripihkaa, aurinkokuivattua vaniljatankoa, sitrushedelmien kuorta ja valkoista setri\u00e4.<\/p>\n","protected":false},"excerpt":{"rendered":"<p>K\u00e4sisaippua, jossa raikas tuoksuyhdistelm\u00e4 puuvillakukkaa, meripihkaa, aurinkokuivattua vaniljatankoa, sitrushedelmien kuorta ja valkoista setri\u00e4.<\/p>\n","protected":false},"featured_media":113865,"comment_status":"open","ping_status":"closed","template":"","meta":{"_trash_the_other_posts":false},"product_brand":[],"product_cat":[657],"product_tag":[],"berocket_brand":[1208],"class_list":{"0":"post-113872","1":"product","2":"type-product","3":"status-publish","4":"has-post-thumbnail","6":"product_cat-kylpytuotteet","7":"pa_brand-voluspa","8":"berocket_brand-voluspa","10":"first","11":"instock","12":"sale","13":"taxable","14":"shipping-taxable","15":"purchasable","16":"product-type-simple"},"_links":{"self":[{"href":"https:\/\/stylingagenten.com\/fi\/wp-json\/wp\/v2\/product\/113872","targetHints":{"allow":["GET"]}}],"collection":[{"href":"https:\/\/stylingagenten.com\/fi\/wp-json\/wp\/v2\/product"}],"about":[{"href":"https:\/\/stylingagenten.com\/fi\/wp-json\/wp\/v2\/types\/product"}],"replies":[{"embeddable":true,"href":"https:\/\/stylingagenten.com\/fi\/wp-json\/wp\/v2\/comments?post=113872"}],"version-history":[{"count":0,"href":"https:\/\/stylingagenten.com\/fi\/wp-json\/wp\/v2\/product\/113872\/revisions"}],"wp:featuredmedia":[{"embeddable":true,"href":"https:\/\/stylingagenten.com\/fi\/wp-json\/wp\/v2\/media\/113865"}],"wp:attachment":[{"href":"https:\/\/stylingagenten.com\/fi\/wp-json\/wp\/v2\/media?parent=113872"}],"wp:term":[{"taxonomy":"product_brand","embeddable":true,"href":"https:\/\/stylingagenten.com\/fi\/wp-json\/wp\/v2\/product_brand?post=113872"},{"taxonomy":"product_cat","embeddable":true,"href":"https:\/\/stylingagenten.com\/fi\/wp-json\/wp\/v2\/product_cat?post=113872"},{"taxonomy":"product_tag","embeddable":true,"href":"https:\/\/stylingagenten.com\/fi\/wp-json\/wp\/v2\/product_tag?post=113872"},{"taxonomy":"berocket_brand","embeddable":true,"href":"https:\/\/stylingagenten.com\/fi\/wp-json\/wp\/v2\/berocket_brand?post=113872"}],"curies":[{"name":"wp","href":"https:\/\/api.w.org\/{rel}","templated":true}]}}