{"id":113795,"date":"2025-05-18T21:07:02","date_gmt":"2025-05-18T21:07:02","guid":{"rendered":"https:\/\/staging2.stylingagenten.com\/fi\/produkt\/purito-wonder-releaf-centella-toner-unscented-200ml\/"},"modified":"2025-11-19T12:43:30","modified_gmt":"2025-11-19T12:43:30","slug":"purito-wonder-releaf-centella-toner-unscented-200ml","status":"publish","type":"product","link":"https:\/\/stylingagenten.com\/fi\/tuote\/purito-wonder-releaf-centella-toner-unscented-200ml\/","title":{"rendered":"Purito Wonder Releaf Centella Toner Unscented 200ml"},"content":{"rendered":"<p>Purito Wonder Releaf Centella Toner Unscented \u2013 t\u00e4ydellinen ratkaisu herk\u00e4lle ja \u00e4rtyneelle iholle, joka tarvitsee kosteutta ja rauhoittavia ainesosia. T\u00e4m\u00e4 mieto ja hell\u00e4varainen kasvovesi on suunniteltu antamaan ihollesi tarvittavan ylim\u00e4\u00e4r\u00e4isen hoidon riippumatta siit\u00e4, mit\u00e4 ihonhoitorutiinia noudatat. K\u00e4yt\u00e4 sit\u00e4 kuorinnan aikana, A-vitamiinivalmisteiden kanssa tai yksinkertaisesti lis\u00e4kosteuden antamiseksi.<\/p>\n<p>Purito Wonder Releaf Centella Toner Unscented tarjoaa ylim\u00e4\u00e4r\u00e4isen kosteutuksen, joka parantaa ihon kyky\u00e4 ime\u00e4 seuraavia tuotteita, tehden ihonhoitorutiinistasi viel\u00e4kin tehokkaamman. Alkoholiton, hajusteeton ja ilman eteerisi\u00e4 \u00f6ljyj\u00e4.<\/p>\n<p>T\u00e4ydellinen aktiivisille aknepurkauksille, rasvaiselle ja \u00e4rtyneelle iholle.<\/p>\n<p>200 ml<\/p>\n","protected":false},"excerpt":{"rendered":"<p>Purito Wonder Releaf Centella Toner Unscented \u2013 t\u00e4ydellinen ratkaisu herk\u00e4lle ja \u00e4rtyneelle iholle, joka tarvitsee kosteutta ja rauhoittavia ainesosia. T\u00e4m\u00e4 mieto ja hell\u00e4varainen kasvovesi on suunniteltu antamaan ihollesi tarvittavan ylim\u00e4\u00e4r\u00e4isen hoidon riippumatta siit\u00e4, mit\u00e4 ihonhoitorutiinia noudatat. K\u00e4yt\u00e4 sit\u00e4 kuorinnan aikana, A-vitamiinivalmisteiden kanssa tai yksinkertaisesti lis\u00e4kosteuden antamiseksi. Purito Wonder Releaf Centella Toner Unscented tarjoaa ylim\u00e4\u00e4r\u00e4isen kosteutuksen, [&hellip;]<\/p>\n","protected":false},"featured_media":113788,"comment_status":"open","ping_status":"closed","template":"","meta":{"_trash_the_other_posts":false},"product_brand":[],"product_cat":[1001,571],"product_tag":[],"berocket_brand":[1412],"class_list":{"0":"post-113795","1":"product","2":"type-product","3":"status-publish","4":"has-post-thumbnail","6":"product_cat-k-beauty","7":"product_cat-kasvovesi","8":"pa_brand-purito","9":"berocket_brand-purito","11":"first","12":"instock","13":"sale","14":"taxable","15":"shipping-taxable","16":"purchasable","17":"product-type-simple"},"_links":{"self":[{"href":"https:\/\/stylingagenten.com\/fi\/wp-json\/wp\/v2\/product\/113795","targetHints":{"allow":["GET"]}}],"collection":[{"href":"https:\/\/stylingagenten.com\/fi\/wp-json\/wp\/v2\/product"}],"about":[{"href":"https:\/\/stylingagenten.com\/fi\/wp-json\/wp\/v2\/types\/product"}],"replies":[{"embeddable":true,"href":"https:\/\/stylingagenten.com\/fi\/wp-json\/wp\/v2\/comments?post=113795"}],"version-history":[{"count":0,"href":"https:\/\/stylingagenten.com\/fi\/wp-json\/wp\/v2\/product\/113795\/revisions"}],"wp:featuredmedia":[{"embeddable":true,"href":"https:\/\/stylingagenten.com\/fi\/wp-json\/wp\/v2\/media\/113788"}],"wp:attachment":[{"href":"https:\/\/stylingagenten.com\/fi\/wp-json\/wp\/v2\/media?parent=113795"}],"wp:term":[{"taxonomy":"product_brand","embeddable":true,"href":"https:\/\/stylingagenten.com\/fi\/wp-json\/wp\/v2\/product_brand?post=113795"},{"taxonomy":"product_cat","embeddable":true,"href":"https:\/\/stylingagenten.com\/fi\/wp-json\/wp\/v2\/product_cat?post=113795"},{"taxonomy":"product_tag","embeddable":true,"href":"https:\/\/stylingagenten.com\/fi\/wp-json\/wp\/v2\/product_tag?post=113795"},{"taxonomy":"berocket_brand","embeddable":true,"href":"https:\/\/stylingagenten.com\/fi\/wp-json\/wp\/v2\/berocket_brand?post=113795"}],"curies":[{"name":"wp","href":"https:\/\/api.w.org\/{rel}","templated":true}]}}