{"id":113779,"date":"2025-05-18T21:06:56","date_gmt":"2025-05-18T21:06:56","guid":{"rendered":"https:\/\/staging2.stylingagenten.com\/fi\/produkt\/nuxe-aquabella-beauty-revealing-essence-lotion-200ml\/"},"modified":"2026-04-12T18:58:29","modified_gmt":"2026-04-12T18:58:29","slug":"nuxe-aquabella-beauty-revealing-essence-lotion-200ml","status":"publish","type":"product","link":"https:\/\/stylingagenten.com\/fi\/tuote\/nuxe-aquabella-beauty-revealing-essence-lotion-200ml\/","title":{"rendered":"Nuxe Aquabella Beauty Revealing Essence Lotion 200ml"},"content":{"rendered":"<p>Nuxe Aquabella Beauty-Revealing Essence-Lotion on eksklusiivinen kasvovesi, joka on erityisesti kehitetty sinulle, jolla on sekaiho. T\u00e4m\u00e4 kasvovesi tekee enemm\u00e4n kuin vain virkist\u00e4\u00e4 ihoa \u2013 se parantaa ihon rakennetta ja tiukentaa huokosia, mik\u00e4 johtaa tasaisempaan ja s\u00e4teilev\u00e4mp\u00e4\u00e4n ulkon\u00e4k\u00f6\u00f6n.<\/p>\n<p>Aquabella kasvovesi antaa tasapainoisen, s\u00e4teilev\u00e4n hehkun, joka kest\u00e4\u00e4 koko p\u00e4iv\u00e4n. Olipa sinulla ongelmana rasvaiset tai kuivat alueet, t\u00e4m\u00e4 lotion tekee ihostasi tasaisen ja terveen n\u00e4k\u00f6isen.<\/p>\n<p>200ml<\/p>\n","protected":false},"excerpt":{"rendered":"<p>Nuxe Aquabella Beauty-Revealing Essence-Lotion on eksklusiivinen kasvovesi, joka on erityisesti kehitetty sinulle, jolla on sekaiho. T\u00e4m\u00e4 kasvovesi tekee enemm\u00e4n kuin vain virkist\u00e4\u00e4 ihoa \u2013 se parantaa ihon rakennetta ja tiukentaa huokosia, mik\u00e4 johtaa tasaisempaan ja s\u00e4teilev\u00e4mp\u00e4\u00e4n ulkon\u00e4k\u00f6\u00f6n. Aquabella kasvovesi antaa tasapainoisen, s\u00e4teilev\u00e4n hehkun, joka kest\u00e4\u00e4 koko p\u00e4iv\u00e4n. Olipa sinulla ongelmana rasvaiset tai kuivat alueet, t\u00e4m\u00e4 [&hellip;]<\/p>\n","protected":false},"featured_media":113776,"comment_status":"open","ping_status":"closed","template":"","meta":{"_trash_the_other_posts":false},"product_brand":[],"product_cat":[571],"product_tag":[],"berocket_brand":[1024],"class_list":{"0":"post-113779","1":"product","2":"type-product","3":"status-publish","4":"has-post-thumbnail","6":"product_cat-kasvovesi","7":"pa_brand-nuxe","8":"berocket_brand-nuxe","10":"first","11":"instock","12":"sale","13":"taxable","14":"shipping-taxable","15":"purchasable","16":"product-type-simple"},"_links":{"self":[{"href":"https:\/\/stylingagenten.com\/fi\/wp-json\/wp\/v2\/product\/113779","targetHints":{"allow":["GET"]}}],"collection":[{"href":"https:\/\/stylingagenten.com\/fi\/wp-json\/wp\/v2\/product"}],"about":[{"href":"https:\/\/stylingagenten.com\/fi\/wp-json\/wp\/v2\/types\/product"}],"replies":[{"embeddable":true,"href":"https:\/\/stylingagenten.com\/fi\/wp-json\/wp\/v2\/comments?post=113779"}],"version-history":[{"count":0,"href":"https:\/\/stylingagenten.com\/fi\/wp-json\/wp\/v2\/product\/113779\/revisions"}],"wp:featuredmedia":[{"embeddable":true,"href":"https:\/\/stylingagenten.com\/fi\/wp-json\/wp\/v2\/media\/113776"}],"wp:attachment":[{"href":"https:\/\/stylingagenten.com\/fi\/wp-json\/wp\/v2\/media?parent=113779"}],"wp:term":[{"taxonomy":"product_brand","embeddable":true,"href":"https:\/\/stylingagenten.com\/fi\/wp-json\/wp\/v2\/product_brand?post=113779"},{"taxonomy":"product_cat","embeddable":true,"href":"https:\/\/stylingagenten.com\/fi\/wp-json\/wp\/v2\/product_cat?post=113779"},{"taxonomy":"product_tag","embeddable":true,"href":"https:\/\/stylingagenten.com\/fi\/wp-json\/wp\/v2\/product_tag?post=113779"},{"taxonomy":"berocket_brand","embeddable":true,"href":"https:\/\/stylingagenten.com\/fi\/wp-json\/wp\/v2\/berocket_brand?post=113779"}],"curies":[{"name":"wp","href":"https:\/\/api.w.org\/{rel}","templated":true}]}}