{"id":113753,"date":"2025-05-18T21:06:42","date_gmt":"2025-05-18T21:06:42","guid":{"rendered":"https:\/\/staging2.stylingagenten.com\/fi\/produkt\/dermalogica-multi-active-toner-250ml\/"},"modified":"2026-04-08T15:30:03","modified_gmt":"2026-04-08T15:30:03","slug":"dermalogica-multi-active-toner-250ml","status":"publish","type":"product","link":"https:\/\/stylingagenten.com\/fi\/tuote\/dermalogica-multi-active-toner-250ml\/","title":{"rendered":"Dermalogica Multi-Active Toner 250ml"},"content":{"rendered":"<p>Dermalogica Multi-Active Toner on pelastus silloin, kun ihosi tuntuu kuivalta rusinalta! Kosteuttavan aloe veran ja rauhoittavan laventelin sekoitus tuntuu eritt\u00e4in raikkaalta.<\/p>\n<p>Laventeli: Rauhoittava ja puhdistava.<br \/>\n<br \/>Sitruunamelissa ja aloe vera: Viilent\u00e4v\u00e4 ja kosteutta sitova.<br \/>\n<br \/>Arnikin ja kurkun uutteet: Raikastavat ja hoitavat ihoa.<br \/>\n<br \/>150 ml<\/p>\n","protected":false},"excerpt":{"rendered":"<p>Dermalogica Multi-Active Toner on pelastus silloin, kun ihosi tuntuu kuivalta rusinalta! Kosteuttavan aloe veran ja rauhoittavan laventelin sekoitus tuntuu eritt\u00e4in raikkaalta. Laventeli: Rauhoittava ja puhdistava. Sitruunamelissa ja aloe vera: Viilent\u00e4v\u00e4 ja kosteutta sitova. Arnikin ja kurkun uutteet: Raikastavat ja hoitavat ihoa. 150 ml<\/p>\n","protected":false},"featured_media":113747,"comment_status":"open","ping_status":"closed","template":"","meta":{"_trash_the_other_posts":false},"product_brand":[],"product_cat":[571],"product_tag":[],"berocket_brand":[1420],"class_list":{"0":"post-113753","1":"product","2":"type-product","3":"status-publish","4":"has-post-thumbnail","6":"product_cat-kasvovesi","7":"pa_brand-dermalogica","8":"berocket_brand-dermalogica","10":"first","11":"instock","12":"sale","13":"taxable","14":"shipping-taxable","15":"purchasable","16":"product-type-simple"},"_links":{"self":[{"href":"https:\/\/stylingagenten.com\/fi\/wp-json\/wp\/v2\/product\/113753","targetHints":{"allow":["GET"]}}],"collection":[{"href":"https:\/\/stylingagenten.com\/fi\/wp-json\/wp\/v2\/product"}],"about":[{"href":"https:\/\/stylingagenten.com\/fi\/wp-json\/wp\/v2\/types\/product"}],"replies":[{"embeddable":true,"href":"https:\/\/stylingagenten.com\/fi\/wp-json\/wp\/v2\/comments?post=113753"}],"version-history":[{"count":0,"href":"https:\/\/stylingagenten.com\/fi\/wp-json\/wp\/v2\/product\/113753\/revisions"}],"wp:featuredmedia":[{"embeddable":true,"href":"https:\/\/stylingagenten.com\/fi\/wp-json\/wp\/v2\/media\/113747"}],"wp:attachment":[{"href":"https:\/\/stylingagenten.com\/fi\/wp-json\/wp\/v2\/media?parent=113753"}],"wp:term":[{"taxonomy":"product_brand","embeddable":true,"href":"https:\/\/stylingagenten.com\/fi\/wp-json\/wp\/v2\/product_brand?post=113753"},{"taxonomy":"product_cat","embeddable":true,"href":"https:\/\/stylingagenten.com\/fi\/wp-json\/wp\/v2\/product_cat?post=113753"},{"taxonomy":"product_tag","embeddable":true,"href":"https:\/\/stylingagenten.com\/fi\/wp-json\/wp\/v2\/product_tag?post=113753"},{"taxonomy":"berocket_brand","embeddable":true,"href":"https:\/\/stylingagenten.com\/fi\/wp-json\/wp\/v2\/berocket_brand?post=113753"}],"curies":[{"name":"wp","href":"https:\/\/api.w.org\/{rel}","templated":true}]}}